{"id":2336,"date":"2017-06-07T13:40:32","date_gmt":"2017-06-07T11:40:32","guid":{"rendered":"https:\/\/blueskyadventures.cz\/?page_id=2336"},"modified":"2019-11-18T08:36:24","modified_gmt":"2019-11-18T07:36:24","slug":"gift-certificates","status":"publish","type":"page","link":"https:\/\/blueskyadventures.cz\/en\/gift-certificates\/","title":{"rendered":"Gift certificates"},"content":{"rendered":"\n\t\t\t<h1>GIFT CERTIFICATE <\/h1>\n\t\t\t\t<h3>Donating gives you a high! And with Blue Sky it&#8217;s a literal high!<\/h3>\n<p>Treat your loved ones and give a sightseeing flight as a gift.\u00a0Sightseeing flight is a worthy gift that is suitable for any occasion &#8211; anniversary, birthday, name-day, graduation, wedding, a celebration with a colleague at work or a gift for joy.<\/p>\n<p>In summer, in winter, our country is beautiful in every season from above.\u00a0Sightseeing flight is an amazing experience that will allow you to take a look at the world and its problems with ease. Raise your soul, and at least for a while and let you get rid of your everyday worries.<\/p>\n<blockquote>\n<p><em>Gifts,\u00a0believe me, captivate both\u00a0men\u00a0and\u00a0Gods &#8230; \u00a0Ovid<\/em><\/p>\n<\/blockquote>\n<p>\u00a0<\/p>\n\t\t\t<a href=\"https:\/\/blueskyadventures.cz\/en\/flights\/\" target=\"_blank\" rel=\"noopener noreferrer\" role=\"button\">\n\t\t\t\t\t\t\tGIFT\n\t\t<\/a>\n\t\t<h3>Gift certificates<\/h3>\t\t\t\n\t\tA gift certificate can be ordered for each flight from our offer\t\t\t\n\t\tWe send you a gift certificate to your email address immediately after paying your order\t\t\t\n\t\tOn-line order and payment\t\t\t\n\t\tYou can personify the gift certificate\t\t\t\n\t\tThe gift certificate is valid for 12 months\t\t\t\n\t\t\t\t<img loading=\"lazy\" decoding=\"async\" src=\"https:\/\/blueskyadventures.cz\/assets\/uploads\/sites\/536\/\/2019\/11\/darkove-baleni.png\" alt=\"Darkove baleni\" height=\"1356\" width=\"2048\" title=\"Darkove baleni\" \/>\n\t\tIf you wish, we will send you a voucher by mail in a beautiful gift package (only within Czech Republic)\t\t\t\n\t\t<h3>Aviation gifts<\/h3>\t\t\t\n\t<p>Beautiful aviation gifts can be ordered together with your gift certificate. We will send you an aviation gift by mail (only within Czech Republic) or we can deliver it to you directly just before the flight adventure. <\/p>\n<p>The aviation gifts are made of quality materials and designed to delight fans and flying lovers.<\/p>\n\t\t\t<a href=\"https:\/\/blueskyadventures.cz\/letecke-darky\/\" target=\"_blank\" role=\"button\" rel=\"noopener noreferrer\">\n\t\t\t\t\t\t\tSEE GIFTS\n\t\t\t\t\t<\/a>\n","protected":false},"excerpt":{"rendered":"<p>GIFT CERTIFICATE Donating gives you a high! And with Blue Sky it&#8217;s a literal high! Treat your loved ones and give a sightseeing flight as a gift.\u00a0Sightseeing flight is a worthy gift that is suitable for any occasion &#8211; anniversary, birthday, name-day, graduation, wedding, a celebration with a colleague at work or a gift for&hellip;<\/p>\n","protected":false},"author":1,"featured_media":0,"parent":0,"menu_order":0,"comment_status":"closed","ping_status":"closed","template":"","meta":{"footnotes":""},"class_list":["post-2336","page","type-page","status-publish","hentry"],"yoast_head":"<title>Gift certificates - BlueSkyAdventures<\/title>\n<meta name=\"robots\" content=\"index, follow, max-snippet:-1, max-image-preview:large, max-video-preview:-1\" \/>\n<link rel=\"canonical\" href=\"http:\/\/blueskyadventures.cz\/en\/gift-certificates\/\" \/>\n<meta property=\"og:locale\" content=\"en_US\" \/>\n<meta property=\"og:type\" content=\"article\" \/>\n<meta property=\"og:title\" content=\"Gift certificates - BlueSkyAdventures\" \/>\n<meta property=\"og:description\" content=\"GIFT CERTIFICATE Donating gives you a high! And with Blue Sky it&#8217;s a literal high! Treat your loved ones and give a sightseeing flight as a gift.\u00a0Sightseeing flight is a worthy gift that is suitable for any occasion &#8211; anniversary, birthday, name-day, graduation, wedding, a celebration with a colleague at work or a gift for&hellip;\" \/>\n<meta property=\"og:url\" content=\"http:\/\/blueskyadventures.cz\/en\/gift-certificates\/\" \/>\n<meta property=\"og:site_name\" content=\"BlueSkyAdventures\" \/>\n<meta property=\"article:modified_time\" content=\"2019-11-18T07:36:24+00:00\" \/>\n<meta property=\"og:image\" content=\"https:\/\/blueskyadventures.cz\/assets\/uploads\/sites\/536\/\/2019\/11\/darkove-baleni.png\" \/>\n<meta name=\"twitter:card\" content=\"summary_large_image\" \/>\n<meta name=\"twitter:label1\" content=\"Est. reading time\" \/>\n\t<meta name=\"twitter:data1\" content=\"1 minute\" \/>\n<script type=\"application\/ld+json\" class=\"yoast-schema-graph\">{\"@context\":\"https:\/\/schema.org\",\"@graph\":[{\"@type\":\"WebPage\",\"@id\":\"http:\/\/blueskyadventures.cz\/en\/gift-certificates\/\",\"url\":\"http:\/\/blueskyadventures.cz\/en\/gift-certificates\/\",\"name\":\"Gift certificates - BlueSkyAdventures\",\"isPartOf\":{\"@id\":\"https:\/\/blueskyadventures.cz\/ru\/#website\"},\"datePublished\":\"2017-06-07T11:40:32+00:00\",\"dateModified\":\"2019-11-18T07:36:24+00:00\",\"breadcrumb\":{\"@id\":\"http:\/\/blueskyadventures.cz\/en\/gift-certificates\/#breadcrumb\"},\"inLanguage\":\"en-US\",\"potentialAction\":[{\"@type\":\"ReadAction\",\"target\":[\"http:\/\/blueskyadventures.cz\/en\/gift-certificates\/\"]}]},{\"@type\":\"BreadcrumbList\",\"@id\":\"http:\/\/blueskyadventures.cz\/en\/gift-certificates\/#breadcrumb\",\"itemListElement\":[{\"@type\":\"ListItem\",\"position\":1,\"name\":\"\u0413\u043b\u0430\u0432\u043d\u0430\u044f \u0441\u0442\u0440\u0430\u043d\u0438\u0446\u0430\",\"item\":\"https:\/\/blueskyadventures.cz\/en\/\"},{\"@type\":\"ListItem\",\"position\":2,\"name\":\"Gift certificates\"}]},{\"@type\":\"WebSite\",\"@id\":\"https:\/\/blueskyadventures.cz\/ru\/#website\",\"url\":\"https:\/\/blueskyadventures.cz\/ru\/\",\"name\":\"BlueSkyAdventures\",\"description\":\"Nejkr\u00e1sn\u011bj\u0161\u00ed vyhl\u00eddkov\u00e9 lety a leteck\u00e9 z\u00e1\u017eitky v \u010cech\u00e1ch\",\"potentialAction\":[{\"@type\":\"SearchAction\",\"target\":{\"@type\":\"EntryPoint\",\"urlTemplate\":\"https:\/\/blueskyadventures.cz\/ru\/?s={search_term_string}\"},\"query-input\":\"required name=search_term_string\"}],\"inLanguage\":\"en-US\"}]}<\/script>","yoast_head_json":{"title":"Gift certificates - BlueSkyAdventures","robots":{"index":"index","follow":"follow","max-snippet":"max-snippet:-1","max-image-preview":"max-image-preview:large","max-video-preview":"max-video-preview:-1"},"canonical":"http:\/\/blueskyadventures.cz\/en\/gift-certificates\/","og_locale":"en_US","og_type":"article","og_title":"Gift certificates - BlueSkyAdventures","og_description":"GIFT CERTIFICATE Donating gives you a high! And with Blue Sky it&#8217;s a literal high! Treat your loved ones and give a sightseeing flight as a gift.\u00a0Sightseeing flight is a worthy gift that is suitable for any occasion &#8211; anniversary, birthday, name-day, graduation, wedding, a celebration with a colleague at work or a gift for&hellip;","og_url":"http:\/\/blueskyadventures.cz\/en\/gift-certificates\/","og_site_name":"BlueSkyAdventures","article_modified_time":"2019-11-18T07:36:24+00:00","og_image":[{"url":"https:\/\/blueskyadventures.cz\/assets\/uploads\/sites\/536\/\/2019\/11\/darkove-baleni.png"}],"twitter_card":"summary_large_image","twitter_misc":{"Est. reading time":"1 minute"},"schema":{"@context":"https:\/\/schema.org","@graph":[{"@type":"WebPage","@id":"http:\/\/blueskyadventures.cz\/en\/gift-certificates\/","url":"http:\/\/blueskyadventures.cz\/en\/gift-certificates\/","name":"Gift certificates - BlueSkyAdventures","isPartOf":{"@id":"https:\/\/blueskyadventures.cz\/ru\/#website"},"datePublished":"2017-06-07T11:40:32+00:00","dateModified":"2019-11-18T07:36:24+00:00","breadcrumb":{"@id":"http:\/\/blueskyadventures.cz\/en\/gift-certificates\/#breadcrumb"},"inLanguage":"en-US","potentialAction":[{"@type":"ReadAction","target":["http:\/\/blueskyadventures.cz\/en\/gift-certificates\/"]}]},{"@type":"BreadcrumbList","@id":"http:\/\/blueskyadventures.cz\/en\/gift-certificates\/#breadcrumb","itemListElement":[{"@type":"ListItem","position":1,"name":"\u0413\u043b\u0430\u0432\u043d\u0430\u044f \u0441\u0442\u0440\u0430\u043d\u0438\u0446\u0430","item":"https:\/\/blueskyadventures.cz\/en\/"},{"@type":"ListItem","position":2,"name":"Gift certificates"}]},{"@type":"WebSite","@id":"https:\/\/blueskyadventures.cz\/ru\/#website","url":"https:\/\/blueskyadventures.cz\/ru\/","name":"BlueSkyAdventures","description":"Nejkr\u00e1sn\u011bj\u0161\u00ed vyhl\u00eddkov\u00e9 lety a leteck\u00e9 z\u00e1\u017eitky v \u010cech\u00e1ch","potentialAction":[{"@type":"SearchAction","target":{"@type":"EntryPoint","urlTemplate":"https:\/\/blueskyadventures.cz\/ru\/?s={search_term_string}"},"query-input":"required name=search_term_string"}],"inLanguage":"en-US"}]}},"_links":{"self":[{"href":"https:\/\/blueskyadventures.cz\/en\/wp-json\/wp\/v2\/pages\/2336","targetHints":{"allow":["GET"]}}],"collection":[{"href":"https:\/\/blueskyadventures.cz\/en\/wp-json\/wp\/v2\/pages"}],"about":[{"href":"https:\/\/blueskyadventures.cz\/en\/wp-json\/wp\/v2\/types\/page"}],"author":[{"embeddable":true,"href":"https:\/\/blueskyadventures.cz\/en\/wp-json\/wp\/v2\/users\/1"}],"replies":[{"embeddable":true,"href":"https:\/\/blueskyadventures.cz\/en\/wp-json\/wp\/v2\/comments?post=2336"}],"version-history":[{"count":25,"href":"https:\/\/blueskyadventures.cz\/en\/wp-json\/wp\/v2\/pages\/2336\/revisions"}],"predecessor-version":[{"id":10853,"href":"https:\/\/blueskyadventures.cz\/en\/wp-json\/wp\/v2\/pages\/2336\/revisions\/10853"}],"wp:attachment":[{"href":"https:\/\/blueskyadventures.cz\/en\/wp-json\/wp\/v2\/media?parent=2336"}],"curies":[{"name":"wp","href":"https:\/\/api.w.org\/{rel}","templated":true}]}}