{"id":3394,"date":"2017-06-07T13:37:37","date_gmt":"2017-06-07T11:37:37","guid":{"rendered":"https:\/\/blueskyadventures.cz\/aerotaxi\/"},"modified":"2022-03-11T13:37:12","modified_gmt":"2022-03-11T12:37:12","slug":"aerotaxi","status":"publish","type":"page","link":"https:\/\/blueskyadventures.cz\/en\/aerotaxi\/","title":{"rendered":"Aerotaxi"},"content":{"rendered":"\n\n\t\t\t<h1>AEROTAXI<\/h1>\n\t\t\t<h1>DEMAND A FLIGHT<\/h1>\t\t\t\n\t\t\t<a href=\"https:\/\/blueskyadventures.cz\/en\/aerotaxi\/#destinace\" target=\"_self\" role=\"button\" aria-label=\"MORE\" rel=\"noopener\">\n\t\t\t\t\t\t\tMORE\n\t\t<\/a>\n\t\t<h4>AIR TRANSPORT<\/h4>\t\t\t\n\t\t\t\t<p>We will take\u00a0you, your shipment or goods anywhere in the Central Europe. And there&#8217;s no problem to take your animal with you.<\/p>\n<p>We save your time on business trips around\u00a0Europe, you travel faster and more comfortable. You will not be stucked in a traffic jam anymore. You can relax on board of our private jet,\u00a0which is here only for you.<\/p>\n<p>We will arrange a private flight for you, which is going to be perfectly adapted to your possibilities. We are able to arrange the departure and arrival to the airport, which is closest to you.<\/p>\n<p><strong>Our destinations:<\/strong><br \/><strong>CZECH REPUBLIC:<\/strong> Prague &#8211; Brno (30 min), Ostrava (1 hod), \u010cesk\u00e9 Bud\u011bjovice (25 min), Karlovy Vary (30 min), and more.<\/p>\n<p><strong>EU:<\/strong> Prague &#8211; Bratislava (1 hod), Berl\u00edn (1 hod), Norimberk (1:20), Vienna (1 hod), Z\u00fcrich (2 hod) &#8211; and more metropolis.<\/p>\n<p>\u00a0<\/p>\n\t\t<h4>AIR TRANSPORT OF SHIPMENTS<\/h4>\t\t\t\n\t\t\t\t<p>You want to get the shipment to the other side of Europe as quickly\u00a0as possible, and you can&#8217;t afford to wait?\u00a0Is your shipment too fragile or valuable, and your scared to send it by regular delivery service due to destruction?<\/p>\n<p>We are ready to transport your goods or shipment of different kind to the nearest airport in specified\u00a0destination, or collect your goods and shipments and expressly deliver it to you!<\/p>\n<p><strong>We transport:<br \/><\/strong>&#8211;\u00a0devices<br \/>&#8211; components<br \/>&#8211;\u00a0spare parts<br \/>&#8211; medical\u00a0devices and\u00a0tools<br \/>&#8211; transportation of organs intended for transplantation<br \/>&#8211;\u00a0and more<\/p>\n\t\t<h1>DESTINATIONS<\/h1>\t\t\t\n\t\t\t\t<p>We will arrange an individual flight, completely customized to your needs and possibilities. The take-off and landing can be made on the airfields which suit you best.<\/p>\n\n\t\t\t<a href=\"https:\/\/aerotaxi.aero\/\" target=\"_blank\" rel=\"noopener\" role=\"button\" aria-label=\"DEMAND A FLIGHT\">\n\t\t\t\t\t\t\tDEMAND A FLIGHT\n\t\t<\/a>\n\n","protected":false},"excerpt":{"rendered":"<p>AEROTAXI DEMAND A FLIGHT MORE AIR TRANSPORT We will take\u00a0you, your shipment or goods anywhere in the Central Europe. And there&#8217;s no problem to take your animal with you. We save your time on business trips around\u00a0Europe, you travel faster and more comfortable. You will not be stucked in a traffic jam anymore. You can&hellip;<\/p>\n","protected":false},"author":1,"featured_media":0,"parent":0,"menu_order":0,"comment_status":"closed","ping_status":"closed","template":"","meta":{"footnotes":""},"class_list":["post-3394","page","type-page","status-publish","hentry"],"yoast_head":"<title>Aerotaxi - BlueSkyAdventures<\/title>\n<meta name=\"robots\" content=\"index, follow, max-snippet:-1, max-image-preview:large, max-video-preview:-1\" \/>\n<link rel=\"canonical\" href=\"https:\/\/blueskyadventures.cz\/en\/aerotaxi\/\" \/>\n<meta property=\"og:locale\" content=\"en_US\" \/>\n<meta property=\"og:type\" content=\"article\" \/>\n<meta property=\"og:title\" content=\"Aerotaxi - BlueSkyAdventures\" \/>\n<meta property=\"og:description\" content=\"AEROTAXI DEMAND A FLIGHT MORE AIR TRANSPORT We will take\u00a0you, your shipment or goods anywhere in the Central Europe. And there&#8217;s no problem to take your animal with you. We save your time on business trips around\u00a0Europe, you travel faster and more comfortable. You will not be stucked in a traffic jam anymore. You can&hellip;\" \/>\n<meta property=\"og:url\" content=\"https:\/\/blueskyadventures.cz\/en\/aerotaxi\/\" \/>\n<meta property=\"og:site_name\" content=\"BlueSkyAdventures\" \/>\n<meta property=\"article:modified_time\" content=\"2022-03-11T12:37:12+00:00\" \/>\n<meta name=\"twitter:card\" content=\"summary_large_image\" \/>\n<meta name=\"twitter:label1\" content=\"Est. reading time\" \/>\n\t<meta name=\"twitter:data1\" content=\"5 minutes\" \/>\n<script type=\"application\/ld+json\" class=\"yoast-schema-graph\">{\"@context\":\"https:\/\/schema.org\",\"@graph\":[{\"@type\":\"WebPage\",\"@id\":\"https:\/\/blueskyadventures.cz\/en\/aerotaxi\/\",\"url\":\"https:\/\/blueskyadventures.cz\/en\/aerotaxi\/\",\"name\":\"Aerotaxi - BlueSkyAdventures\",\"isPartOf\":{\"@id\":\"https:\/\/blueskyadventures.cz\/ru\/#website\"},\"datePublished\":\"2017-06-07T11:37:37+00:00\",\"dateModified\":\"2022-03-11T12:37:12+00:00\",\"breadcrumb\":{\"@id\":\"https:\/\/blueskyadventures.cz\/en\/aerotaxi\/#breadcrumb\"},\"inLanguage\":\"en-US\",\"potentialAction\":[{\"@type\":\"ReadAction\",\"target\":[\"https:\/\/blueskyadventures.cz\/en\/aerotaxi\/\"]}]},{\"@type\":\"BreadcrumbList\",\"@id\":\"https:\/\/blueskyadventures.cz\/en\/aerotaxi\/#breadcrumb\",\"itemListElement\":[{\"@type\":\"ListItem\",\"position\":1,\"name\":\"\u0413\u043b\u0430\u0432\u043d\u0430\u044f \u0441\u0442\u0440\u0430\u043d\u0438\u0446\u0430\",\"item\":\"https:\/\/blueskyadventures.cz\/en\/\"},{\"@type\":\"ListItem\",\"position\":2,\"name\":\"Aerotaxi\"}]},{\"@type\":\"WebSite\",\"@id\":\"https:\/\/blueskyadventures.cz\/ru\/#website\",\"url\":\"https:\/\/blueskyadventures.cz\/ru\/\",\"name\":\"BlueSkyAdventures\",\"description\":\"Nejkr\u00e1sn\u011bj\u0161\u00ed vyhl\u00eddkov\u00e9 lety a leteck\u00e9 z\u00e1\u017eitky v \u010cech\u00e1ch\",\"potentialAction\":[{\"@type\":\"SearchAction\",\"target\":{\"@type\":\"EntryPoint\",\"urlTemplate\":\"https:\/\/blueskyadventures.cz\/ru\/?s={search_term_string}\"},\"query-input\":\"required name=search_term_string\"}],\"inLanguage\":\"en-US\"}]}<\/script>","yoast_head_json":{"title":"Aerotaxi - BlueSkyAdventures","robots":{"index":"index","follow":"follow","max-snippet":"max-snippet:-1","max-image-preview":"max-image-preview:large","max-video-preview":"max-video-preview:-1"},"canonical":"https:\/\/blueskyadventures.cz\/en\/aerotaxi\/","og_locale":"en_US","og_type":"article","og_title":"Aerotaxi - BlueSkyAdventures","og_description":"AEROTAXI DEMAND A FLIGHT MORE AIR TRANSPORT We will take\u00a0you, your shipment or goods anywhere in the Central Europe. And there&#8217;s no problem to take your animal with you. We save your time on business trips around\u00a0Europe, you travel faster and more comfortable. You will not be stucked in a traffic jam anymore. You can&hellip;","og_url":"https:\/\/blueskyadventures.cz\/en\/aerotaxi\/","og_site_name":"BlueSkyAdventures","article_modified_time":"2022-03-11T12:37:12+00:00","twitter_card":"summary_large_image","twitter_misc":{"Est. reading time":"5 minutes"},"schema":{"@context":"https:\/\/schema.org","@graph":[{"@type":"WebPage","@id":"https:\/\/blueskyadventures.cz\/en\/aerotaxi\/","url":"https:\/\/blueskyadventures.cz\/en\/aerotaxi\/","name":"Aerotaxi - BlueSkyAdventures","isPartOf":{"@id":"https:\/\/blueskyadventures.cz\/ru\/#website"},"datePublished":"2017-06-07T11:37:37+00:00","dateModified":"2022-03-11T12:37:12+00:00","breadcrumb":{"@id":"https:\/\/blueskyadventures.cz\/en\/aerotaxi\/#breadcrumb"},"inLanguage":"en-US","potentialAction":[{"@type":"ReadAction","target":["https:\/\/blueskyadventures.cz\/en\/aerotaxi\/"]}]},{"@type":"BreadcrumbList","@id":"https:\/\/blueskyadventures.cz\/en\/aerotaxi\/#breadcrumb","itemListElement":[{"@type":"ListItem","position":1,"name":"\u0413\u043b\u0430\u0432\u043d\u0430\u044f \u0441\u0442\u0440\u0430\u043d\u0438\u0446\u0430","item":"https:\/\/blueskyadventures.cz\/en\/"},{"@type":"ListItem","position":2,"name":"Aerotaxi"}]},{"@type":"WebSite","@id":"https:\/\/blueskyadventures.cz\/ru\/#website","url":"https:\/\/blueskyadventures.cz\/ru\/","name":"BlueSkyAdventures","description":"Nejkr\u00e1sn\u011bj\u0161\u00ed vyhl\u00eddkov\u00e9 lety a leteck\u00e9 z\u00e1\u017eitky v \u010cech\u00e1ch","potentialAction":[{"@type":"SearchAction","target":{"@type":"EntryPoint","urlTemplate":"https:\/\/blueskyadventures.cz\/ru\/?s={search_term_string}"},"query-input":"required name=search_term_string"}],"inLanguage":"en-US"}]}},"_links":{"self":[{"href":"https:\/\/blueskyadventures.cz\/en\/wp-json\/wp\/v2\/pages\/3394","targetHints":{"allow":["GET"]}}],"collection":[{"href":"https:\/\/blueskyadventures.cz\/en\/wp-json\/wp\/v2\/pages"}],"about":[{"href":"https:\/\/blueskyadventures.cz\/en\/wp-json\/wp\/v2\/types\/page"}],"author":[{"embeddable":true,"href":"https:\/\/blueskyadventures.cz\/en\/wp-json\/wp\/v2\/users\/1"}],"replies":[{"embeddable":true,"href":"https:\/\/blueskyadventures.cz\/en\/wp-json\/wp\/v2\/comments?post=3394"}],"version-history":[{"count":17,"href":"https:\/\/blueskyadventures.cz\/en\/wp-json\/wp\/v2\/pages\/3394\/revisions"}],"predecessor-version":[{"id":11619,"href":"https:\/\/blueskyadventures.cz\/en\/wp-json\/wp\/v2\/pages\/3394\/revisions\/11619"}],"wp:attachment":[{"href":"https:\/\/blueskyadventures.cz\/en\/wp-json\/wp\/v2\/media?parent=3394"}],"curies":[{"name":"wp","href":"https:\/\/api.w.org\/{rel}","templated":true}]}}