{"id":3728,"date":"2017-06-07T13:40:51","date_gmt":"2017-06-07T11:40:51","guid":{"rendered":"https:\/\/blueskyadventures.cz\/letecke-darky\/"},"modified":"2017-09-29T16:50:25","modified_gmt":"2017-09-29T14:50:25","slug":"aviation-gifts","status":"publish","type":"page","link":"https:\/\/blueskyadventures.cz\/en\/aviation-gifts\/","title":{"rendered":"Aviation gifts"},"content":{"rendered":"<h1>AVIATION GIFTS<\/h1>\n<p>Make yourself or your friends happy with our aviation gift. Aviation gifts are made of qualitative materials and designed to appeal to and admire supporters and lovers of flying.<\/p>\n<p>Aviation gifts can be ordered for any experience but can also be purchased separately. We will send you the gift by post or we can deliver it to you directly before your flight experience.<\/p>\n<p>                119,- CZK<br \/>\n                <a href=\"https:\/\/blueskyadventures.cz\/en\/product\/pilot-tag\/\" target=\"_self\" title=\"Pilot tag\"><br \/>\n                <img decoding=\"async\" src=\"https:\/\/blueskyadventures.cz\/assets\/uploads\/sites\/536\/2017\/07\/visacka_300x300.jpg\" alt=\"\" \/><br \/>\n                <\/a><\/p>\n<h3>\n                <a href=\"https:\/\/blueskyadventures.cz\/en\/product\/pilot-tag\/\" title=\"Pilot\">Pilot tag<\/a>            <\/h3>\n<p>                150,- CZK<br \/>\n                <a href=\"\/?p=3902\" target=\"_self\" title=\"Key holder PLANE\"><br \/>\n                <img decoding=\"async\" src=\"https:\/\/blueskyadventures.cz\/assets\/uploads\/sites\/536\/2017\/07\/key-holder_300x300.jpg\" alt=\"\" \/><br \/>\n                <\/a><\/p>\n<h3>\n                <a href=\"\/?p=3902\" title=\"Key\">Key holder PLANE<\/a>            <\/h3>\n<p>                550,- CZK<br \/>\n                <a href=\"https:\/\/blueskyadventures.cz\/en\/product\/baseball-cap-pilot\/\" target=\"_self\" title=\"Baseball cap PILOT\"><br \/>\n                <img decoding=\"async\" src=\"https:\/\/blueskyadventures.cz\/assets\/uploads\/sites\/536\/2017\/07\/baseball-cap_300x300.jpg\" alt=\"\" \/><br \/>\n                <\/a><\/p>\n<h3>\n                <a href=\"https:\/\/blueskyadventures.cz\/en\/product\/baseball-cap-pilot\/\" title=\"Baseball\">Baseball cap PILOT<\/a>            <\/h3>\n<p>                550,- CZK<br \/>\n                <a href=\"https:\/\/blueskyadventures.cz\/en\/product\/t-shirt-pilot-for-him\/\" target=\"_self\" title=\"T-shirt PILOT for him\"><br \/>\n                <img decoding=\"async\" src=\"https:\/\/blueskyadventures.cz\/assets\/uploads\/sites\/536\/2017\/09\/t-shirt_m_300x300.jpg\" alt=\"\" \/><br \/>\n                <\/a><\/p>\n<h3>\n                <a href=\"https:\/\/blueskyadventures.cz\/en\/product\/t-shirt-pilot-for-him\/\" title=\"T-shirt\">T-shirt PILOT for him<\/a>            <\/h3>\n<p>                1 250,- CZK<br \/>\n                <a href=\"https:\/\/blueskyadventures.cz\/en\/product\/polo-pilot-for-him\/\" target=\"_self\" title=\"Polo PILOT for him\"><br \/>\n                <img decoding=\"async\" src=\"https:\/\/blueskyadventures.cz\/assets\/uploads\/sites\/536\/2017\/09\/polo-t-shirt_m_300x300.jpg\" alt=\"\" \/><br \/>\n                <\/a><\/p>\n<h3>\n                <a href=\"https:\/\/blueskyadventures.cz\/en\/product\/polo-pilot-for-him\/\" title=\"Polo\">Polo PILOT for him<\/a>            <\/h3>\n<p>                1 250,- CZK<br \/>\n                <a href=\"https:\/\/blueskyadventures.cz\/en\/product\/polo-pilot-for-her\/\" target=\"_self\" title=\"Polo PILOT for her\"><br \/>\n                <img decoding=\"async\" src=\"https:\/\/blueskyadventures.cz\/assets\/uploads\/sites\/536\/2017\/09\/polo-t-shirt_w_300x300.jpg\" alt=\"\" \/><br \/>\n                <\/a><\/p>\n<h3>\n                <a href=\"https:\/\/blueskyadventures.cz\/en\/product\/polo-pilot-for-her\/\" title=\"Polo\">Polo PILOT for her<\/a>            <\/h3>\n<p>                550,- CZK<br \/>\n                <a href=\"https:\/\/blueskyadventures.cz\/en\/product\/tricko-pilot-damske-2\/\" target=\"_self\" title=\"T-shirt PILOT for her\"><br \/>\n                <img decoding=\"async\" src=\"https:\/\/blueskyadventures.cz\/assets\/uploads\/sites\/536\/2017\/07\/t-shirt_w_300x300.jpg\" alt=\"\" \/><br \/>\n                <\/a><\/p>\n<h3>\n                <a href=\"https:\/\/blueskyadventures.cz\/en\/product\/tricko-pilot-damske-2\/\" title=\"T-shirt\">T-shirt PILOT for her<\/a>            <\/h3>\n","protected":false},"excerpt":{"rendered":"<p>AVIATION GIFTS Make yourself or your friends happy with our aviation gift. Aviation gifts are made of qualitative materials and designed to appeal to and admire supporters and lovers of flying. Aviation gifts can be ordered for any experience but can also be purchased separately. We will send you the gift by post or we&hellip;<\/p>\n","protected":false},"author":1,"featured_media":0,"parent":0,"menu_order":0,"comment_status":"closed","ping_status":"closed","template":"","meta":{"footnotes":""},"class_list":["post-3728","page","type-page","status-publish","hentry"],"yoast_head":"<title>Aviation gifts - BlueSkyAdventures<\/title>\n<meta name=\"robots\" content=\"index, follow, max-snippet:-1, max-image-preview:large, max-video-preview:-1\" \/>\n<link rel=\"canonical\" href=\"https:\/\/blueskyadventures.cz\/en\/aviation-gifts\/\" \/>\n<meta property=\"og:locale\" content=\"en_US\" \/>\n<meta property=\"og:type\" content=\"article\" \/>\n<meta property=\"og:title\" content=\"Aviation gifts - BlueSkyAdventures\" \/>\n<meta property=\"og:description\" content=\"AVIATION GIFTS Make yourself or your friends happy with our aviation gift. Aviation gifts are made of qualitative materials and designed to appeal to and admire supporters and lovers of flying. Aviation gifts can be ordered for any experience but can also be purchased separately. We will send you the gift by post or we&hellip;\" \/>\n<meta property=\"og:url\" content=\"https:\/\/blueskyadventures.cz\/en\/aviation-gifts\/\" \/>\n<meta property=\"og:site_name\" content=\"BlueSkyAdventures\" \/>\n<meta property=\"article:modified_time\" content=\"2017-09-29T14:50:25+00:00\" \/>\n<meta property=\"og:image\" content=\"https:\/\/blueskyadventures.cz\/assets\/uploads\/sites\/536\/2017\/07\/visacka_300x300.jpg\" \/>\n<meta name=\"twitter:card\" content=\"summary_large_image\" \/>\n<meta name=\"twitter:label1\" content=\"Est. reading time\" \/>\n\t<meta name=\"twitter:data1\" content=\"1 minute\" \/>\n<script type=\"application\/ld+json\" class=\"yoast-schema-graph\">{\"@context\":\"https:\/\/schema.org\",\"@graph\":[{\"@type\":\"WebPage\",\"@id\":\"https:\/\/blueskyadventures.cz\/en\/aviation-gifts\/\",\"url\":\"https:\/\/blueskyadventures.cz\/en\/aviation-gifts\/\",\"name\":\"Aviation gifts - BlueSkyAdventures\",\"isPartOf\":{\"@id\":\"https:\/\/blueskyadventures.cz\/ru\/#website\"},\"datePublished\":\"2017-06-07T11:40:51+00:00\",\"dateModified\":\"2017-09-29T14:50:25+00:00\",\"breadcrumb\":{\"@id\":\"https:\/\/blueskyadventures.cz\/en\/aviation-gifts\/#breadcrumb\"},\"inLanguage\":\"en-US\",\"potentialAction\":[{\"@type\":\"ReadAction\",\"target\":[\"https:\/\/blueskyadventures.cz\/en\/aviation-gifts\/\"]}]},{\"@type\":\"BreadcrumbList\",\"@id\":\"https:\/\/blueskyadventures.cz\/en\/aviation-gifts\/#breadcrumb\",\"itemListElement\":[{\"@type\":\"ListItem\",\"position\":1,\"name\":\"\u0413\u043b\u0430\u0432\u043d\u0430\u044f \u0441\u0442\u0440\u0430\u043d\u0438\u0446\u0430\",\"item\":\"https:\/\/blueskyadventures.cz\/en\/\"},{\"@type\":\"ListItem\",\"position\":2,\"name\":\"Aviation gifts\"}]},{\"@type\":\"WebSite\",\"@id\":\"https:\/\/blueskyadventures.cz\/ru\/#website\",\"url\":\"https:\/\/blueskyadventures.cz\/ru\/\",\"name\":\"BlueSkyAdventures\",\"description\":\"Nejkr\u00e1sn\u011bj\u0161\u00ed vyhl\u00eddkov\u00e9 lety a leteck\u00e9 z\u00e1\u017eitky v \u010cech\u00e1ch\",\"potentialAction\":[{\"@type\":\"SearchAction\",\"target\":{\"@type\":\"EntryPoint\",\"urlTemplate\":\"https:\/\/blueskyadventures.cz\/ru\/?s={search_term_string}\"},\"query-input\":\"required name=search_term_string\"}],\"inLanguage\":\"en-US\"}]}<\/script>","yoast_head_json":{"title":"Aviation gifts - BlueSkyAdventures","robots":{"index":"index","follow":"follow","max-snippet":"max-snippet:-1","max-image-preview":"max-image-preview:large","max-video-preview":"max-video-preview:-1"},"canonical":"https:\/\/blueskyadventures.cz\/en\/aviation-gifts\/","og_locale":"en_US","og_type":"article","og_title":"Aviation gifts - BlueSkyAdventures","og_description":"AVIATION GIFTS Make yourself or your friends happy with our aviation gift. Aviation gifts are made of qualitative materials and designed to appeal to and admire supporters and lovers of flying. Aviation gifts can be ordered for any experience but can also be purchased separately. We will send you the gift by post or we&hellip;","og_url":"https:\/\/blueskyadventures.cz\/en\/aviation-gifts\/","og_site_name":"BlueSkyAdventures","article_modified_time":"2017-09-29T14:50:25+00:00","og_image":[{"url":"https:\/\/blueskyadventures.cz\/assets\/uploads\/sites\/536\/2017\/07\/visacka_300x300.jpg"}],"twitter_card":"summary_large_image","twitter_misc":{"Est. reading time":"1 minute"},"schema":{"@context":"https:\/\/schema.org","@graph":[{"@type":"WebPage","@id":"https:\/\/blueskyadventures.cz\/en\/aviation-gifts\/","url":"https:\/\/blueskyadventures.cz\/en\/aviation-gifts\/","name":"Aviation gifts - BlueSkyAdventures","isPartOf":{"@id":"https:\/\/blueskyadventures.cz\/ru\/#website"},"datePublished":"2017-06-07T11:40:51+00:00","dateModified":"2017-09-29T14:50:25+00:00","breadcrumb":{"@id":"https:\/\/blueskyadventures.cz\/en\/aviation-gifts\/#breadcrumb"},"inLanguage":"en-US","potentialAction":[{"@type":"ReadAction","target":["https:\/\/blueskyadventures.cz\/en\/aviation-gifts\/"]}]},{"@type":"BreadcrumbList","@id":"https:\/\/blueskyadventures.cz\/en\/aviation-gifts\/#breadcrumb","itemListElement":[{"@type":"ListItem","position":1,"name":"\u0413\u043b\u0430\u0432\u043d\u0430\u044f \u0441\u0442\u0440\u0430\u043d\u0438\u0446\u0430","item":"https:\/\/blueskyadventures.cz\/en\/"},{"@type":"ListItem","position":2,"name":"Aviation gifts"}]},{"@type":"WebSite","@id":"https:\/\/blueskyadventures.cz\/ru\/#website","url":"https:\/\/blueskyadventures.cz\/ru\/","name":"BlueSkyAdventures","description":"Nejkr\u00e1sn\u011bj\u0161\u00ed vyhl\u00eddkov\u00e9 lety a leteck\u00e9 z\u00e1\u017eitky v \u010cech\u00e1ch","potentialAction":[{"@type":"SearchAction","target":{"@type":"EntryPoint","urlTemplate":"https:\/\/blueskyadventures.cz\/ru\/?s={search_term_string}"},"query-input":"required name=search_term_string"}],"inLanguage":"en-US"}]}},"_links":{"self":[{"href":"https:\/\/blueskyadventures.cz\/en\/wp-json\/wp\/v2\/pages\/3728","targetHints":{"allow":["GET"]}}],"collection":[{"href":"https:\/\/blueskyadventures.cz\/en\/wp-json\/wp\/v2\/pages"}],"about":[{"href":"https:\/\/blueskyadventures.cz\/en\/wp-json\/wp\/v2\/types\/page"}],"author":[{"embeddable":true,"href":"https:\/\/blueskyadventures.cz\/en\/wp-json\/wp\/v2\/users\/1"}],"replies":[{"embeddable":true,"href":"https:\/\/blueskyadventures.cz\/en\/wp-json\/wp\/v2\/comments?post=3728"}],"version-history":[{"count":7,"href":"https:\/\/blueskyadventures.cz\/en\/wp-json\/wp\/v2\/pages\/3728\/revisions"}],"predecessor-version":[{"id":5296,"href":"https:\/\/blueskyadventures.cz\/en\/wp-json\/wp\/v2\/pages\/3728\/revisions\/5296"}],"wp:attachment":[{"href":"https:\/\/blueskyadventures.cz\/en\/wp-json\/wp\/v2\/media?parent=3728"}],"curies":[{"name":"wp","href":"https:\/\/api.w.org\/{rel}","templated":true}]}}