{"id":3729,"date":"2017-06-07T13:37:16","date_gmt":"2017-06-07T11:37:16","guid":{"rendered":"https:\/\/blueskyadventures.cz\/lety\/"},"modified":"2018-07-25T12:34:58","modified_gmt":"2018-07-25T10:34:58","slug":"flights","status":"publish","type":"page","link":"https:\/\/blueskyadventures.cz\/en\/flights\/","title":{"rendered":"Flights"},"content":{"rendered":"<ul>\n<li>All<\/li>\n<li>Flight trips<\/li>\n<li>Helicopter flights<\/li>\n<li>Pilot on trial<\/li>\n<li>Sightseeing flights<\/li>\n<\/ul>\n<p>                3 990,- CZK<br \/>\n                                            <a href=\"https:\/\/blueskyadventures.cz\/en\/product\/sightseeing-flight-karlstejn\/\" target=\"_self\" title=\"SIGHTSEEING FLIGHT KARL\u0160TEJN\"><br \/>\n                <img decoding=\"async\" src=\"https:\/\/blueskyadventures.cz\/assets\/uploads\/sites\/536\/2017\/06\/karlstejn-1-500x500.jpg\" alt=\"\" \/><br \/>\n                <\/a><\/p>\n<h4>\n                <a href=\"https:\/\/blueskyadventures.cz\/en\/product\/sightseeing-flight-karlstejn\/\" title=\"SIGHTSEEING\">SIGHTSEEING FLIGHT KARL\u0160TEJN<\/a>\t                    <\/h4>\n<p>Flight time:\u00a030 minutes<br \/>\nAvailability:\u00a0whole year<\/p>\n<p>\t\t\t<a href=\"https:\/\/blueskyadventures.cz\/en\/product\/sightseeing-flight-karlstejn\/\" target=\"_self\" role=\"button\"><br \/>\n\t\t\t\t\t\t\tMORE<br \/>\n\t\t<\/a><br \/>\n                4 990,- CZK<br \/>\n                                            <a href=\"https:\/\/blueskyadventures.cz\/en\/product\/sightseeing-flight-prague\/\" target=\"_self\" title=\"SIGHTSEEING FLIGHT PRAGUE\"><br \/>\n                <img decoding=\"async\" src=\"https:\/\/blueskyadventures.cz\/assets\/uploads\/sites\/536\/2017\/06\/praha-vltava-500x500.jpg\" alt=\"\" \/><br \/>\n                <\/a><\/p>\n<h4>\n                <a href=\"https:\/\/blueskyadventures.cz\/en\/product\/sightseeing-flight-prague\/\" title=\"SIGHTSEEING\">SIGHTSEEING FLIGHT PRAGUE<\/a>\t                    <\/h4>\n<p>Flight time: 40 minutes<br \/>\nAvailability: whole year<\/p>\n<p>\t\t\t<a href=\"https:\/\/blueskyadventures.cz\/en\/product\/sightseeing-flight-prague\/\" target=\"_self\" role=\"button\"><br \/>\n\t\t\t\t\t\t\tMORE<br \/>\n\t\t<\/a><br \/>\n                4 990,- CZK<br \/>\n                                            <a href=\"https:\/\/blueskyadventures.cz\/en\/product\/sightseeing-flight-castles-and-chateaux\/\" target=\"_self\" title=\"CASTLES AND CHATEAUX\"><br \/>\n                <img decoding=\"async\" src=\"https:\/\/blueskyadventures.cz\/assets\/uploads\/sites\/536\/2018\/03\/lany_500x500.jpg\" alt=\"Z\u00e1mek L\u00e1ny\" \/><br \/>\n                <\/a><\/p>\n<h4>\n                <a href=\"https:\/\/blueskyadventures.cz\/en\/product\/sightseeing-flight-castles-and-chateaux\/\" title=\"CASTLES\">CASTLES AND CHATEAUX<\/a>\t                    <\/h4>\n<p>Flight time:\u00a040 minutes<br \/>\nAvailability:\u00a0whole year<\/p>\n<p>\t\t\t<a href=\"https:\/\/blueskyadventures.cz\/en\/product\/sightseeing-flight-castles-and-chateaux\/\" target=\"_self\" role=\"button\"><br \/>\n\t\t\t\t\t\t\tMORE<br \/>\n\t\t<\/a><br \/>\n                5 390,- CZK<br \/>\n                                            <a href=\"https:\/\/blueskyadventures.cz\/en\/product\/romantic-flight\/\" target=\"_self\" title=\"ROMANTIC FLIGHT\"><br \/>\n                <img decoding=\"async\" src=\"https:\/\/blueskyadventures.cz\/assets\/uploads\/sites\/536\/2017\/06\/romantika_500x500.jpg\" alt=\"\" \/><br \/>\n                <\/a><\/p>\n<h4>\n                <a href=\"https:\/\/blueskyadventures.cz\/en\/product\/romantic-flight\/\" title=\"ROMANTIC\">ROMANTIC FLIGHT<\/a>\t                    <\/h4>\n<p>Flight time: 40 minutes<br \/>\nAvailability: whole year<br \/>\nChampagne on board!<\/p>\n<p>\t\t\t<a href=\"https:\/\/blueskyadventures.cz\/en\/product\/romantic-flight\/\" target=\"_self\" role=\"button\"><br \/>\n\t\t\t\t\t\t\tMORE<br \/>\n\t\t<\/a><br \/>\n                5 990,- CZK<br \/>\n                                            <a href=\"https:\/\/blueskyadventures.cz\/en\/product\/fortress-terezin\/\" target=\"_self\" title=\"FORTRESS TEREZIN\"><br \/>\n                <img decoding=\"async\" src=\"https:\/\/blueskyadventures.cz\/assets\/uploads\/sites\/536\/2018\/03\/terezin_500x500.jpg\" alt=\"Pevnost Terez\u00edn\" \/><br \/>\n                <\/a><\/p>\n<h4>\n                <a href=\"https:\/\/blueskyadventures.cz\/en\/product\/fortress-terezin\/\" title=\"FORTRESS\">FORTRESS TEREZIN<\/a>\t                    <\/h4>\n<p>Flight time:\u00a050 minutes<br \/>\n Availability:\u00a0whole year<\/p>\n<p>\t\t\t<a href=\"https:\/\/blueskyadventures.cz\/en\/product\/fortress-terezin\/\" target=\"_self\" role=\"button\"><br \/>\n\t\t\t\t\t\t\tMORE<br \/>\n\t\t<\/a><br \/>\n                6 990,- CZK<br \/>\n                                            <a href=\"https:\/\/blueskyadventures.cz\/en\/product\/my-sightseeing-flight\/\" target=\"_self\" title=\"MY SIGHTSEEING FLIGHT\"><br \/>\n                <img decoding=\"async\" src=\"https:\/\/blueskyadventures.cz\/assets\/uploads\/sites\/536\/2017\/06\/orlik_500x500.jpg\" alt=\"Z\u00e1mek Orl\u00edk\" \/><br \/>\n                <\/a><\/p>\n<h4>\n                <a href=\"https:\/\/blueskyadventures.cz\/en\/product\/my-sightseeing-flight\/\" title=\"MY\">MY SIGHTSEEING FLIGHT<\/a>\t                    <\/h4>\n<p>Flight time: 60 minutes<br \/>\nAvailability: whole year<\/p>\n<p>\t\t\t<a href=\"https:\/\/blueskyadventures.cz\/en\/product\/my-sightseeing-flight\/\" target=\"_self\" role=\"button\"><br \/>\n\t\t\t\t\t\t\tMORE<br \/>\n\t\t<\/a><br \/>\n                3 290,- CZK<br \/>\n                                            <a href=\"https:\/\/blueskyadventures.cz\/en\/product\/sightseeing-flight-for-children\/\" target=\"_self\" title=\"FLIGHT FOR CHILDREN\"><br \/>\n                <img decoding=\"async\" src=\"https:\/\/blueskyadventures.cz\/assets\/uploads\/sites\/536\/2018\/03\/deti2_500x500.jpg\" alt=\"\" \/><br \/>\n                <\/a><\/p>\n<h4>\n                <a href=\"https:\/\/blueskyadventures.cz\/en\/product\/sightseeing-flight-for-children\/\" title=\"FLIGHT\">FLIGHT FOR CHILDREN<\/a>\t                    <\/h4>\n<p>Flight time:\u00a020 minutes<br \/>\nAvailability:\u00a0whole year<\/p>\n<p>\t\t\t<a href=\"https:\/\/blueskyadventures.cz\/en\/product\/sightseeing-flight-for-children\/\" target=\"_self\" role=\"button\"><br \/>\n\t\t\t\t\t\t\tMORE<br \/>\n\t\t<\/a><br \/>\n                8 990,- CZK<br \/>\n                                            <a href=\"https:\/\/blueskyadventures.cz\/en\/product\/helicopter-flight-castle-karlstejn\/\" target=\"_self\" title=\"FOTO LET VRTULN\u00cdKEM\"><br \/>\n                <img decoding=\"async\" src=\"https:\/\/blueskyadventures.cz\/assets\/uploads\/sites\/536\/2017\/06\/ok-rtr_800x600-500x500.jpg\" alt=\"\" \/><br \/>\n                <\/a><\/p>\n<h4>\n                <a href=\"https:\/\/blueskyadventures.cz\/en\/product\/helicopter-flight-castle-karlstejn\/\" title=\"FOTO\">FOTO LET VRTULN\u00cdKEM<\/a>\t                    <\/h4>\n<p>D\u00e9lka letu: 40 minut<br \/>\nDostupnost z\u00e1\u017eitku: Celoro\u010dn\u011b<\/p>\n<p>\t\t\t<a href=\"https:\/\/blueskyadventures.cz\/en\/product\/helicopter-flight-castle-karlstejn\/\" target=\"_self\" role=\"button\"><br \/>\n\t\t\t\t\t\t\tMORE<br \/>\n\t\t<\/a><br \/>\n                4 490,- CZK<br \/>\n                                            <a href=\"https:\/\/blueskyadventures.cz\/en\/product\/pilot-on-trial\/\" target=\"_self\" title=\"PILOT ON TRIAL\"><br \/>\n                <img decoding=\"async\" src=\"https:\/\/blueskyadventures.cz\/assets\/uploads\/sites\/536\/2017\/06\/ok-rtr_800x600-500x500.jpg\" alt=\"\" \/><br \/>\n                <\/a><\/p>\n<h4>\n                <a href=\"https:\/\/blueskyadventures.cz\/en\/product\/pilot-on-trial\/\" title=\"PILOT\">PILOT ON TRIAL<\/a>\t                    <\/h4>\n<p>Preflight briefing: 30 minutes<br \/>\nFlight time: 30 minutes<br \/>\nAvailability: whole year<\/p>\n<p>\t\t\t<a href=\"https:\/\/blueskyadventures.cz\/en\/product\/pilot-on-trial\/\" target=\"_self\" role=\"button\"><br \/>\n\t\t\t\t\t\t\tMORE<br \/>\n\t\t<\/a><br \/>\n                5 490,- CZK<br \/>\n                                            <a href=\"https:\/\/blueskyadventures.cz\/en\/product\/pilot-on-trial-plus-simulator\/\" target=\"_self\" title=\"PILOT ON TRIAL + SIMULATOR\"><br \/>\n                <img decoding=\"async\" src=\"https:\/\/blueskyadventures.cz\/assets\/uploads\/sites\/536\/2017\/06\/ok-baf_800x600-500x500.jpg\" alt=\"\" \/><br \/>\n                <\/a><\/p>\n<h4>\n                <a href=\"https:\/\/blueskyadventures.cz\/en\/product\/pilot-on-trial-plus-simulator\/\" title=\"PILOT\">PILOT ON TRIAL + SIMULATOR<\/a>\t                    <\/h4>\n<p>Preflight briefing: 30 minutes<br \/>\nFlight simulation: 30 minutes<br \/>\nFlight time: 30 minutes<br \/>\nAvailability: whole year<\/p>\n<p>\t\t\t<a href=\"https:\/\/blueskyadventures.cz\/en\/product\/pilot-on-trial-plus-simulator\/\" target=\"_self\" role=\"button\"><br \/>\n\t\t\t\t\t\t\tMORE<br \/>\n\t\t<\/a><br \/>\n                9 990,- CZK<br \/>\n                                            <a href=\"https:\/\/blueskyadventures.cz\/en\/?post_type=product&#038;p=5789\" target=\"_self\" title=\"LANDING ON THE V.HAVEL AERODROME\"><br \/>\n                <img decoding=\"async\" src=\"https:\/\/blueskyadventures.cz\/assets\/uploads\/sites\/536\/2017\/11\/landing-lkpr_400x400.jpg\" alt=\"\" \/><br \/>\n                <\/a><\/p>\n<h4>\n                <a href=\"https:\/\/blueskyadventures.cz\/en\/?post_type=product&#038;p=5789\" title=\"LANDING\">LANDING ON THE V.HAVEL AERODROME<\/a>\t                    <\/h4>\n<p>Preflight briefing: 30 minutes<br \/>\nFlight time: 30 minutes<br \/>\nAvailability: whole year<\/p>\n<p>\t\t\t<a href=\"https:\/\/blueskyadventures.cz\/en\/?post_type=product&#038;p=5789\" target=\"_self\" role=\"button\"><br \/>\n\t\t\t\t\t\t\tMORE<br \/>\n\t\t<\/a><br \/>\n                9 990,- CZK<br \/>\n                                            <a href=\"https:\/\/blueskyadventures.cz\/en\/product\/adrenaline-flight\/\" target=\"_self\" title=\"ADRENALINE FLIGHT\"><br \/>\n                <img decoding=\"async\" src=\"https:\/\/blueskyadventures.cz\/assets\/uploads\/sites\/536\/2018\/03\/lety-corvalis_500x500.jpg\" alt=\"Cessna 350 Corvalis\" \/><br \/>\n                <\/a><\/p>\n<h4>\n                <a href=\"https:\/\/blueskyadventures.cz\/en\/product\/adrenaline-flight\/\" title=\"ADRENALINE\">ADRENALINE FLIGHT<\/a>\t                    <\/h4>\n<p>Preflight briefing: 30 minutes<br \/>\nFlight simulation: 30 minutes<br \/>\nFlight time: 30 minutes<br \/>\nAvailability: whole year<\/p>\n<p>\t\t\t<a href=\"https:\/\/blueskyadventures.cz\/en\/product\/adrenaline-flight\/\" target=\"_self\" role=\"button\"><br \/>\n\t\t\t\t\t\t\tMORE<br \/>\n\t\t<\/a><br \/>\n                54 990,- CZK<br \/>\n                                            <a href=\"https:\/\/blueskyadventures.cz\/en\/?post_type=product&#038;p=3917\" target=\"_self\" title=\"ALPS &amp; HANGAR-7\"><br \/>\n                <img decoding=\"async\" src=\"https:\/\/blueskyadventures.cz\/assets\/uploads\/sites\/536\/2017\/08\/alpy_columbia2-500x500.jpg\" alt=\"\" \/><br \/>\n                <\/a><\/p>\n<h4>\n                <a href=\"https:\/\/blueskyadventures.cz\/en\/?post_type=product&#038;p=3917\" title=\"ALPS\">ALPS &amp; HANGAR-7<\/a>\t                    <\/h4>\n<p>Adventure time: 6 hours<br \/>\nFlight time: 1 hour 30 minutes<br \/>\nAvailability:\u00a0May to October<\/p>\n<p>\t\t\t<a href=\"https:\/\/blueskyadventures.cz\/en\/?post_type=product&#038;p=3917\" target=\"_self\" role=\"button\"><br \/>\n\t\t\t\t\t\t\tMORE<br \/>\n\t\t<\/a><br \/>\n                12 990,- CZK<br \/>\n                                            <a href=\"https:\/\/blueskyadventures.cz\/en\/product\/trip-karlstejn-castle\/\" target=\"_self\" title=\"TRIP TO KARL\u0160TEJN CASTLE\"><br \/>\n                <img decoding=\"async\" src=\"https:\/\/blueskyadventures.cz\/assets\/uploads\/sites\/536\/2017\/06\/15448-hrad-karlstejn-sal-1200x900-500x500.jpg\" alt=\"\" \/><br \/>\n                <\/a><\/p>\n<h4>\n                <a href=\"https:\/\/blueskyadventures.cz\/en\/product\/trip-karlstejn-castle\/\" title=\"TRIP\">TRIP TO KARL\u0160TEJN CASTLE<\/a>\t                    <\/h4>\n<p>Adventure time: 6 hours<br \/>\nFlight time: 15\u00a0minutes<br \/>\nAvailability: May to October<\/p>\n<p>\t\t\t<a href=\"https:\/\/blueskyadventures.cz\/en\/product\/trip-karlstejn-castle\/\" target=\"_self\" role=\"button\"><br \/>\n\t\t\t\t\t\t\tMORE<br \/>\n\t\t<\/a><br \/>\n                19 990,- CZK<br \/>\n                                            <a href=\"https:\/\/blueskyadventures.cz\/en\/product\/trip-karlovy-vary\/\" target=\"_self\" title=\"TRIP TO KARLOVY VARY\"><br \/>\n                <img decoding=\"async\" src=\"https:\/\/blueskyadventures.cz\/assets\/uploads\/sites\/536\/2017\/06\/large-500x500.jpg\" alt=\"\" \/><br \/>\n                <\/a><\/p>\n<h4>\n                <a href=\"https:\/\/blueskyadventures.cz\/en\/product\/trip-karlovy-vary\/\" title=\"TRIP\">TRIP TO KARLOVY VARY<\/a>\t                    <\/h4>\n<p>Adventure time: 1\u00a0day<br \/>\nFlight time: 30 minutes<br \/>\nAvailability: May to October<\/p>\n<p>\t\t\t<a href=\"https:\/\/blueskyadventures.cz\/en\/product\/trip-karlovy-vary\/\" target=\"_self\" role=\"button\"><br \/>\n\t\t\t\t\t\t\tMORE<br \/>\n\t\t<\/a><br \/>\n                23 990,- CZK<br \/>\n                                            <a href=\"https:\/\/blueskyadventures.cz\/en\/product\/trip-to-cesky-krumlov\/\" target=\"_self\" title=\"TRIP TO \u010cESK\u00dd KRUMLOV\"><br \/>\n                <img decoding=\"async\" src=\"https:\/\/blueskyadventures.cz\/assets\/uploads\/sites\/536\/2017\/06\/Cesky-Krumlov-IMG_2433-web_compressed-500x500.jpg\" alt=\"\" \/><br \/>\n                <\/a><\/p>\n<h4>\n                <a href=\"https:\/\/blueskyadventures.cz\/en\/product\/trip-to-cesky-krumlov\/\" title=\"TRIP\">TRIP TO \u010cESK\u00dd KRUMLOV<\/a>\t                    <\/h4>\n<p>Adventure time:\u00a01\u00a0day<br \/>\nFlight time:\u00a045 minutes<br \/>\nAvailability:\u00a0May to October<\/p>\n<p>\t\t\t<a href=\"https:\/\/blueskyadventures.cz\/en\/product\/trip-to-cesky-krumlov\/\" target=\"_self\" role=\"button\"><br \/>\n\t\t\t\t\t\t\tMORE<br \/>\n\t\t<\/a><br \/>\n                31 990,- CZK<br \/>\n                                            <a href=\"https:\/\/blueskyadventures.cz\/en\/product\/vineyards-south-moravia-degustation-vine\/\" target=\"_self\" title=\"VINEYARDS OF SOUTH MORAVIA WITH DEGUSTATION\"><br \/>\n                <img decoding=\"async\" src=\"https:\/\/blueskyadventures.cz\/assets\/uploads\/sites\/536\/2017\/06\/80117efd70_80370777_o2-500x500.jpg\" alt=\"\" \/><br \/>\n                <\/a><\/p>\n<h4>\n                <a href=\"https:\/\/blueskyadventures.cz\/en\/product\/vineyards-south-moravia-degustation-vine\/\" title=\"VINEYARDS\">VINEYARDS OF SOUTH MORAVIA WITH DEGUSTATION<\/a>\t                    <\/h4>\n<p>Adventure time: 1\u00a0day<br \/>\nFlight time: 1 hour<br \/>\nAvailability: May to October<\/p>\n<p>\t\t\t<a href=\"https:\/\/blueskyadventures.cz\/en\/product\/vineyards-south-moravia-degustation-vine\/\" target=\"_self\" role=\"button\"><br \/>\n\t\t\t\t\t\t\tMORE<br \/>\n\t\t<\/a><\/p>\n","protected":false},"excerpt":{"rendered":"<p>All Flight trips Helicopter flights Pilot on trial Sightseeing flights 3 990,- CZK SIGHTSEEING FLIGHT KARL\u0160TEJN Flight time:\u00a030 minutes Availability:\u00a0whole year MORE 4 990,- CZK SIGHTSEEING FLIGHT PRAGUE Flight time: 40 minutes Availability: whole year MORE 4 990,- CZK CASTLES AND CHATEAUX Flight time:\u00a040 minutes Availability:\u00a0whole year MORE 5 390,- CZK ROMANTIC FLIGHT Flight time:&hellip;<\/p>\n","protected":false},"author":1,"featured_media":0,"parent":0,"menu_order":0,"comment_status":"closed","ping_status":"closed","template":"","meta":{"footnotes":""},"class_list":["post-3729","page","type-page","status-publish","hentry"],"yoast_head":"<title>Flights - BlueSkyAdventures<\/title>\n<meta name=\"robots\" content=\"index, follow, max-snippet:-1, max-image-preview:large, max-video-preview:-1\" \/>\n<link rel=\"canonical\" href=\"https:\/\/blueskyadventures.cz\/en\/flights\/\" \/>\n<meta property=\"og:locale\" content=\"en_US\" \/>\n<meta property=\"og:type\" content=\"article\" \/>\n<meta property=\"og:title\" content=\"Flights - BlueSkyAdventures\" \/>\n<meta property=\"og:description\" content=\"All Flight trips Helicopter flights Pilot on trial Sightseeing flights 3 990,- CZK SIGHTSEEING FLIGHT KARL\u0160TEJN Flight time:\u00a030 minutes Availability:\u00a0whole year MORE 4 990,- CZK SIGHTSEEING FLIGHT PRAGUE Flight time: 40 minutes Availability: whole year MORE 4 990,- CZK CASTLES AND CHATEAUX Flight time:\u00a040 minutes Availability:\u00a0whole year MORE 5 390,- CZK ROMANTIC FLIGHT Flight time:&hellip;\" \/>\n<meta property=\"og:url\" content=\"https:\/\/blueskyadventures.cz\/en\/flights\/\" \/>\n<meta property=\"og:site_name\" content=\"BlueSkyAdventures\" \/>\n<meta property=\"article:modified_time\" content=\"2018-07-25T10:34:58+00:00\" \/>\n<meta property=\"og:image\" content=\"https:\/\/blueskyadventures.cz\/assets\/uploads\/sites\/536\/2017\/06\/karlstejn-1-500x500.jpg\" \/>\n<meta name=\"twitter:card\" content=\"summary_large_image\" \/>\n<meta name=\"twitter:label1\" content=\"Est. reading time\" \/>\n\t<meta name=\"twitter:data1\" content=\"1 minute\" \/>\n<script type=\"application\/ld+json\" class=\"yoast-schema-graph\">{\"@context\":\"https:\/\/schema.org\",\"@graph\":[{\"@type\":\"WebPage\",\"@id\":\"https:\/\/blueskyadventures.cz\/en\/flights\/\",\"url\":\"https:\/\/blueskyadventures.cz\/en\/flights\/\",\"name\":\"Flights - BlueSkyAdventures\",\"isPartOf\":{\"@id\":\"https:\/\/blueskyadventures.cz\/ru\/#website\"},\"datePublished\":\"2017-06-07T11:37:16+00:00\",\"dateModified\":\"2018-07-25T10:34:58+00:00\",\"breadcrumb\":{\"@id\":\"https:\/\/blueskyadventures.cz\/en\/flights\/#breadcrumb\"},\"inLanguage\":\"en-US\",\"potentialAction\":[{\"@type\":\"ReadAction\",\"target\":[\"https:\/\/blueskyadventures.cz\/en\/flights\/\"]}]},{\"@type\":\"BreadcrumbList\",\"@id\":\"https:\/\/blueskyadventures.cz\/en\/flights\/#breadcrumb\",\"itemListElement\":[{\"@type\":\"ListItem\",\"position\":1,\"name\":\"\u0413\u043b\u0430\u0432\u043d\u0430\u044f \u0441\u0442\u0440\u0430\u043d\u0438\u0446\u0430\",\"item\":\"https:\/\/blueskyadventures.cz\/en\/\"},{\"@type\":\"ListItem\",\"position\":2,\"name\":\"Flights\"}]},{\"@type\":\"WebSite\",\"@id\":\"https:\/\/blueskyadventures.cz\/ru\/#website\",\"url\":\"https:\/\/blueskyadventures.cz\/ru\/\",\"name\":\"BlueSkyAdventures\",\"description\":\"Nejkr\u00e1sn\u011bj\u0161\u00ed vyhl\u00eddkov\u00e9 lety a leteck\u00e9 z\u00e1\u017eitky v \u010cech\u00e1ch\",\"potentialAction\":[{\"@type\":\"SearchAction\",\"target\":{\"@type\":\"EntryPoint\",\"urlTemplate\":\"https:\/\/blueskyadventures.cz\/ru\/?s={search_term_string}\"},\"query-input\":\"required name=search_term_string\"}],\"inLanguage\":\"en-US\"}]}<\/script>","yoast_head_json":{"title":"Flights - BlueSkyAdventures","robots":{"index":"index","follow":"follow","max-snippet":"max-snippet:-1","max-image-preview":"max-image-preview:large","max-video-preview":"max-video-preview:-1"},"canonical":"https:\/\/blueskyadventures.cz\/en\/flights\/","og_locale":"en_US","og_type":"article","og_title":"Flights - BlueSkyAdventures","og_description":"All Flight trips Helicopter flights Pilot on trial Sightseeing flights 3 990,- CZK SIGHTSEEING FLIGHT KARL\u0160TEJN Flight time:\u00a030 minutes Availability:\u00a0whole year MORE 4 990,- CZK SIGHTSEEING FLIGHT PRAGUE Flight time: 40 minutes Availability: whole year MORE 4 990,- CZK CASTLES AND CHATEAUX Flight time:\u00a040 minutes Availability:\u00a0whole year MORE 5 390,- CZK ROMANTIC FLIGHT Flight time:&hellip;","og_url":"https:\/\/blueskyadventures.cz\/en\/flights\/","og_site_name":"BlueSkyAdventures","article_modified_time":"2018-07-25T10:34:58+00:00","og_image":[{"url":"https:\/\/blueskyadventures.cz\/assets\/uploads\/sites\/536\/2017\/06\/karlstejn-1-500x500.jpg"}],"twitter_card":"summary_large_image","twitter_misc":{"Est. reading time":"1 minute"},"schema":{"@context":"https:\/\/schema.org","@graph":[{"@type":"WebPage","@id":"https:\/\/blueskyadventures.cz\/en\/flights\/","url":"https:\/\/blueskyadventures.cz\/en\/flights\/","name":"Flights - BlueSkyAdventures","isPartOf":{"@id":"https:\/\/blueskyadventures.cz\/ru\/#website"},"datePublished":"2017-06-07T11:37:16+00:00","dateModified":"2018-07-25T10:34:58+00:00","breadcrumb":{"@id":"https:\/\/blueskyadventures.cz\/en\/flights\/#breadcrumb"},"inLanguage":"en-US","potentialAction":[{"@type":"ReadAction","target":["https:\/\/blueskyadventures.cz\/en\/flights\/"]}]},{"@type":"BreadcrumbList","@id":"https:\/\/blueskyadventures.cz\/en\/flights\/#breadcrumb","itemListElement":[{"@type":"ListItem","position":1,"name":"\u0413\u043b\u0430\u0432\u043d\u0430\u044f \u0441\u0442\u0440\u0430\u043d\u0438\u0446\u0430","item":"https:\/\/blueskyadventures.cz\/en\/"},{"@type":"ListItem","position":2,"name":"Flights"}]},{"@type":"WebSite","@id":"https:\/\/blueskyadventures.cz\/ru\/#website","url":"https:\/\/blueskyadventures.cz\/ru\/","name":"BlueSkyAdventures","description":"Nejkr\u00e1sn\u011bj\u0161\u00ed vyhl\u00eddkov\u00e9 lety a leteck\u00e9 z\u00e1\u017eitky v \u010cech\u00e1ch","potentialAction":[{"@type":"SearchAction","target":{"@type":"EntryPoint","urlTemplate":"https:\/\/blueskyadventures.cz\/ru\/?s={search_term_string}"},"query-input":"required name=search_term_string"}],"inLanguage":"en-US"}]}},"_links":{"self":[{"href":"https:\/\/blueskyadventures.cz\/en\/wp-json\/wp\/v2\/pages\/3729","targetHints":{"allow":["GET"]}}],"collection":[{"href":"https:\/\/blueskyadventures.cz\/en\/wp-json\/wp\/v2\/pages"}],"about":[{"href":"https:\/\/blueskyadventures.cz\/en\/wp-json\/wp\/v2\/types\/page"}],"author":[{"embeddable":true,"href":"https:\/\/blueskyadventures.cz\/en\/wp-json\/wp\/v2\/users\/1"}],"replies":[{"embeddable":true,"href":"https:\/\/blueskyadventures.cz\/en\/wp-json\/wp\/v2\/comments?post=3729"}],"version-history":[{"count":7,"href":"https:\/\/blueskyadventures.cz\/en\/wp-json\/wp\/v2\/pages\/3729\/revisions"}],"predecessor-version":[{"id":9471,"href":"https:\/\/blueskyadventures.cz\/en\/wp-json\/wp\/v2\/pages\/3729\/revisions\/9471"}],"wp:attachment":[{"href":"https:\/\/blueskyadventures.cz\/en\/wp-json\/wp\/v2\/media?parent=3729"}],"curies":[{"name":"wp","href":"https:\/\/api.w.org\/{rel}","templated":true}]}}