{"id":3730,"date":"2016-10-11T11:02:49","date_gmt":"2016-10-11T09:02:49","guid":{"rendered":"https:\/\/blueskyadventures.cz\/home\/"},"modified":"2024-05-31T13:41:34","modified_gmt":"2024-05-31T11:41:34","slug":"home","status":"publish","type":"page","link":"https:\/\/blueskyadventures.cz\/en\/","title":{"rendered":"Home"},"content":{"rendered":"\n\n\t\t\t\t<p>TRANSFER TO THE AIRPORT<\/p>\n\t\t\t\t<p>EASY BOOKING<\/p>\n\t\t\t\t<p>ON-LINE\u00a0PAYMENT<\/p>\n\t\t\t\t<p>GIFT CERTIFICATE<\/p>\n\t\t\t<h2>The most beautiful sightseeing flights in Prague and Central Bohemia<\/h2>\t\t\t\n\t\t\t\t<img decoding=\"async\" src=\"https:\/\/blueskyadventures.cz\/assets\/uploads\/sites\/536\/2024\/05\/pilotem-na-zkousku-800x600-1.jpg\" alt=\"pilotem-na-zkousku_800x600\"\/>\n\t\t\t<h2>PILOT ON TRIAL<\/h2>\n\t\t\t\t<p><a href=\"https:\/\/blueskyadventures.cz\/en\/flights\/?bsa-filter=pilot-on-trial\">More<\/a><\/p>\n\t\t<a href=\"https:\/\/blueskyadventures.cz\/en\/flights\/?bsa-filter= 33\" target=\"\" aria-label=\"Go to https:\/\/blueskyadventures.cz\/en\/flights\/?bsa-filter= 33\" rel=\"noopener\"><\/a>\n\t\t\t\t<img decoding=\"async\" src=\"https:\/\/blueskyadventures.cz\/assets\/uploads\/sites\/536\/2024\/05\/lety-letadlem6-800x600-1.jpg\" alt=\"lety-letadlem6_800x600\"\/>\n\t\t\t<h2>AIRPLANE FLIGHTS<\/h2>\n\t\t\t\t<p><a href=\"flights\/?bsa-filter=sightseeing-flights\">More<\/a><\/p>\n\t\t<a href=\"https:\/\/blueskyadventures.cz\/en\/flights\/?bsa-filter=28\" target=\"\" aria-label=\"Go to https:\/\/blueskyadventures.cz\/en\/flights\/?bsa-filter=28\" rel=\"noopener\"><\/a>\n\t\t\t\t<img decoding=\"async\" src=\"https:\/\/blueskyadventures.cz\/assets\/uploads\/sites\/536\/2024\/05\/lety-vrtulnikem-800x600-1.jpg\" alt=\"lety-vrtulnikem_800x600\"\/>\n\t\t\t<h2>HELICOPTER FLIGHTS<\/h2>\n\t\t\t\t<p><a href=\"flights\/?bsa-filter=helicopter-flights\">More<\/a><\/p>\n\t\t<a href=\"https:\/\/blueskyadventures.cz\/en\/flights\/?bsa-filter=112\" target=\"\" aria-label=\"Go to https:\/\/blueskyadventures.cz\/en\/flights\/?bsa-filter=112\" rel=\"noopener\"><\/a>\n\t\t\t\t<img decoding=\"async\" src=\"https:\/\/blueskyadventures.cz\/assets\/uploads\/sites\/536\/2017\/08\/alpy_columbia2.jpg\" alt=\"alpy_columbia2\"\/>\n\t\t\t<h2>FLIGHT TRIPS<\/h2>\n\t\t\t\t<p><a href=\"https:\/\/blueskyadventures.cz\/en\/flights\/?bsa-filter=flight-trips\">More<\/a><\/p>\n\t\t<a href=\"https:\/\/blueskyadventures.cz\/en\/flights\/?bsa-filter=32\" target=\"\" aria-label=\"Go to https:\/\/blueskyadventures.cz\/en\/flights\/?bsa-filter=32\" rel=\"noopener\"><\/a>\n\t\t\t<h1>AEROTAXI<\/h1>\t\t\t\n\t\t\t\t<p>Charter service<\/p>\n\t\t\t<a href=\"https:\/\/blueskyadventures.cz\/en\/aerotaxi\/\" target=\"_self\" role=\"button\" aria-label=\"MORE\" rel=\"noopener\">\n\t\t\t\t\t\t\tMORE\n\t\t<\/a>\n\t<a href=\"https:\/\/blueskyadventures.cz\/en\/gift-certificates\/\" target=\"_self\" aria-label=\"Go to https:\/\/blueskyadventures.cz\/en\/gift-certificates\/\" rel=\"noopener\"><\/a>\n\t\t<h3>GIFT CERTIFICATE<\/h3>\t\t\t\n\t\t\t\t<p>Gift rises! You will estimate.\u00a0Gift any flights from our offer!<br \/>Enjoy your beloved, frineds and colleagues from work.<\/p>\n\t<a href=\"https:\/\/blueskyadventures.cz\/en\/aviation-gifts\/\" target=\"_self\" aria-label=\"Go to https:\/\/blueskyadventures.cz\/en\/aviation-gifts\/\" rel=\"noopener\"><\/a>\n\t\t<h3>AVIATION GIFTS<\/h3>\t\t\t\n\t\t\t\t<p>Make yourself or your friends happy with our aviation gifts!<br \/>Just choose!<\/p>\n\t<a href=\"https:\/\/blueskyadventures.cz\/en\/tips-for-trips\/\" target=\"_self\" aria-label=\"Go to https:\/\/blueskyadventures.cz\/en\/tips-for-trips\/\" rel=\"noopener\"><\/a>\n\t\t<h3>TIPS FOR TRIPS<\/h3>\t\t\t\n\t\t\t\t<p>What do our customers like?\u00a0Where do pilots prefer to fly?<br \/>Which routes are the most popular?<\/p>\n\t<h3>\n\t\t\t\tOur partners\n\t\t\t<\/h3>\n\t\t\t\t<a href=\"http:\/\/blueskyaviation.cz\/\" target=\"_blank\" rel=\"noopener\" itemprop=\"url\">\n\t\t\t\t<img decoding=\"async\" src=\"https:\/\/blueskyadventures.cz\/assets\/uploads\/sites\/536\/2017\/06\/logo-bsa_orange.png\" alt=\"logo-bsa_orange\" title=\"logo-bsa_orange\" itemprop=\"image\"  \/>\n\t\t\t\t\t\t<\/a>\n\t\t\t\t<a href=\"http:\/\/www.antonio.eu\/\" target=\"_blank\" rel=\"noopener\" itemprop=\"url\">\n\t\t\t\t<img decoding=\"async\" src=\"https:\/\/blueskyadventures.cz\/assets\/uploads\/sites\/536\/2017\/06\/antonio_logo.png\" alt=\"antonio_logo\" title=\"antonio_logo\" itemprop=\"image\"  \/>\n\t\t\t\t\t\t<\/a>\n\n","protected":false},"excerpt":{"rendered":"<p>TRANSFER TO THE AIRPORT EASY BOOKING ON-LINE\u00a0PAYMENT GIFT CERTIFICATE The most beautiful sightseeing flights in Prague and Central Bohemia PILOT ON TRIAL More AIRPLANE FLIGHTS More HELICOPTER FLIGHTS More FLIGHT TRIPS More AEROTAXI Charter service MORE GIFT CERTIFICATE Gift rises! You will estimate.\u00a0Gift any flights from our offer!Enjoy your beloved, frineds and colleagues from work.&hellip;<\/p>\n","protected":false},"author":1,"featured_media":0,"parent":0,"menu_order":0,"comment_status":"closed","ping_status":"closed","template":"","meta":{"footnotes":""},"class_list":["post-3730","page","type-page","status-publish","hentry"],"yoast_head":"<title>BlueSkyAdventures - Nejkr\u00e1sn\u011bj\u0161\u00ed vyhl\u00eddkov\u00e9 lety a leteck\u00e9 z\u00e1\u017eitky v \u010cech\u00e1ch<\/title>\n<meta name=\"robots\" content=\"index, follow, max-snippet:-1, max-image-preview:large, max-video-preview:-1\" \/>\n<link rel=\"canonical\" href=\"https:\/\/blueskyadventures.cz\/en\/\" \/>\n<meta property=\"og:locale\" content=\"en_US\" \/>\n<meta property=\"og:type\" content=\"article\" \/>\n<meta property=\"og:title\" content=\"BlueSkyAdventures - Nejkr\u00e1sn\u011bj\u0161\u00ed vyhl\u00eddkov\u00e9 lety a leteck\u00e9 z\u00e1\u017eitky v \u010cech\u00e1ch\" \/>\n<meta property=\"og:description\" content=\"TRANSFER TO THE AIRPORT EASY BOOKING ON-LINE\u00a0PAYMENT GIFT CERTIFICATE The most beautiful sightseeing flights in Prague and Central Bohemia PILOT ON TRIAL More AIRPLANE FLIGHTS More HELICOPTER FLIGHTS More FLIGHT TRIPS More AEROTAXI Charter service MORE GIFT CERTIFICATE Gift rises! You will estimate.\u00a0Gift any flights from our offer!Enjoy your beloved, frineds and colleagues from work.&hellip;\" \/>\n<meta property=\"og:url\" content=\"https:\/\/blueskyadventures.cz\/en\/\" \/>\n<meta property=\"og:site_name\" content=\"BlueSkyAdventures\" \/>\n<meta property=\"article:modified_time\" content=\"2024-05-31T11:41:34+00:00\" \/>\n<meta property=\"og:image\" content=\"https:\/\/blueskyadventures.cz\/assets\/uploads\/sites\/536\/2024\/05\/pilotem-na-zkousku-800x600-1.jpg\" \/>\n<meta name=\"twitter:card\" content=\"summary_large_image\" \/>\n<script type=\"application\/ld+json\" class=\"yoast-schema-graph\">{\"@context\":\"https:\/\/schema.org\",\"@graph\":[{\"@type\":\"WebPage\",\"@id\":\"https:\/\/blueskyadventures.cz\/en\/\",\"url\":\"https:\/\/blueskyadventures.cz\/en\/\",\"name\":\"BlueSkyAdventures - Nejkr\u00e1sn\u011bj\u0161\u00ed vyhl\u00eddkov\u00e9 lety a leteck\u00e9 z\u00e1\u017eitky v \u010cech\u00e1ch\",\"isPartOf\":{\"@id\":\"https:\/\/blueskyadventures.cz\/ru\/#website\"},\"datePublished\":\"2016-10-11T09:02:49+00:00\",\"dateModified\":\"2024-05-31T11:41:34+00:00\",\"breadcrumb\":{\"@id\":\"https:\/\/blueskyadventures.cz\/en\/#breadcrumb\"},\"inLanguage\":\"en-US\",\"potentialAction\":[{\"@type\":\"ReadAction\",\"target\":[\"https:\/\/blueskyadventures.cz\/en\/\"]}]},{\"@type\":\"BreadcrumbList\",\"@id\":\"https:\/\/blueskyadventures.cz\/en\/#breadcrumb\",\"itemListElement\":[{\"@type\":\"ListItem\",\"position\":1,\"name\":\"\u0413\u043b\u0430\u0432\u043d\u0430\u044f \u0441\u0442\u0440\u0430\u043d\u0438\u0446\u0430\",\"item\":\"https:\/\/blueskyadventures.cz\/en\/\"},{\"@type\":\"ListItem\",\"position\":2,\"name\":\"Home\"}]},{\"@type\":\"WebSite\",\"@id\":\"https:\/\/blueskyadventures.cz\/ru\/#website\",\"url\":\"https:\/\/blueskyadventures.cz\/ru\/\",\"name\":\"BlueSkyAdventures\",\"description\":\"Nejkr\u00e1sn\u011bj\u0161\u00ed vyhl\u00eddkov\u00e9 lety a leteck\u00e9 z\u00e1\u017eitky v \u010cech\u00e1ch\",\"potentialAction\":[{\"@type\":\"SearchAction\",\"target\":{\"@type\":\"EntryPoint\",\"urlTemplate\":\"https:\/\/blueskyadventures.cz\/ru\/?s={search_term_string}\"},\"query-input\":\"required name=search_term_string\"}],\"inLanguage\":\"en-US\"}]}<\/script>","yoast_head_json":{"title":"BlueSkyAdventures - Nejkr\u00e1sn\u011bj\u0161\u00ed vyhl\u00eddkov\u00e9 lety a leteck\u00e9 z\u00e1\u017eitky v \u010cech\u00e1ch","robots":{"index":"index","follow":"follow","max-snippet":"max-snippet:-1","max-image-preview":"max-image-preview:large","max-video-preview":"max-video-preview:-1"},"canonical":"https:\/\/blueskyadventures.cz\/en\/","og_locale":"en_US","og_type":"article","og_title":"BlueSkyAdventures - Nejkr\u00e1sn\u011bj\u0161\u00ed vyhl\u00eddkov\u00e9 lety a leteck\u00e9 z\u00e1\u017eitky v \u010cech\u00e1ch","og_description":"TRANSFER TO THE AIRPORT EASY BOOKING ON-LINE\u00a0PAYMENT GIFT CERTIFICATE The most beautiful sightseeing flights in Prague and Central Bohemia PILOT ON TRIAL More AIRPLANE FLIGHTS More HELICOPTER FLIGHTS More FLIGHT TRIPS More AEROTAXI Charter service MORE GIFT CERTIFICATE Gift rises! You will estimate.\u00a0Gift any flights from our offer!Enjoy your beloved, frineds and colleagues from work.&hellip;","og_url":"https:\/\/blueskyadventures.cz\/en\/","og_site_name":"BlueSkyAdventures","article_modified_time":"2024-05-31T11:41:34+00:00","og_image":[{"url":"https:\/\/blueskyadventures.cz\/assets\/uploads\/sites\/536\/2024\/05\/pilotem-na-zkousku-800x600-1.jpg"}],"twitter_card":"summary_large_image","schema":{"@context":"https:\/\/schema.org","@graph":[{"@type":"WebPage","@id":"https:\/\/blueskyadventures.cz\/en\/","url":"https:\/\/blueskyadventures.cz\/en\/","name":"BlueSkyAdventures - Nejkr\u00e1sn\u011bj\u0161\u00ed vyhl\u00eddkov\u00e9 lety a leteck\u00e9 z\u00e1\u017eitky v \u010cech\u00e1ch","isPartOf":{"@id":"https:\/\/blueskyadventures.cz\/ru\/#website"},"datePublished":"2016-10-11T09:02:49+00:00","dateModified":"2024-05-31T11:41:34+00:00","breadcrumb":{"@id":"https:\/\/blueskyadventures.cz\/en\/#breadcrumb"},"inLanguage":"en-US","potentialAction":[{"@type":"ReadAction","target":["https:\/\/blueskyadventures.cz\/en\/"]}]},{"@type":"BreadcrumbList","@id":"https:\/\/blueskyadventures.cz\/en\/#breadcrumb","itemListElement":[{"@type":"ListItem","position":1,"name":"\u0413\u043b\u0430\u0432\u043d\u0430\u044f \u0441\u0442\u0440\u0430\u043d\u0438\u0446\u0430","item":"https:\/\/blueskyadventures.cz\/en\/"},{"@type":"ListItem","position":2,"name":"Home"}]},{"@type":"WebSite","@id":"https:\/\/blueskyadventures.cz\/ru\/#website","url":"https:\/\/blueskyadventures.cz\/ru\/","name":"BlueSkyAdventures","description":"Nejkr\u00e1sn\u011bj\u0161\u00ed vyhl\u00eddkov\u00e9 lety a leteck\u00e9 z\u00e1\u017eitky v \u010cech\u00e1ch","potentialAction":[{"@type":"SearchAction","target":{"@type":"EntryPoint","urlTemplate":"https:\/\/blueskyadventures.cz\/ru\/?s={search_term_string}"},"query-input":"required name=search_term_string"}],"inLanguage":"en-US"}]}},"_links":{"self":[{"href":"https:\/\/blueskyadventures.cz\/en\/wp-json\/wp\/v2\/pages\/3730","targetHints":{"allow":["GET"]}}],"collection":[{"href":"https:\/\/blueskyadventures.cz\/en\/wp-json\/wp\/v2\/pages"}],"about":[{"href":"https:\/\/blueskyadventures.cz\/en\/wp-json\/wp\/v2\/types\/page"}],"author":[{"embeddable":true,"href":"https:\/\/blueskyadventures.cz\/en\/wp-json\/wp\/v2\/users\/1"}],"replies":[{"embeddable":true,"href":"https:\/\/blueskyadventures.cz\/en\/wp-json\/wp\/v2\/comments?post=3730"}],"version-history":[{"count":19,"href":"https:\/\/blueskyadventures.cz\/en\/wp-json\/wp\/v2\/pages\/3730\/revisions"}],"predecessor-version":[{"id":11922,"href":"https:\/\/blueskyadventures.cz\/en\/wp-json\/wp\/v2\/pages\/3730\/revisions\/11922"}],"wp:attachment":[{"href":"https:\/\/blueskyadventures.cz\/en\/wp-json\/wp\/v2\/media?parent=3730"}],"curies":[{"name":"wp","href":"https:\/\/api.w.org\/{rel}","templated":true}]}}