{"id":3732,"date":"2017-06-07T13:37:55","date_gmt":"2017-06-07T11:37:55","guid":{"rendered":"https:\/\/blueskyadventures.cz\/o-nas\/"},"modified":"2020-10-20T20:50:09","modified_gmt":"2020-10-20T18:50:09","slug":"about-us","status":"publish","type":"page","link":"https:\/\/blueskyadventures.cz\/en\/about-us\/","title":{"rendered":"About us"},"content":{"rendered":"\n\t\t\t<h1>ABOUT US<\/h1>\n\t\t\t\t<p>BLUE SKY ADVENTURES.CZ is a web portal with flight experiences operated by flight organization BLUE SKY AVIATION s.r.o.<\/p>\n\t<a href=\"https:\/\/blueskyadventures.cz\/en\/about-us\/#ourteam\" target=\"_self\" rel=\"noopener noreferrer\"><\/a>\n\t\t<h4>OUR TEAM<\/h4>\t\t\t\n\t<a href=\"https:\/\/blueskyadventures.cz\/en\/about-us\/#acfts\" target=\"_self\" rel=\"noopener noreferrer\"><\/a>\n\t\t<h4>AIRCRAFT<\/h4>\t\t\t\n\t<a href=\"https:\/\/blueskyadventures.cz\/en\/about-us\/#certifs\" target=\"_self\" rel=\"noopener noreferrer\"><\/a>\n\t\t<h4>CERTIFICATES<\/h4>\t\t\t\n\t<a href=\"https:\/\/blueskyadventures.cz\/en\/about-us\/#feedback\" target=\"_self\" rel=\"noopener noreferrer\"><\/a>\n\t\t<h4>TESTIMONIALS<\/h4>\t\t\t\n\t<a href=\"https:\/\/blueskyadventures.cz\/en\/about-us\/#gtc\" target=\"_self\" rel=\"noopener noreferrer\"><\/a>\n\t\t<h4>T&amp;C<\/h4>\t\t\t\n\t\t<h1>OUR TEAM<\/h1><h3>Let&#8217;s become acquainted!<\/h3>\t\t\t\n\t\t\t\t<img loading=\"lazy\" decoding=\"async\" src=\"https:\/\/blueskyadventures.cz\/assets\/uploads\/sites\/536\/2020\/10\/039.jpg\" alt=\"039\" height=\"1363\" width=\"2048\" title=\"039\" \/>\n\t\t<h1>OUR AIRCRAFT FLEET<\/h1><h3>Take a look!<\/h3>\t\t\t\n\t\t\t\t<img decoding=\"async\" src=\"https:\/\/blueskyadventures.cz\/assets\/uploads\/sites\/536\/2020\/10\/c350-okwsm_800x360.jpg\" alt=\"c350-okwsm_800x360\" title=\"c350-okwsm_800x360\" \/>\n\t\t<h3>CESSNA 350 | OK-WSM<\/h3>\t\t\t\n\t\t\t\t<table width=\"350\">\n<tbody>\n<tr>\n<td width=\"40%\">Speed:<\/td>\n<td width=\"60%\">190 knots (352 km\/h, 219 mph)<\/td>\n<\/tr>\n<tr>\n<td>Crew:<\/td>\n<td>1 pilot, 3 pax<\/td>\n<\/tr>\n<tr>\n<td>Engine rating:<\/td>\n<td>310\u00a0hp<\/td>\n<\/tr>\n<tr>\n<td>Avionics:<\/td>\n<td>Garmin 1000, Autopilot<\/td>\n<\/tr>\n<\/tbody>\n<\/table>\n\t\t\t\t<img decoding=\"async\" src=\"https:\/\/blueskyadventures.cz\/assets\/uploads\/sites\/536\/2020\/10\/da42-okger_800x360.jpg\" alt=\"da42-okger_800x360\" title=\"da42-okger_800x360\" \/>\n\t\t<h3>DIAMOND DA42 | OK-GER<\/h3>\t\t\t\n\t\t\t\t<table width=\"350\">\n<tbody>\n<tr>\n<td width=\"40%\">Speed:<\/td>\n<td width=\"60%\">155 knots (280 km\/h, 170 mph)<\/td>\n<\/tr>\n<tr>\n<td>Crew:<\/td>\n<td>1 pilot, 3 pax<\/td>\n<\/tr>\n<tr>\n<td>Engine rating:<\/td>\n<td>310 hp<\/td>\n<\/tr>\n<tr>\n<td>Avionics:<\/td>\n<td>Garmin 1000, Autopilot<\/td>\n<\/tr>\n<\/tbody>\n<\/table>\n\t\t\t\t<img decoding=\"async\" src=\"https:\/\/blueskyadventures.cz\/assets\/uploads\/sites\/536\/2020\/10\/c172-okrtr_800x360.jpg\" alt=\"c172-okrtr_800x360\" title=\"c172-okrtr_800x360\" \/>\n\t\t<h3>CESSNA 172SP | OK-RTR<\/h3>\t\t\t\n\t\t\t\t<table width=\"350\">\n<tbody>\n<tr>\n<td width=\"40%\">Speed:<\/td>\n<td width=\"60%\">124 knots (230 km\/h, 143 mph)<\/td>\n<\/tr>\n<tr>\n<td>Crew:<\/td>\n<td>1 pilot, 3 pax<\/td>\n<\/tr>\n<tr>\n<td>Engine rating:<\/td>\n<td>180\u00a0hp<\/td>\n<\/tr>\n<tr>\n<td>Avionics:<\/td>\n<td>Garmin 1000, Autopilot<\/td>\n<\/tr>\n<\/tbody>\n<\/table>\n\t\t\t\t<img decoding=\"async\" src=\"https:\/\/blueskyadventures.cz\/assets\/uploads\/sites\/536\/2020\/10\/guimbal-g2-okgui_800x360.jpg\" alt=\"guimbal-g2-okgui_800x360\" title=\"guimbal-g2-okgui_800x360\" \/>\n\t\t<h3>GUIMBAL G2 | OK-GUI<\/h3>\t\t\t\n\t\t\t\t<table width=\"350\">\n<tbody>\n<tr>\n<td width=\"40%\">Speed:<\/td>\n<td width=\"60%\">100 knots (180 km\/h)<\/td>\n<\/tr>\n<tr>\n<td>Crew:<\/td>\n<td>1 pilot, 1 pax<\/td>\n<\/tr>\n<tr>\n<td>Engine rating:<\/td>\n<td>180 hp<\/td>\n<\/tr>\n<tr>\n<td>Operation range:<\/td>\n<td>700 km<\/td>\n<\/tr>\n<\/tbody>\n<\/table>\n\t\t\t\t<img decoding=\"async\" src=\"https:\/\/blueskyadventures.cz\/assets\/uploads\/sites\/536\/2020\/10\/c172-okprw_800x360.jpg\" alt=\"c172-okprw_800x360\" title=\"c172-okprw_800x360\" \/>\n\t\t<h3>CESSNA 172SP | OK-PRW<\/h3>\t\t\t\n\t\t\t\t<table width=\"350\">\n<tbody>\n<tr>\n<td width=\"40%\">Speed:<\/td>\n<td width=\"60%\">124 knots (230 km\/h, 143 mph)<\/td>\n<\/tr>\n<tr>\n<td>Crew:<\/td>\n<td>1 pilot, 3 pax<\/td>\n<\/tr>\n<tr>\n<td>Engine rating:<\/td>\n<td>180\u00a0hp<\/td>\n<\/tr>\n<tr>\n<td>Avionics:<\/td>\n<td>Garmin 1000, Autopilot<\/td>\n<\/tr>\n<\/tbody>\n<\/table>\n\t\t\t\t<img decoding=\"async\" src=\"https:\/\/blueskyadventures.cz\/assets\/uploads\/sites\/536\/2020\/10\/c206_okmcp_800x360.jpg\" alt=\"c206_okmcp_800x360\" title=\"c206_okmcp_800x360\" \/>\n\t\t<h3>CESSNA T206H | OK-MCP<\/h3>\t\t\t\n\t\t\t\t<table width=\"350\">\n<tbody>\n<tr>\n<td width=\"40%\">Speed:<\/td>\n<td width=\"60%\">164 knots (304 km\/h, 189 mph)<\/td>\n<\/tr>\n<tr>\n<td>Crew:<\/td>\n<td>1 pilot, 5 pax<\/td>\n<\/tr>\n<tr>\n<td>Engine rating:<\/td>\n<td>310 hp<\/td>\n<\/tr>\n<tr>\n<td>Avionics:<\/td>\n<td>KLN 89B, Autopilot<\/td>\n<\/tr>\n<\/tbody>\n<\/table>\n\t\t<h1>CERTIFICATES<\/h1>\t\t\t\n\t\t\t<h4>Permission to operate aviation works<\/h4>\t\t\t\n\t\t\t\t<p>Statement in accordance with Commission Regulation (EU) 965\/2012 of air traffic<\/p>\n\t\t\t<a href=\"https:\/\/blueskyadventures.cz\/assets\/uploads\/sites\/536\/2017\/06\/Declaration-2017.pdf\" target=\"_blank\" rel=\"noopener noreferrer\" role=\"button\">\n\t\t\t\t\t\t\tCertificate\n\t\t<\/a>\n\t\t\t<h4>Permission to operate Flight School<\/h4>\t\t\t\n\t\t\t\t<p>BLUE SKY AVIATION&#8217;s Certificate of Approved Training Organization (ATO-043)<\/p>\n\t\t\t<a href=\"https:\/\/blueskyadventures.cz\/assets\/uploads\/sites\/536\/2017\/06\/certifikat_ATO.pdf\" target=\"_self\" role=\"button\" rel=\"noopener noreferrer\">\n\t\t\t\t\t\t\tCertificate\n\t\t<\/a>\n\t\t\t<h4>Cessna Pilot Center Certificate<\/h4>\t\t\t\n\t\t\t\t<p>BLUE SKY AVIATION s.r.o. has met the standard requirements and has joined the network of flight training schools to be recognized as a Cessna Pilot Center.<\/p>\n\t\t\t<a href=\"https:\/\/blueskyadventures.cz\/assets\/uploads\/sites\/536\/2017\/09\/Certifikat_BLUE-SKY-AVIATION-s.r.o..pdf\" target=\"_blank\" rel=\"noopener noreferrer\" role=\"button\">\n\t\t\t\t\t\t\tCertificate\n\t\t<\/a>\n\t\t\t<h3>\n\t\t\t\tApproved by\n\t\t\t<\/h3>\n\t\t\t\t<a href=\"http:\/\/blueskyaviation.cz\/\" target=\"_blank\" rel=\"noopener noreferrer\">\n\t\t\t\t<img loading=\"lazy\" decoding=\"async\" src=\"https:\/\/blueskyadventures.cz\/assets\/uploads\/sites\/536\/2017\/06\/kulate_razitko_red-1.png\" alt=\"kulate_razitko_red\" height=\"200\" width=\"200\" title=\"kulate_razitko_red\" \/>\n\t\t\t\t<\/a>\n\t\t\t\t<a href=\"https:\/\/www.eurocontrol.int\/\" target=\"_blank\" rel=\"noopener noreferrer\">\n\t\t\t\t<img loading=\"lazy\" decoding=\"async\" src=\"https:\/\/blueskyadventures.cz\/assets\/uploads\/sites\/536\/2017\/06\/Logo-Eurocontrol-2.png\" alt=\"Logo Eurocontrol\" height=\"149\" width=\"150\" title=\"Logo Eurocontrol\" \/>\n\t\t\t\t<\/a>\n\t\t\t\t<a href=\"http:\/\/cessna.txtav.com\/en\/cpc-locator\" target=\"_blank\" rel=\"noopener noreferrer\">\n\t\t\t\t<img loading=\"lazy\" decoding=\"async\" src=\"https:\/\/blueskyadventures.cz\/assets\/uploads\/sites\/536\/2017\/06\/Cessna-Pilot-Center-Logo-2.png\" alt=\"Cessna-Pilot-Center-Logo\" height=\"176\" width=\"150\" title=\"Cessna-Pilot-Center-Logo\" \/>\n\t\t\t\t<\/a>\n\t\t\t\t<a href=\"http:\/\/www.caa.cz\/\" target=\"_blank\" rel=\"noopener noreferrer\">\n\t\t\t\t<img decoding=\"async\" src=\"https:\/\/blueskyadventures.cz\/assets\/uploads\/sites\/536\/2017\/06\/F-1460289777-logo-2.png\" alt=\"\" \/>\n\t\t\t\t<\/a>\n\t\t\t\t<a href=\"https:\/\/www.easa.europa.eu\/\" target=\"_blank\" rel=\"noopener noreferrer\">\n\t\t\t\t<img loading=\"lazy\" decoding=\"async\" src=\"https:\/\/blueskyadventures.cz\/assets\/uploads\/sites\/536\/2017\/06\/EASA_Logo-4.png\" alt=\"EASA_Logo\" height=\"780\" width=\"2315\" title=\"EASA_Logo\" \/>\n\t\t\t\t<\/a>\n\t\t\t<h1>TESTIMONIALS<\/h1><h3>What our customers say about us!<\/h3>\t\t\t\n\t\t\t\t<img decoding=\"async\" src=\"https:\/\/blueskyadventures.cz\/assets\/uploads\/sites\/536\/bb-plugin\/cache\/kadlecova-circle.jpg\" alt=\"Okru\u017en\u00ed fotolet nad st\u0159edn\u00edmi a severn\u00edmi \u010cechami 5.6.2015 s Blue Sky Aviation\nLibor Svacek, Kaplicka 447, 381 01 Cesky Krumlov, CZ. E- mail:  box@fotosvacek.cz\" title=\"Okru\u017en\u00ed fotolet nad st\u0159edn\u00edmi a severn\u00edmi \u010cechami 5.6.2015 s Blue Sky Aviation\" \/>\n\t\t\t\t\t\t\t<p>\u201cIn the name of my son and my parents, I would like to very much thank you for the amazing experience we had! My parents enjoyed the trip immensely. You and your husband made our Sunday a beautiful one, not least because of the way it was organised and the willingness to help on your part. I must admit that in the case of my Dad, piloting the airplane will most definitely be an unforgettable experience. :-)\u201d<\/p>\t\t\t\t\t\t\n\t\t\t\t\t\t\t\t<h3 class='uabb-testimonial-author-name testimonial-author-name'>REN\u00c1TA KADLECOV\u00c1<\/h3>\t\t\t\t\t\t\t\t\n\t\t\t\t\t\t\t\t\tPilot on trial\t\t\t\t\t\t\t\t\n\t\t\t\t<img decoding=\"async\" src=\"https:\/\/blueskyadventures.cz\/assets\/uploads\/sites\/536\/bb-plugin\/cache\/lapackovi-circle.jpg\" alt=\"Okru\u017en\u00ed fotolet nad st\u0159edn\u00edmi a severn\u00edmi \u010cechami 5.6.2015 s Blue Sky Aviation\nLibor Svacek, Kaplicka 447, 381 01 Cesky Krumlov, CZ. E- mail:  box@fotosvacek.cz\" title=\"Okru\u017en\u00ed fotolet nad st\u0159edn\u00edmi a severn\u00edmi \u010cechami 5.6.2015 s Blue Sky Aviation\" \/>\n\t\t\t\t\t\t\t<p>\u201cWe\u2019ve already found ourselves in the clouds with Blue Sky Aviation on several occasions \u2013 including when we organized a flying day for children. We really appreciate your professional and personable approach, your natural ability to communicate, your helpfulness \u2026 Everything was absolutely perfect!!!\u201d<\/p>\t\t\t\t\t\t\n\t\t\t\t\t\t\t\t<h3 class='uabb-testimonial-author-name testimonial-author-name'>JARMILA a RADEK LAP\u00c1\u010cKOVI <\/h3>\t\t\t\t\t\t\t\t\n\t\t\t\t\t\t\t\t\tFlying day for children\t\t\t\t\t\t\t\t\n\t\t\t\t<img decoding=\"async\" src=\"https:\/\/blueskyadventures.cz\/assets\/uploads\/sites\/536\/bb-plugin\/cache\/kosiner-circle.jpg\" alt=\"Okru\u017en\u00ed fotolet nad st\u0159edn\u00edmi a severn\u00edmi \u010cechami 5.6.2015 s Blue Sky Aviation\nLibor Svacek, Kaplicka 447, 381 01 Cesky Krumlov, CZ. E- mail:  box@fotosvacek.cz\" title=\"Okru\u017en\u00ed fotolet nad st\u0159edn\u00edmi a severn\u00edmi \u010cechami 5.6.2015 s Blue Sky Aviation\" \/>\n\t\t\t\t\t\t\t<p>\u201cWe really enjoyed the flight. It\u2019s totally different to flying in a large commercial airplane. In the beginning you feel a slight twinge of apprehension, but it\u2019s not long before you start to enjoy looking down on the landscape you know but from the ground below \u2026 once again, I\u2019d like to thank our pilot for flying us to our chosen destination.\u201d<\/p>\t\t\t\t\t\t\n\t\t\t\t\t\t\t\t<h3 class='uabb-testimonial-author-name testimonial-author-name'>IVAN KOSINER<\/h3>\t\t\t\t\t\t\t\t\n\t\t\t\t\t\t\t\t\tMy sightseeing flight 60 min\t\t\t\t\t\t\t\t\n\t\t\t\t<img decoding=\"async\" src=\"https:\/\/blueskyadventures.cz\/assets\/uploads\/sites\/536\/bb-plugin\/cache\/emilPolivka-circle.jpg\" alt=\"emilPolivka\" title=\"emilPolivka\" \/>\n\t\t\t\t\t\t\t<p>\u201cThank you for the perfect gift of a flight above Krkono\u0161e (the Giant Mountains) on 24 October and for making sure the service was perfect \u2026 and the beautiful weather. This definitely won\u2019t be the last time we\u2019ll be using your service.\u201d<\/p>\t\t\t\t\t\t\n\t\t\t\t\t\t\t\t<h3 class='uabb-testimonial-author-name testimonial-author-name'>ING. EMIL POL\u00cdVKA, SENIOR<\/h3>\t\t\t\t\t\t\t\t\n\t\t\t\t\t\t\t\t\tSightseeing to Sn\u011b\u017eka\t\t\t\t\t\t\t\t\n\t\t\t\t<img decoding=\"async\" src=\"https:\/\/blueskyadventures.cz\/assets\/uploads\/sites\/536\/bb-plugin\/cache\/ivanSmid-circle.jpg\" alt=\"Okru\u017en\u00ed fotolet nad st\u0159edn\u00edmi a severn\u00edmi \u010cechami 5.6.2015 s Blue Sky Aviation\nLibor Svacek, Kaplicka 447, 381 01 Cesky Krumlov, CZ. E- mail:  box@fotosvacek.cz\" title=\"Okru\u017en\u00ed fotolet nad st\u0159edn\u00edmi a severn\u00edmi \u010cechami 5.6.2015 s Blue Sky Aviation\" \/>\n\t\t\t\t\t\t\t<p>\u201cThank you for the photos from the pilot. I have to say that the flight was a fantastic experience for us and everything was carried out in a professional manner. Thank you \u2013 we can only recommend your services.\u201d<\/p>\t\t\t\t\t\t\n\t\t\t\t\t\t\t\t<h3 class='uabb-testimonial-author-name testimonial-author-name'>IVAN \u0160M\u00cdD<\/h3>\t\t\t\t\t\t\t\t\n\t\t\t\t\t\t\t\t\tSightseeing flight above Prague\t\t\t\t\t\t\t\t\n\t\t\t\t<img decoding=\"async\" src=\"https:\/\/blueskyadventures.cz\/assets\/uploads\/sites\/536\/bb-plugin\/cache\/koranda-circle.jpg\" alt=\"koranda\" title=\"koranda\" \/>\n\t\t\t\t\t\t\t<p>\u201cDespite certain reluctance on my part, we enjoyed the trip. Dom\u00eds and my wife in particular were absolutely thrilled; I was surprised and, more to the point delighted, to have the opportunity to pilot the aircraft myself. We have no suggestions for improvements; the flight itself was great, as was the entire organization around it. It\u2019s super to see that your work is also your hobby; it means that both you and your husband are much more positive with us passengers. What\u2019s more, the fact that you look on airplanes as an ordinary means of transport for you and your family and that you bring your children to their grandparents by plane makes me smile and evokes a feeling of admiration on one hand, and is the ultimate in reassurance, on the other (well, if he flies his children from A to B, then he must know his stuff so the plane is not going to come down with us in it\u00a0<img loading=\"lazy\" decoding=\"async\" src=\"http:\/\/blueskyaviation.cz\/wp-includes\/images\/smilies\/simple-smile.png\" alt=\":-)\" width=\"21\" height=\"20\" \/>\u00a0It was fantastic to know where we were at any given moment, what exactly we were flying over. Also, being able to listen to the surrounding traffic through headphones only added to the atmosphere of the trip and \u201csucked you into the narrative.<br \/>Thanks again \u2013 we thoroughly enjoyed the experience\u00a0<img decoding=\"async\" src=\"http:\/\/blueskyaviation.cz\/wp-includes\/images\/smilies\/simple-smile.png\" alt=\":-)\" \/><br \/>Wishing you every success for the future, both personally and professionally, and if we decide to go for a similar experience again, you will definitely be top of our list.\u201d<\/p>\t\t\t\t\t\t\n\t\t\t\t\t\t\t\t<h3 class='uabb-testimonial-author-name testimonial-author-name'>KAMIL KORANDA<\/h3>\t\t\t\t\t\t\t\t\n\t\t\t\t\t\t\t\t\tSightseeing flight to Sn\u011b\u017eka\t\t\t\t\t\t\t\t\n\t\t\t\t<img decoding=\"async\" src=\"https:\/\/blueskyadventures.cz\/assets\/uploads\/sites\/536\/bb-plugin\/cache\/poprad-circle.jpeg\" alt=\"poprad\" title=\"poprad\" \/>\n\t\t\t\t\t\t\t<p>\u201cRecreational flight above the High Tatras<br \/>Our weekend plane trip to the Tatra Mountains was amazing. I have to commend the company on absolutely everything: the flight itself, especially the amazing flight over the High Tatras, our both superb and friendly pilot Jenda Kopsa, our luxury hotel accommodation, including transport, meals and the use of the wellness center, and the magnificent surroundings of the High Tatras. The only little cloud over the weekend was that strong winds on Sunday prevented us from taking the cable car to Lomnick\u00fd peak. Despite this, at least we managed to go by cable car with Kuba to Skalnat\u00e9 pleso (Rocky Mountain Lake) in the afternoon. Yes, and again the clouds made it impossible for us to make a low flyover of the Low Tatras and Fatras on our return journey, as originally planned. But an added bonus was a stopover for refueling at Brno Airport and what was virtually a night time landing at Let\u0148any Airport. So, we actually got to experience absolutely everything during our flight. But, even so, in the end we have nothing but the very best memories of this trip. M\u00e1\u0165a thoroughly enjoyed the flight and the whole weekend and these days that\u2019s really what\u2019s most important for us. All the other things happening around us are mere trivialities.To conclude, I\u2019d like to very much thank you and the entire Blue Sky Aviation team for making our Mat\u011bj\u2019s fantastic flying wish come true for him and for all the family. And, of course, we would especially like to thank all of those who made donations to Mat\u011bj\u2019s Pink Bubble account for making it possible for him to go on this trip. We mustn\u2019t forget the Krol\u00e1k family who deserve very special thanks.Give my regards to your husband Igor and pass on our thanks to him for making the time before the flight a pleasant one, and to our pilot Jenda for his perfect piloting and the super flight and to the Krol\u00e1k family for our amazing stay at the Grand Hotel Prague. And of course my warmest greetings and a big thanks to you personally \u2026. \u201d<\/p>\t\t\t\t\t\t\n\t\t\t\t\t\t\t\t<h3 class='uabb-testimonial-author-name testimonial-author-name'>MIROSLAV VOLF<\/h3>\t\t\t\t\t\t\t\t\n\t\t\t\t\t\t\t\t\tRecreational flight above the High Tatras\t\t\t\t\t\t\t\t\n\t\t\t<h1>TERMS &amp; CONDITIONS<\/h1><h3>What awaits you!<\/h3>\t\t\t\n\t\t\t<h2>GENERAL TERMS AND CONDITIONS<\/h2>\t\t\t\n\t\t\t\t<p>Please, read our General Terms &amp; Conditions governing the relationship between BLUE SKY AVIATION s.r.o. the provider of services for the BLUE SKY ADVENTURES.CZ web portal and you as the customer of our services or as a recipient of a gift voucher.<\/p>\n\t\t\t<a href=\"https:\/\/blueskyadventures.cz\/obchodni-podminky\/\" target=\"_blank\" rel=\"noopener noreferrer\" role=\"button\">\n\t\t\t\t\t\t\tMORE\n\t\t<\/a>\n","protected":false},"excerpt":{"rendered":"<p>ABOUT US BLUE SKY ADVENTURES.CZ is a web portal with flight experiences operated by flight organization BLUE SKY AVIATION s.r.o. OUR TEAM AIRCRAFT CERTIFICATES TESTIMONIALS T&amp;C OUR TEAM Let&#8217;s become acquainted! OUR AIRCRAFT FLEET Take a look! CESSNA 350 | OK-WSM Speed: 190 knots (352 km\/h, 219 mph) Crew: 1 pilot, 3 pax Engine rating:&hellip;<\/p>\n","protected":false},"author":1,"featured_media":0,"parent":0,"menu_order":0,"comment_status":"closed","ping_status":"closed","template":"","meta":{"footnotes":""},"class_list":["post-3732","page","type-page","status-publish","hentry"],"yoast_head":"<title>About us - BlueSkyAdventures<\/title>\n<meta name=\"robots\" content=\"index, follow, max-snippet:-1, max-image-preview:large, max-video-preview:-1\" \/>\n<link rel=\"canonical\" href=\"https:\/\/blueskyadventures.cz\/en\/about-us\/\" \/>\n<meta property=\"og:locale\" content=\"en_US\" \/>\n<meta property=\"og:type\" content=\"article\" \/>\n<meta property=\"og:title\" content=\"About us - BlueSkyAdventures\" \/>\n<meta property=\"og:description\" content=\"ABOUT US BLUE SKY ADVENTURES.CZ is a web portal with flight experiences operated by flight organization BLUE SKY AVIATION s.r.o. OUR TEAM AIRCRAFT CERTIFICATES TESTIMONIALS T&amp;C OUR TEAM Let&#8217;s become acquainted! OUR AIRCRAFT FLEET Take a look! CESSNA 350 | OK-WSM Speed: 190 knots (352 km\/h, 219 mph) Crew: 1 pilot, 3 pax Engine rating:&hellip;\" \/>\n<meta property=\"og:url\" content=\"https:\/\/blueskyadventures.cz\/en\/about-us\/\" \/>\n<meta property=\"og:site_name\" content=\"BlueSkyAdventures\" \/>\n<meta property=\"article:modified_time\" content=\"2020-10-20T18:50:09+00:00\" \/>\n<meta property=\"og:image\" content=\"https:\/\/blueskyadventures.cz\/assets\/uploads\/sites\/536\/2020\/10\/039.jpg\" \/>\n<meta name=\"twitter:card\" content=\"summary_large_image\" \/>\n<meta name=\"twitter:label1\" content=\"Est. reading time\" \/>\n\t<meta name=\"twitter:data1\" content=\"6 minutes\" \/>\n<script type=\"application\/ld+json\" class=\"yoast-schema-graph\">{\"@context\":\"https:\/\/schema.org\",\"@graph\":[{\"@type\":\"WebPage\",\"@id\":\"https:\/\/blueskyadventures.cz\/en\/about-us\/\",\"url\":\"https:\/\/blueskyadventures.cz\/en\/about-us\/\",\"name\":\"About us - BlueSkyAdventures\",\"isPartOf\":{\"@id\":\"https:\/\/blueskyadventures.cz\/ru\/#website\"},\"datePublished\":\"2017-06-07T11:37:55+00:00\",\"dateModified\":\"2020-10-20T18:50:09+00:00\",\"breadcrumb\":{\"@id\":\"https:\/\/blueskyadventures.cz\/en\/about-us\/#breadcrumb\"},\"inLanguage\":\"en-US\",\"potentialAction\":[{\"@type\":\"ReadAction\",\"target\":[\"https:\/\/blueskyadventures.cz\/en\/about-us\/\"]}]},{\"@type\":\"BreadcrumbList\",\"@id\":\"https:\/\/blueskyadventures.cz\/en\/about-us\/#breadcrumb\",\"itemListElement\":[{\"@type\":\"ListItem\",\"position\":1,\"name\":\"\u0413\u043b\u0430\u0432\u043d\u0430\u044f \u0441\u0442\u0440\u0430\u043d\u0438\u0446\u0430\",\"item\":\"https:\/\/blueskyadventures.cz\/en\/\"},{\"@type\":\"ListItem\",\"position\":2,\"name\":\"About us\"}]},{\"@type\":\"WebSite\",\"@id\":\"https:\/\/blueskyadventures.cz\/ru\/#website\",\"url\":\"https:\/\/blueskyadventures.cz\/ru\/\",\"name\":\"BlueSkyAdventures\",\"description\":\"Nejkr\u00e1sn\u011bj\u0161\u00ed vyhl\u00eddkov\u00e9 lety a leteck\u00e9 z\u00e1\u017eitky v \u010cech\u00e1ch\",\"potentialAction\":[{\"@type\":\"SearchAction\",\"target\":{\"@type\":\"EntryPoint\",\"urlTemplate\":\"https:\/\/blueskyadventures.cz\/ru\/?s={search_term_string}\"},\"query-input\":\"required name=search_term_string\"}],\"inLanguage\":\"en-US\"}]}<\/script>","yoast_head_json":{"title":"About us - BlueSkyAdventures","robots":{"index":"index","follow":"follow","max-snippet":"max-snippet:-1","max-image-preview":"max-image-preview:large","max-video-preview":"max-video-preview:-1"},"canonical":"https:\/\/blueskyadventures.cz\/en\/about-us\/","og_locale":"en_US","og_type":"article","og_title":"About us - BlueSkyAdventures","og_description":"ABOUT US BLUE SKY ADVENTURES.CZ is a web portal with flight experiences operated by flight organization BLUE SKY AVIATION s.r.o. OUR TEAM AIRCRAFT CERTIFICATES TESTIMONIALS T&amp;C OUR TEAM Let&#8217;s become acquainted! OUR AIRCRAFT FLEET Take a look! CESSNA 350 | OK-WSM Speed: 190 knots (352 km\/h, 219 mph) Crew: 1 pilot, 3 pax Engine rating:&hellip;","og_url":"https:\/\/blueskyadventures.cz\/en\/about-us\/","og_site_name":"BlueSkyAdventures","article_modified_time":"2020-10-20T18:50:09+00:00","og_image":[{"url":"https:\/\/blueskyadventures.cz\/assets\/uploads\/sites\/536\/2020\/10\/039.jpg"}],"twitter_card":"summary_large_image","twitter_misc":{"Est. reading time":"6 minutes"},"schema":{"@context":"https:\/\/schema.org","@graph":[{"@type":"WebPage","@id":"https:\/\/blueskyadventures.cz\/en\/about-us\/","url":"https:\/\/blueskyadventures.cz\/en\/about-us\/","name":"About us - BlueSkyAdventures","isPartOf":{"@id":"https:\/\/blueskyadventures.cz\/ru\/#website"},"datePublished":"2017-06-07T11:37:55+00:00","dateModified":"2020-10-20T18:50:09+00:00","breadcrumb":{"@id":"https:\/\/blueskyadventures.cz\/en\/about-us\/#breadcrumb"},"inLanguage":"en-US","potentialAction":[{"@type":"ReadAction","target":["https:\/\/blueskyadventures.cz\/en\/about-us\/"]}]},{"@type":"BreadcrumbList","@id":"https:\/\/blueskyadventures.cz\/en\/about-us\/#breadcrumb","itemListElement":[{"@type":"ListItem","position":1,"name":"\u0413\u043b\u0430\u0432\u043d\u0430\u044f \u0441\u0442\u0440\u0430\u043d\u0438\u0446\u0430","item":"https:\/\/blueskyadventures.cz\/en\/"},{"@type":"ListItem","position":2,"name":"About us"}]},{"@type":"WebSite","@id":"https:\/\/blueskyadventures.cz\/ru\/#website","url":"https:\/\/blueskyadventures.cz\/ru\/","name":"BlueSkyAdventures","description":"Nejkr\u00e1sn\u011bj\u0161\u00ed vyhl\u00eddkov\u00e9 lety a leteck\u00e9 z\u00e1\u017eitky v \u010cech\u00e1ch","potentialAction":[{"@type":"SearchAction","target":{"@type":"EntryPoint","urlTemplate":"https:\/\/blueskyadventures.cz\/ru\/?s={search_term_string}"},"query-input":"required name=search_term_string"}],"inLanguage":"en-US"}]}},"_links":{"self":[{"href":"https:\/\/blueskyadventures.cz\/en\/wp-json\/wp\/v2\/pages\/3732","targetHints":{"allow":["GET"]}}],"collection":[{"href":"https:\/\/blueskyadventures.cz\/en\/wp-json\/wp\/v2\/pages"}],"about":[{"href":"https:\/\/blueskyadventures.cz\/en\/wp-json\/wp\/v2\/types\/page"}],"author":[{"embeddable":true,"href":"https:\/\/blueskyadventures.cz\/en\/wp-json\/wp\/v2\/users\/1"}],"replies":[{"embeddable":true,"href":"https:\/\/blueskyadventures.cz\/en\/wp-json\/wp\/v2\/comments?post=3732"}],"version-history":[{"count":18,"href":"https:\/\/blueskyadventures.cz\/en\/wp-json\/wp\/v2\/pages\/3732\/revisions"}],"predecessor-version":[{"id":11199,"href":"https:\/\/blueskyadventures.cz\/en\/wp-json\/wp\/v2\/pages\/3732\/revisions\/11199"}],"wp:attachment":[{"href":"https:\/\/blueskyadventures.cz\/en\/wp-json\/wp\/v2\/media?parent=3732"}],"curies":[{"name":"wp","href":"https:\/\/api.w.org\/{rel}","templated":true}]}}