{"id":3733,"date":"2017-06-07T13:38:14","date_gmt":"2017-06-07T11:38:14","guid":{"rendered":"https:\/\/blueskyadventures.cz\/o-nas\/faq\/"},"modified":"2018-03-26T15:53:43","modified_gmt":"2018-03-26T13:53:43","slug":"faq","status":"publish","type":"page","link":"https:\/\/blueskyadventures.cz\/en\/about-us\/faq\/","title":{"rendered":"FAQ"},"content":{"rendered":"<h3>GENERAL INFORMATION<\/h3>\n<h5>HOW TO GET TO THE AIRPORT?<\/h5>\n<p><b>CAR\/TAXI<\/b><\/p>\n<p>Kladno Airport is accessible from the D6 motorway from Prague. Before the Velk\u00e1 Dobr\u00e1, go to Exit 16. After the first junction (roundabout)<br \/> turn right, then at the next junction (roundabout) turn left. On the first occasion, turn left again. Here\u2019s where you\u2019ll see the Airport Directions. Free parking is possible at the airport.<\/p>\n<p><b>TRANSFER TO THE AIRPORT FROM Zli\u010d\u00edn \/ N\u00e1dra\u017e\u00ed Veleslav\u00edn METRO STATION?<\/b><br \/> Blue Sky Aviation provides a transfer for our customers from Prague, either from Zli\u010d\u00edn metro station or from\u00a0N\u00e1dra\u017e\u00ed Veleslav\u00edn metro station. We will\u00a0provide\u00a0a comfortable and fast car and in 15 minutes we are at Kladno Airport. The service is charged.\u00a0<strong>Call +420 736 150 777<\/strong><\/p>\n<h5>MEETING POINT?<\/h5>\n<p>The pilot will pick you up at the Kladno Airport main entrance gate. Just let us know when you are there.\u00a0Arrive to your fly at least 10 minutes before the scheduled start\u00a0time.<\/p>\n<h5>CHILDREN ON BOARD?<\/h5>\n<p>Children are welcome on board! We recommend children\u00a0ages 4 and up. Children under 15 years of age are required to\u00a0have at least one accompanying adult. A child car seat and a\u00a0child onboard receiver are provided for a safe and comfortable\u00a0flight and enable children to get a good view from the window.<\/p>\n<p>All passengers, including children, wear a seat belt during the\u00a0duration of the flight. Children on board, please indicate when\u00a0booking a flight, to ensure the necessary facilities for children.<\/p>\n<h5>WHAT TO BRING TO THE BOARD?<\/h5>\n<p>There is no need to prepare for the flight. The airplane is warm\u00a0even in the winter. Remember only the camera &#8211; to capture\u00a0unique images and make a lasting memory of your flight.<\/p>\n<h5>WHAT IS THE STATE OF AIRCRAFT?<\/h5>\n<p>Your safety is our priority! Our aircraft are nearly new or upgraded continuously to keep pace with modern times. They are equipped with the latest technology to improve safety and comfort for both pilots and passengers. They have modern navigation and control instruments as well as comfortable and renovated interiors. Our aircraft undergo a thorough revision at an authorized aviation workshop after every 50 hours of flight.\u00a0<\/p>\n<h5>WEIGHT RESTRICTIONS<\/h5>\n<p>Flights are subject to weight restrictions at the discretion of the\u00a0pilot in command. When transporting more than 2 passengers,\u00a0you may be asked to report the approximate weight of all passengers,\u00a0incl. luggage.<\/p>\n<h5>AM I INSURED?<\/h5>\n<p>The BLUE SKY AVIATION company &#8211; the provider of BLUE SKY ADVENTURES services &#8211; is liability\u00a0insured. From start to landing ease your mind with the knowledge that you are fully insured. All of our aircraft are commercially insured for passenger carrying operations in accordance with the &#8220;Regulation of the European Parliament and Council Regulation (EC) no. 785\/2004&#8221;.<\/p>\n<h3>ORDER &amp; BOOKING &amp; CANCELLATION<\/h3>\n<h5>HOW AND WHEN MAKE A RESERVATION THE BEST?<\/h5>\n<p>Best way to make a reservation is to call us:\u00a0<strong>+420 725 964 081<\/strong> or you can sent us an email or sms and we\u00a0will contact you immediately. The flight can be booked on our\u00a0email:\u00a0<strong>info@blueskyaviation.cz<\/strong> or you can use our contact form on our website.<\/p>\n<p>The sightseeing flight is possible to book just a few days ahead.\u00a0We recommend a week ahead of schedule. The adventure flight,\u00a0which is in the range of several days, is necessary to book\u00a0in advance approximately 2 weeks.<br \/>Flights can be booked all year round, weekdays and weekends,\u00a0in the morning or afternoon hours.<\/p>\n<h5>WHAT HAPPENS IF THE WEATHER IS BAD?<\/h5>\n<p>If your flight is canceled due to poor weather we\u2019ll call you to\u00a0schedule your flight for another day at no additional cost.<\/p>\n<h5>CANCELLATION &amp; REFUND POLICY<\/h5>\n<p>\u2022 In case of bad weather (heavy rain &amp; snow, low cloud ceilings,<br \/>dense fog, lightning, extreme winds), passengers can always<br \/>contact us to reschedule their flight for another day at no additional<br \/>cost. If passengers are unable to reschedule their flight,<br \/>they can receive a full refund.<\/p>\n<p>\u2022 The flight is canceled by BLUE SKY AVIATION for another reason<br \/>\u2013 we contact our passengers to reschedule their flight for<br \/>another day. If passengers are unable to reschedule their flight,<br \/>they can receive a full refund.<\/p>\n<p>\u2022 No refunds within 24 hours of flight time.<\/p>\n<p>\u2022 No refunds or reschedules for not arriving for your reservation.<\/p>\n<h5>DO I HAVE TO ORDER AND PAY AHEAD?<\/h5>\n<p>Yes. We highly recommend you order your flight via our web page or calling us. Price of your order has to be paid ahead.\u00a0<strong>You can<\/strong>\u00a0<strong>pay by a bank transfer &#8211; number of our account is<\/strong>\u00a0<strong>777282\/5500,<\/strong>\u00a0a variable is the date of the order, in a report there write your name and surname. After we receive your payment we will send you an invoice via email.<\/p>\n<p>You can pay your order using <strong>online payment<\/strong> provided by GoPay.<\/p>\n<h5>HOW LONG IS A GIFT VOUCHER VALID?<\/h5>\n<p>The term of your flight can be booked up to 12 months from the date of purchase. If for some reason flight will not be able to realize within 12 months of their purchase, it is still possible to extend the validity of the order. Just call us.<\/p>\n<h5>DO YOU ACCEPT PAYING BILLS?<\/h5>\n<p>We accept paying bills SODEXO.\u00a0<\/p>\n","protected":false},"excerpt":{"rendered":"<p>GENERAL INFORMATION HOW TO GET TO THE AIRPORT? CAR\/TAXI Kladno Airport is accessible from the D6 motorway from Prague. Before the Velk\u00e1 Dobr\u00e1, go to Exit 16. After the first junction (roundabout) turn right, then at the next junction (roundabout) turn left. On the first occasion, turn left again. Here\u2019s where you\u2019ll see the Airport&hellip;<\/p>\n","protected":false},"author":1,"featured_media":0,"parent":3732,"menu_order":0,"comment_status":"closed","ping_status":"closed","template":"","meta":{"footnotes":""},"class_list":["post-3733","page","type-page","status-publish","hentry"],"yoast_head":"<title>FAQ - BlueSkyAdventures<\/title>\n<meta name=\"robots\" content=\"index, follow, max-snippet:-1, max-image-preview:large, max-video-preview:-1\" \/>\n<link rel=\"canonical\" href=\"https:\/\/blueskyadventures.cz\/en\/about-us\/faq\/\" \/>\n<meta property=\"og:locale\" content=\"en_US\" \/>\n<meta property=\"og:type\" content=\"article\" \/>\n<meta property=\"og:title\" content=\"FAQ - BlueSkyAdventures\" \/>\n<meta property=\"og:description\" content=\"GENERAL INFORMATION HOW TO GET TO THE AIRPORT? CAR\/TAXI Kladno Airport is accessible from the D6 motorway from Prague. Before the Velk\u00e1 Dobr\u00e1, go to Exit 16. After the first junction (roundabout) turn right, then at the next junction (roundabout) turn left. On the first occasion, turn left again. Here\u2019s where you\u2019ll see the Airport&hellip;\" \/>\n<meta property=\"og:url\" content=\"https:\/\/blueskyadventures.cz\/en\/about-us\/faq\/\" \/>\n<meta property=\"og:site_name\" content=\"BlueSkyAdventures\" \/>\n<meta property=\"article:modified_time\" content=\"2018-03-26T13:53:43+00:00\" \/>\n<meta name=\"twitter:card\" content=\"summary_large_image\" \/>\n<meta name=\"twitter:label1\" content=\"Est. reading time\" \/>\n\t<meta name=\"twitter:data1\" content=\"4 minutes\" \/>\n<script type=\"application\/ld+json\" class=\"yoast-schema-graph\">{\"@context\":\"https:\/\/schema.org\",\"@graph\":[{\"@type\":\"WebPage\",\"@id\":\"https:\/\/blueskyadventures.cz\/en\/about-us\/faq\/\",\"url\":\"https:\/\/blueskyadventures.cz\/en\/about-us\/faq\/\",\"name\":\"FAQ - BlueSkyAdventures\",\"isPartOf\":{\"@id\":\"https:\/\/blueskyadventures.cz\/ru\/#website\"},\"datePublished\":\"2017-06-07T11:38:14+00:00\",\"dateModified\":\"2018-03-26T13:53:43+00:00\",\"breadcrumb\":{\"@id\":\"https:\/\/blueskyadventures.cz\/en\/about-us\/faq\/#breadcrumb\"},\"inLanguage\":\"en-US\",\"potentialAction\":[{\"@type\":\"ReadAction\",\"target\":[\"https:\/\/blueskyadventures.cz\/en\/about-us\/faq\/\"]}]},{\"@type\":\"BreadcrumbList\",\"@id\":\"https:\/\/blueskyadventures.cz\/en\/about-us\/faq\/#breadcrumb\",\"itemListElement\":[{\"@type\":\"ListItem\",\"position\":1,\"name\":\"\u0413\u043b\u0430\u0432\u043d\u0430\u044f \u0441\u0442\u0440\u0430\u043d\u0438\u0446\u0430\",\"item\":\"https:\/\/blueskyadventures.cz\/en\/\"},{\"@type\":\"ListItem\",\"position\":2,\"name\":\"About us\",\"item\":\"https:\/\/blueskyadventures.cz\/en\/about-us\/\"},{\"@type\":\"ListItem\",\"position\":3,\"name\":\"FAQ\"}]},{\"@type\":\"WebSite\",\"@id\":\"https:\/\/blueskyadventures.cz\/ru\/#website\",\"url\":\"https:\/\/blueskyadventures.cz\/ru\/\",\"name\":\"BlueSkyAdventures\",\"description\":\"Nejkr\u00e1sn\u011bj\u0161\u00ed vyhl\u00eddkov\u00e9 lety a leteck\u00e9 z\u00e1\u017eitky v \u010cech\u00e1ch\",\"potentialAction\":[{\"@type\":\"SearchAction\",\"target\":{\"@type\":\"EntryPoint\",\"urlTemplate\":\"https:\/\/blueskyadventures.cz\/ru\/?s={search_term_string}\"},\"query-input\":\"required name=search_term_string\"}],\"inLanguage\":\"en-US\"}]}<\/script>","yoast_head_json":{"title":"FAQ - BlueSkyAdventures","robots":{"index":"index","follow":"follow","max-snippet":"max-snippet:-1","max-image-preview":"max-image-preview:large","max-video-preview":"max-video-preview:-1"},"canonical":"https:\/\/blueskyadventures.cz\/en\/about-us\/faq\/","og_locale":"en_US","og_type":"article","og_title":"FAQ - BlueSkyAdventures","og_description":"GENERAL INFORMATION HOW TO GET TO THE AIRPORT? CAR\/TAXI Kladno Airport is accessible from the D6 motorway from Prague. Before the Velk\u00e1 Dobr\u00e1, go to Exit 16. After the first junction (roundabout) turn right, then at the next junction (roundabout) turn left. On the first occasion, turn left again. Here\u2019s where you\u2019ll see the Airport&hellip;","og_url":"https:\/\/blueskyadventures.cz\/en\/about-us\/faq\/","og_site_name":"BlueSkyAdventures","article_modified_time":"2018-03-26T13:53:43+00:00","twitter_card":"summary_large_image","twitter_misc":{"Est. reading time":"4 minutes"},"schema":{"@context":"https:\/\/schema.org","@graph":[{"@type":"WebPage","@id":"https:\/\/blueskyadventures.cz\/en\/about-us\/faq\/","url":"https:\/\/blueskyadventures.cz\/en\/about-us\/faq\/","name":"FAQ - BlueSkyAdventures","isPartOf":{"@id":"https:\/\/blueskyadventures.cz\/ru\/#website"},"datePublished":"2017-06-07T11:38:14+00:00","dateModified":"2018-03-26T13:53:43+00:00","breadcrumb":{"@id":"https:\/\/blueskyadventures.cz\/en\/about-us\/faq\/#breadcrumb"},"inLanguage":"en-US","potentialAction":[{"@type":"ReadAction","target":["https:\/\/blueskyadventures.cz\/en\/about-us\/faq\/"]}]},{"@type":"BreadcrumbList","@id":"https:\/\/blueskyadventures.cz\/en\/about-us\/faq\/#breadcrumb","itemListElement":[{"@type":"ListItem","position":1,"name":"\u0413\u043b\u0430\u0432\u043d\u0430\u044f \u0441\u0442\u0440\u0430\u043d\u0438\u0446\u0430","item":"https:\/\/blueskyadventures.cz\/en\/"},{"@type":"ListItem","position":2,"name":"About us","item":"https:\/\/blueskyadventures.cz\/en\/about-us\/"},{"@type":"ListItem","position":3,"name":"FAQ"}]},{"@type":"WebSite","@id":"https:\/\/blueskyadventures.cz\/ru\/#website","url":"https:\/\/blueskyadventures.cz\/ru\/","name":"BlueSkyAdventures","description":"Nejkr\u00e1sn\u011bj\u0161\u00ed vyhl\u00eddkov\u00e9 lety a leteck\u00e9 z\u00e1\u017eitky v \u010cech\u00e1ch","potentialAction":[{"@type":"SearchAction","target":{"@type":"EntryPoint","urlTemplate":"https:\/\/blueskyadventures.cz\/ru\/?s={search_term_string}"},"query-input":"required name=search_term_string"}],"inLanguage":"en-US"}]}},"_links":{"self":[{"href":"https:\/\/blueskyadventures.cz\/en\/wp-json\/wp\/v2\/pages\/3733","targetHints":{"allow":["GET"]}}],"collection":[{"href":"https:\/\/blueskyadventures.cz\/en\/wp-json\/wp\/v2\/pages"}],"about":[{"href":"https:\/\/blueskyadventures.cz\/en\/wp-json\/wp\/v2\/types\/page"}],"author":[{"embeddable":true,"href":"https:\/\/blueskyadventures.cz\/en\/wp-json\/wp\/v2\/users\/1"}],"replies":[{"embeddable":true,"href":"https:\/\/blueskyadventures.cz\/en\/wp-json\/wp\/v2\/comments?post=3733"}],"version-history":[{"count":13,"href":"https:\/\/blueskyadventures.cz\/en\/wp-json\/wp\/v2\/pages\/3733\/revisions"}],"predecessor-version":[{"id":6001,"href":"https:\/\/blueskyadventures.cz\/en\/wp-json\/wp\/v2\/pages\/3733\/revisions\/6001"}],"up":[{"embeddable":true,"href":"https:\/\/blueskyadventures.cz\/en\/wp-json\/wp\/v2\/pages\/3732"}],"wp:attachment":[{"href":"https:\/\/blueskyadventures.cz\/en\/wp-json\/wp\/v2\/media?parent=3733"}],"curies":[{"name":"wp","href":"https:\/\/api.w.org\/{rel}","templated":true}]}}