{"id":3734,"date":"2017-06-07T13:39:07","date_gmt":"2017-06-07T11:39:07","guid":{"rendered":"https:\/\/blueskyadventures.cz\/o-nas\/kontakt\/"},"modified":"2025-08-26T10:53:49","modified_gmt":"2025-08-26T08:53:49","slug":"contact","status":"publish","type":"page","link":"https:\/\/blueskyadventures.cz\/en\/about-us\/contact\/","title":{"rendered":"Contact"},"content":{"rendered":"\n\n\t\t\t<h2>GET IN TOUCH WITH US<\/h2>\n\t\t<h3>PHONE<\/h3>\t\t\t\n\t\t\t\t<p>+420 603 403 355<\/p>\n\t\t<h3>EMAIL<\/h3>\t\t\t\n\t\t\t\t<p>adventures@BlueSkyAviation.cz<\/p>\n\t\t<h3>ADDRESS<\/h3>\t\t\t\n\t\t\t\t<h5>BLUE SKY AVIATION s.r.o.<\/h5>\n<p>Kladno Airport, Velk\u00e1 Dobr\u00e1<\/p>\n\t\t\t\t<img decoding=\"async\" src=\"https:\/\/blueskyadventures.cz\/assets\/uploads\/sites\/536\/bb-plugin\/cache\/lenka-400x360-piloti-circle.jpg\" alt=\"lenka_400x360-piloti\" title=\"lenka_400x360-piloti\" itemprop=\"image\"\/>\n\t\t<h3>Operator<\/h3>\t\t\t\n\t\t\t\t<p>Lenka Kab\u00e1tov\u00e1 |CS|EN|<\/p>\n\t\t\t<h3>Kladno Airport<\/h3>\t\t\t\n\t\t\t\t<p>273 61 Velk\u00e1 Dobr\u00e1<\/p>\n\t\t<h3>AUTO \/ TAXI<\/h3>\t\t\t\n\t\t\t\t<p>Kladno Airport is accessible from the D6 motorway from Prague. Before the Velk\u00e1 Dobr\u00e1, go to Exit 16. After the first junction (roundabout) turn right, then at the next junction\u00a0(roundabout) turn left. On the first occasion, turn left again. Here&#8217;s where you&#8217;ll see the Airport Directions. Free parking is possible at the airport.<\/p>\n\t\t<h3>BLUE SKY TRANSPORT<\/h3>\t\t\t\n\t\t\t\t<p>We provide a transport to our customers with a comfortable and fast car from Prague, either from Zli\u010d\u00edn metro station or from N\u00e1dra\u017e\u00ed Veleslav\u00edn metro station. The ride takes 15 minutes. The service is charged. <strong>Call +420603403355<\/strong><\/p>\n\t\t<h3>PUBLIC TRANSPORT<\/h3>\t\t\t\n\t\t\t\t<p><strong>By bus<\/strong>: Take a bus from <strong>Praha &#8211; Zli\u010d\u00edn or Hrad\u010dansk\u00e1 metro stations<\/strong> and go to Velk\u00e1 Dobr\u00e1. <a href=\"https:\/\/www.velkadobra.cz\/rubriky\/doprava\/\" target=\"_blank\" rel=\"noopener\">Bus lines from Prague to Velk\u00e1 Dobr\u00e1 here<\/a>.<\/p>\n<p><strong>By train<\/strong>: Take a train from <strong>Praha &#8211; Bubny, via Dejvice, Veleslav\u00edn to Kladno railway station<\/strong>. An airport car can pick you up at the Kladno railway station upon request. <a href=\"https:\/\/pid.cz\/zastavkove-jizdni-rady\/?cid=1305&amp;from=1545087600&amp;type=vlak\" target=\"_blank\" rel=\"noopener\">Train from Prague to Kladno here.<\/a><\/p>\n\n","protected":false},"excerpt":{"rendered":"<p>GET IN TOUCH WITH US PHONE +420 603 403 355 EMAIL adventures@BlueSkyAviation.cz ADDRESS BLUE SKY AVIATION s.r.o. Kladno Airport, Velk\u00e1 Dobr\u00e1 Operator Lenka Kab\u00e1tov\u00e1 |CS|EN| Kladno Airport 273 61 Velk\u00e1 Dobr\u00e1 AUTO \/ TAXI Kladno Airport is accessible from the D6 motorway from Prague. Before the Velk\u00e1 Dobr\u00e1, go to Exit 16. After the first&hellip;<\/p>\n","protected":false},"author":1,"featured_media":0,"parent":3732,"menu_order":0,"comment_status":"closed","ping_status":"closed","template":"","meta":{"footnotes":""},"class_list":["post-3734","page","type-page","status-publish","hentry"],"yoast_head":"<title>Contact - BlueSkyAdventures<\/title>\n<meta name=\"robots\" content=\"index, follow, max-snippet:-1, max-image-preview:large, max-video-preview:-1\" \/>\n<link rel=\"canonical\" href=\"https:\/\/blueskyadventures.cz\/en\/about-us\/contact\/\" \/>\n<meta property=\"og:locale\" content=\"en_US\" \/>\n<meta property=\"og:type\" content=\"article\" \/>\n<meta property=\"og:title\" content=\"Contact - BlueSkyAdventures\" \/>\n<meta property=\"og:description\" content=\"GET IN TOUCH WITH US PHONE +420 603 403 355 EMAIL adventures@BlueSkyAviation.cz ADDRESS BLUE SKY AVIATION s.r.o. Kladno Airport, Velk\u00e1 Dobr\u00e1 Operator Lenka Kab\u00e1tov\u00e1 |CS|EN| Kladno Airport 273 61 Velk\u00e1 Dobr\u00e1 AUTO \/ TAXI Kladno Airport is accessible from the D6 motorway from Prague. Before the Velk\u00e1 Dobr\u00e1, go to Exit 16. After the first&hellip;\" \/>\n<meta property=\"og:url\" content=\"https:\/\/blueskyadventures.cz\/en\/about-us\/contact\/\" \/>\n<meta property=\"og:site_name\" content=\"BlueSkyAdventures\" \/>\n<meta property=\"article:modified_time\" content=\"2025-08-26T08:53:49+00:00\" \/>\n<meta property=\"og:image\" content=\"https:\/\/blueskyadventures.cz\/assets\/uploads\/sites\/536\/bb-plugin\/cache\/lenka-400x360-piloti-circle.jpg\" \/>\n<meta name=\"twitter:card\" content=\"summary_large_image\" \/>\n<meta name=\"twitter:label1\" content=\"Est. reading time\" \/>\n\t<meta name=\"twitter:data1\" content=\"2 minutes\" \/>\n<script type=\"application\/ld+json\" class=\"yoast-schema-graph\">{\"@context\":\"https:\/\/schema.org\",\"@graph\":[{\"@type\":\"WebPage\",\"@id\":\"https:\/\/blueskyadventures.cz\/en\/about-us\/contact\/\",\"url\":\"https:\/\/blueskyadventures.cz\/en\/about-us\/contact\/\",\"name\":\"Contact - BlueSkyAdventures\",\"isPartOf\":{\"@id\":\"https:\/\/blueskyadventures.cz\/ru\/#website\"},\"datePublished\":\"2017-06-07T11:39:07+00:00\",\"dateModified\":\"2025-08-26T08:53:49+00:00\",\"breadcrumb\":{\"@id\":\"https:\/\/blueskyadventures.cz\/en\/about-us\/contact\/#breadcrumb\"},\"inLanguage\":\"en-US\",\"potentialAction\":[{\"@type\":\"ReadAction\",\"target\":[\"https:\/\/blueskyadventures.cz\/en\/about-us\/contact\/\"]}]},{\"@type\":\"BreadcrumbList\",\"@id\":\"https:\/\/blueskyadventures.cz\/en\/about-us\/contact\/#breadcrumb\",\"itemListElement\":[{\"@type\":\"ListItem\",\"position\":1,\"name\":\"\u0413\u043b\u0430\u0432\u043d\u0430\u044f \u0441\u0442\u0440\u0430\u043d\u0438\u0446\u0430\",\"item\":\"https:\/\/blueskyadventures.cz\/en\/\"},{\"@type\":\"ListItem\",\"position\":2,\"name\":\"About us\",\"item\":\"https:\/\/blueskyadventures.cz\/en\/about-us\/\"},{\"@type\":\"ListItem\",\"position\":3,\"name\":\"Contact\"}]},{\"@type\":\"WebSite\",\"@id\":\"https:\/\/blueskyadventures.cz\/ru\/#website\",\"url\":\"https:\/\/blueskyadventures.cz\/ru\/\",\"name\":\"BlueSkyAdventures\",\"description\":\"Nejkr\u00e1sn\u011bj\u0161\u00ed vyhl\u00eddkov\u00e9 lety a leteck\u00e9 z\u00e1\u017eitky v \u010cech\u00e1ch\",\"potentialAction\":[{\"@type\":\"SearchAction\",\"target\":{\"@type\":\"EntryPoint\",\"urlTemplate\":\"https:\/\/blueskyadventures.cz\/ru\/?s={search_term_string}\"},\"query-input\":\"required name=search_term_string\"}],\"inLanguage\":\"en-US\"}]}<\/script>","yoast_head_json":{"title":"Contact - BlueSkyAdventures","robots":{"index":"index","follow":"follow","max-snippet":"max-snippet:-1","max-image-preview":"max-image-preview:large","max-video-preview":"max-video-preview:-1"},"canonical":"https:\/\/blueskyadventures.cz\/en\/about-us\/contact\/","og_locale":"en_US","og_type":"article","og_title":"Contact - BlueSkyAdventures","og_description":"GET IN TOUCH WITH US PHONE +420 603 403 355 EMAIL adventures@BlueSkyAviation.cz ADDRESS BLUE SKY AVIATION s.r.o. Kladno Airport, Velk\u00e1 Dobr\u00e1 Operator Lenka Kab\u00e1tov\u00e1 |CS|EN| Kladno Airport 273 61 Velk\u00e1 Dobr\u00e1 AUTO \/ TAXI Kladno Airport is accessible from the D6 motorway from Prague. Before the Velk\u00e1 Dobr\u00e1, go to Exit 16. After the first&hellip;","og_url":"https:\/\/blueskyadventures.cz\/en\/about-us\/contact\/","og_site_name":"BlueSkyAdventures","article_modified_time":"2025-08-26T08:53:49+00:00","og_image":[{"url":"https:\/\/blueskyadventures.cz\/assets\/uploads\/sites\/536\/bb-plugin\/cache\/lenka-400x360-piloti-circle.jpg"}],"twitter_card":"summary_large_image","twitter_misc":{"Est. reading time":"2 minutes"},"schema":{"@context":"https:\/\/schema.org","@graph":[{"@type":"WebPage","@id":"https:\/\/blueskyadventures.cz\/en\/about-us\/contact\/","url":"https:\/\/blueskyadventures.cz\/en\/about-us\/contact\/","name":"Contact - BlueSkyAdventures","isPartOf":{"@id":"https:\/\/blueskyadventures.cz\/ru\/#website"},"datePublished":"2017-06-07T11:39:07+00:00","dateModified":"2025-08-26T08:53:49+00:00","breadcrumb":{"@id":"https:\/\/blueskyadventures.cz\/en\/about-us\/contact\/#breadcrumb"},"inLanguage":"en-US","potentialAction":[{"@type":"ReadAction","target":["https:\/\/blueskyadventures.cz\/en\/about-us\/contact\/"]}]},{"@type":"BreadcrumbList","@id":"https:\/\/blueskyadventures.cz\/en\/about-us\/contact\/#breadcrumb","itemListElement":[{"@type":"ListItem","position":1,"name":"\u0413\u043b\u0430\u0432\u043d\u0430\u044f \u0441\u0442\u0440\u0430\u043d\u0438\u0446\u0430","item":"https:\/\/blueskyadventures.cz\/en\/"},{"@type":"ListItem","position":2,"name":"About us","item":"https:\/\/blueskyadventures.cz\/en\/about-us\/"},{"@type":"ListItem","position":3,"name":"Contact"}]},{"@type":"WebSite","@id":"https:\/\/blueskyadventures.cz\/ru\/#website","url":"https:\/\/blueskyadventures.cz\/ru\/","name":"BlueSkyAdventures","description":"Nejkr\u00e1sn\u011bj\u0161\u00ed vyhl\u00eddkov\u00e9 lety a leteck\u00e9 z\u00e1\u017eitky v \u010cech\u00e1ch","potentialAction":[{"@type":"SearchAction","target":{"@type":"EntryPoint","urlTemplate":"https:\/\/blueskyadventures.cz\/ru\/?s={search_term_string}"},"query-input":"required name=search_term_string"}],"inLanguage":"en-US"}]}},"_links":{"self":[{"href":"https:\/\/blueskyadventures.cz\/en\/wp-json\/wp\/v2\/pages\/3734","targetHints":{"allow":["GET"]}}],"collection":[{"href":"https:\/\/blueskyadventures.cz\/en\/wp-json\/wp\/v2\/pages"}],"about":[{"href":"https:\/\/blueskyadventures.cz\/en\/wp-json\/wp\/v2\/types\/page"}],"author":[{"embeddable":true,"href":"https:\/\/blueskyadventures.cz\/en\/wp-json\/wp\/v2\/users\/1"}],"replies":[{"embeddable":true,"href":"https:\/\/blueskyadventures.cz\/en\/wp-json\/wp\/v2\/comments?post=3734"}],"version-history":[{"count":19,"href":"https:\/\/blueskyadventures.cz\/en\/wp-json\/wp\/v2\/pages\/3734\/revisions"}],"predecessor-version":[{"id":12108,"href":"https:\/\/blueskyadventures.cz\/en\/wp-json\/wp\/v2\/pages\/3734\/revisions\/12108"}],"up":[{"embeddable":true,"href":"https:\/\/blueskyadventures.cz\/en\/wp-json\/wp\/v2\/pages\/3732"}],"wp:attachment":[{"href":"https:\/\/blueskyadventures.cz\/en\/wp-json\/wp\/v2\/media?parent=3734"}],"curies":[{"name":"wp","href":"https:\/\/api.w.org\/{rel}","templated":true}]}}