{"id":3735,"date":"2017-06-07T13:38:46","date_gmt":"2017-06-07T11:38:46","guid":{"rendered":"https:\/\/blueskyadventures.cz\/o-nas\/reference\/"},"modified":"2017-08-25T15:38:05","modified_gmt":"2017-08-25T13:38:05","slug":"reference","status":"publish","type":"page","link":"https:\/\/blueskyadventures.cz\/en\/about-us\/reference\/","title":{"rendered":"Reference"},"content":{"rendered":"<p>\t\t\t\t<img decoding=\"async\" src=\"https:\/\/blueskyadventures.cz\/assets\/uploads\/sites\/536\/bb-plugin\/cache\/Anthony-Anderson-square.png\" alt=\"\" \/><\/p>\n<p><h2>\u201cPick the best client feedback\u00a0and use it to impress your future clients so that they will\u00a0hire you for your services.\u201d<\/h2>\n<\/p>\n<h4 class='uabb-testimonial-author-name testimonial-author-name'>JAMES LEBLANC<\/h4>\n<p>\t\t\t\t\t\t\t\t\tNEXTHEME INC.<br \/>\n\t\t\t\t<img decoding=\"async\" src=\"https:\/\/blueskyadventures.cz\/assets\/uploads\/sites\/536\/bb-plugin\/cache\/Matthew-Pillips-square.png\" alt=\"\" \/><\/p>\n<p><h2>\u201cPick the best client feedback\u00a0and use it to impress your future clients so that they will\u00a0hire you for your services.\u201d<\/h2>\n<\/p>\n<h4 class='uabb-testimonial-author-name testimonial-author-name'>JOHN LEBLANC<\/h4>\n<p>\t\t\t\t\t\t\t\t\tNEXTHEME INC.<br \/>\n\t\t\t\t<img decoding=\"async\" src=\"https:\/\/blueskyadventures.cz\/assets\/uploads\/sites\/536\/bb-plugin\/cache\/Kimberly-Richardson-square.png\" alt=\"\" \/><\/p>\n<p><h2>\u201c Proin gravida nibh vel velit auctor aliquet aenean lorem sollicitudin, lorem quis alebibe auctor, nisi elit consequat. \u201d<\/h2>\n<\/p>\n<h4 class='uabb-testimonial-author-name testimonial-author-name'>LANCY LEBLANC<\/h4>\n<p>\t\t\t\t\t\t\t\t\tNEXTHEME INC.\t\t\t\t\t\t\t\t<\/p>\n<h2>\n\t\t\t\tWhat<br \/>\n\t\t\t<\/h2>\n<h2>Clients<\/h2>\n<h2>Say<\/h2>\n<p>15 years into service and we\u2019ve worked with some awesome clients who love us and our services. Check what they have to say about us.<\/p>\n<p>\t\t\t\t<img decoding=\"async\" src=\"https:\/\/blueskyadventures.cz\/assets\/uploads\/sites\/536\/bb-plugin\/cache\/189-img12-circle.jpg\" alt=\"\" \/><\/p>\n<p>Pick one of the\u00a0best feedbacks that you might have received from your clients or customers. Testimonials attract new customers.<\/p>\n<h5 class='uabb-testimonial-author-name testimonial-author-name'>JANE<\/h5>\n<p>\t\t\t\t<img decoding=\"async\" src=\"https:\/\/blueskyadventures.cz\/assets\/uploads\/sites\/536\/bb-plugin\/cache\/189-img11-circle.jpg\" alt=\"\" \/><\/p>\n<p>Pick one of the best\u00a0feedbacks that you might have received from your clients or customers. Testimonials are often found to increase the number of customers and build trust within the present ones. A testimonial section lets you advertise your business quality using the words your customers speak about you and your services.<\/p>\n<h5 class='uabb-testimonial-author-name testimonial-author-name'>DAVID<\/h5>\n<p>\t\t\t\t<img decoding=\"async\" src=\"https:\/\/blueskyadventures.cz\/assets\/uploads\/sites\/536\/bb-plugin\/cache\/200-img1-circle.png\" alt=\"\" \/><\/p>\n<p>Pick one of the best\u00a0feedbacks that you might have received from your clients or customers. Testimonials are often found to increase the number of customers and build trust within the present ones. A testimonial section lets you advertise your business quality using the words your customers speak about you.<\/p>\n<h5 class='uabb-testimonial-author-name testimonial-author-name'>ROB<\/h5>\n<p>\t\t\t\t<img decoding=\"async\" src=\"https:\/\/blueskyadventures.cz\/assets\/uploads\/sites\/536\/bb-plugin\/cache\/200-img2-circle.png\" alt=\"\" \/><\/p>\n<p>Pick one of the best\u00a0feedbacks that you might have received from your clients or customers.<\/p>\n<h5 class='uabb-testimonial-author-name testimonial-author-name'>JAMES<\/h5>\n","protected":false},"excerpt":{"rendered":"<p>\u201cPick the best client feedback\u00a0and use it to impress your future clients so that they will\u00a0hire you for your services.\u201d JAMES LEBLANC NEXTHEME INC. \u201cPick the best client feedback\u00a0and use it to impress your future clients so that they will\u00a0hire you for your services.\u201d JOHN LEBLANC NEXTHEME INC. \u201c Proin gravida nibh vel velit auctor&hellip;<\/p>\n","protected":false},"author":1,"featured_media":0,"parent":3732,"menu_order":0,"comment_status":"closed","ping_status":"closed","template":"","meta":{"footnotes":""},"class_list":["post-3735","page","type-page","status-publish","hentry"],"yoast_head":"<title>Reference - BlueSkyAdventures<\/title>\n<meta name=\"robots\" content=\"index, follow, max-snippet:-1, max-image-preview:large, max-video-preview:-1\" \/>\n<link rel=\"canonical\" href=\"https:\/\/blueskyadventures.cz\/en\/about-us\/reference\/\" \/>\n<meta property=\"og:locale\" content=\"en_US\" \/>\n<meta property=\"og:type\" content=\"article\" \/>\n<meta property=\"og:title\" content=\"Reference - BlueSkyAdventures\" \/>\n<meta property=\"og:description\" content=\"\u201cPick the best client feedback\u00a0and use it to impress your future clients so that they will\u00a0hire you for your services.\u201d JAMES LEBLANC NEXTHEME INC. \u201cPick the best client feedback\u00a0and use it to impress your future clients so that they will\u00a0hire you for your services.\u201d JOHN LEBLANC NEXTHEME INC. \u201c Proin gravida nibh vel velit auctor&hellip;\" \/>\n<meta property=\"og:url\" content=\"https:\/\/blueskyadventures.cz\/en\/about-us\/reference\/\" \/>\n<meta property=\"og:site_name\" content=\"BlueSkyAdventures\" \/>\n<meta property=\"article:modified_time\" content=\"2017-08-25T13:38:05+00:00\" \/>\n<meta property=\"og:image\" content=\"https:\/\/blueskyadventures.cz\/assets\/uploads\/sites\/536\/bb-plugin\/cache\/Anthony-Anderson-square.png\" \/>\n<meta name=\"twitter:card\" content=\"summary_large_image\" \/>\n<meta name=\"twitter:label1\" content=\"Est. reading time\" \/>\n\t<meta name=\"twitter:data1\" content=\"1 minute\" \/>\n<script type=\"application\/ld+json\" class=\"yoast-schema-graph\">{\"@context\":\"https:\/\/schema.org\",\"@graph\":[{\"@type\":\"WebPage\",\"@id\":\"https:\/\/blueskyadventures.cz\/en\/about-us\/reference\/\",\"url\":\"https:\/\/blueskyadventures.cz\/en\/about-us\/reference\/\",\"name\":\"Reference - BlueSkyAdventures\",\"isPartOf\":{\"@id\":\"https:\/\/blueskyadventures.cz\/ru\/#website\"},\"datePublished\":\"2017-06-07T11:38:46+00:00\",\"dateModified\":\"2017-08-25T13:38:05+00:00\",\"breadcrumb\":{\"@id\":\"https:\/\/blueskyadventures.cz\/en\/about-us\/reference\/#breadcrumb\"},\"inLanguage\":\"en-US\",\"potentialAction\":[{\"@type\":\"ReadAction\",\"target\":[\"https:\/\/blueskyadventures.cz\/en\/about-us\/reference\/\"]}]},{\"@type\":\"BreadcrumbList\",\"@id\":\"https:\/\/blueskyadventures.cz\/en\/about-us\/reference\/#breadcrumb\",\"itemListElement\":[{\"@type\":\"ListItem\",\"position\":1,\"name\":\"\u0413\u043b\u0430\u0432\u043d\u0430\u044f \u0441\u0442\u0440\u0430\u043d\u0438\u0446\u0430\",\"item\":\"https:\/\/blueskyadventures.cz\/en\/\"},{\"@type\":\"ListItem\",\"position\":2,\"name\":\"About us\",\"item\":\"https:\/\/blueskyadventures.cz\/en\/about-us\/\"},{\"@type\":\"ListItem\",\"position\":3,\"name\":\"Reference\"}]},{\"@type\":\"WebSite\",\"@id\":\"https:\/\/blueskyadventures.cz\/ru\/#website\",\"url\":\"https:\/\/blueskyadventures.cz\/ru\/\",\"name\":\"BlueSkyAdventures\",\"description\":\"Nejkr\u00e1sn\u011bj\u0161\u00ed vyhl\u00eddkov\u00e9 lety a leteck\u00e9 z\u00e1\u017eitky v \u010cech\u00e1ch\",\"potentialAction\":[{\"@type\":\"SearchAction\",\"target\":{\"@type\":\"EntryPoint\",\"urlTemplate\":\"https:\/\/blueskyadventures.cz\/ru\/?s={search_term_string}\"},\"query-input\":\"required name=search_term_string\"}],\"inLanguage\":\"en-US\"}]}<\/script>","yoast_head_json":{"title":"Reference - BlueSkyAdventures","robots":{"index":"index","follow":"follow","max-snippet":"max-snippet:-1","max-image-preview":"max-image-preview:large","max-video-preview":"max-video-preview:-1"},"canonical":"https:\/\/blueskyadventures.cz\/en\/about-us\/reference\/","og_locale":"en_US","og_type":"article","og_title":"Reference - BlueSkyAdventures","og_description":"\u201cPick the best client feedback\u00a0and use it to impress your future clients so that they will\u00a0hire you for your services.\u201d JAMES LEBLANC NEXTHEME INC. \u201cPick the best client feedback\u00a0and use it to impress your future clients so that they will\u00a0hire you for your services.\u201d JOHN LEBLANC NEXTHEME INC. \u201c Proin gravida nibh vel velit auctor&hellip;","og_url":"https:\/\/blueskyadventures.cz\/en\/about-us\/reference\/","og_site_name":"BlueSkyAdventures","article_modified_time":"2017-08-25T13:38:05+00:00","og_image":[{"url":"https:\/\/blueskyadventures.cz\/assets\/uploads\/sites\/536\/bb-plugin\/cache\/Anthony-Anderson-square.png"}],"twitter_card":"summary_large_image","twitter_misc":{"Est. reading time":"1 minute"},"schema":{"@context":"https:\/\/schema.org","@graph":[{"@type":"WebPage","@id":"https:\/\/blueskyadventures.cz\/en\/about-us\/reference\/","url":"https:\/\/blueskyadventures.cz\/en\/about-us\/reference\/","name":"Reference - BlueSkyAdventures","isPartOf":{"@id":"https:\/\/blueskyadventures.cz\/ru\/#website"},"datePublished":"2017-06-07T11:38:46+00:00","dateModified":"2017-08-25T13:38:05+00:00","breadcrumb":{"@id":"https:\/\/blueskyadventures.cz\/en\/about-us\/reference\/#breadcrumb"},"inLanguage":"en-US","potentialAction":[{"@type":"ReadAction","target":["https:\/\/blueskyadventures.cz\/en\/about-us\/reference\/"]}]},{"@type":"BreadcrumbList","@id":"https:\/\/blueskyadventures.cz\/en\/about-us\/reference\/#breadcrumb","itemListElement":[{"@type":"ListItem","position":1,"name":"\u0413\u043b\u0430\u0432\u043d\u0430\u044f \u0441\u0442\u0440\u0430\u043d\u0438\u0446\u0430","item":"https:\/\/blueskyadventures.cz\/en\/"},{"@type":"ListItem","position":2,"name":"About us","item":"https:\/\/blueskyadventures.cz\/en\/about-us\/"},{"@type":"ListItem","position":3,"name":"Reference"}]},{"@type":"WebSite","@id":"https:\/\/blueskyadventures.cz\/ru\/#website","url":"https:\/\/blueskyadventures.cz\/ru\/","name":"BlueSkyAdventures","description":"Nejkr\u00e1sn\u011bj\u0161\u00ed vyhl\u00eddkov\u00e9 lety a leteck\u00e9 z\u00e1\u017eitky v \u010cech\u00e1ch","potentialAction":[{"@type":"SearchAction","target":{"@type":"EntryPoint","urlTemplate":"https:\/\/blueskyadventures.cz\/ru\/?s={search_term_string}"},"query-input":"required name=search_term_string"}],"inLanguage":"en-US"}]}},"_links":{"self":[{"href":"https:\/\/blueskyadventures.cz\/en\/wp-json\/wp\/v2\/pages\/3735","targetHints":{"allow":["GET"]}}],"collection":[{"href":"https:\/\/blueskyadventures.cz\/en\/wp-json\/wp\/v2\/pages"}],"about":[{"href":"https:\/\/blueskyadventures.cz\/en\/wp-json\/wp\/v2\/types\/page"}],"author":[{"embeddable":true,"href":"https:\/\/blueskyadventures.cz\/en\/wp-json\/wp\/v2\/users\/1"}],"replies":[{"embeddable":true,"href":"https:\/\/blueskyadventures.cz\/en\/wp-json\/wp\/v2\/comments?post=3735"}],"version-history":[{"count":1,"href":"https:\/\/blueskyadventures.cz\/en\/wp-json\/wp\/v2\/pages\/3735\/revisions"}],"predecessor-version":[{"id":3839,"href":"https:\/\/blueskyadventures.cz\/en\/wp-json\/wp\/v2\/pages\/3735\/revisions\/3839"}],"up":[{"embeddable":true,"href":"https:\/\/blueskyadventures.cz\/en\/wp-json\/wp\/v2\/pages\/3732"}],"wp:attachment":[{"href":"https:\/\/blueskyadventures.cz\/en\/wp-json\/wp\/v2\/media?parent=3735"}],"curies":[{"name":"wp","href":"https:\/\/api.w.org\/{rel}","templated":true}]}}