{"id":3736,"date":"2017-06-07T13:39:39","date_gmt":"2017-06-07T11:39:39","guid":{"rendered":"https:\/\/blueskyadventures.cz\/o-nas\/vop\/"},"modified":"2017-08-25T15:44:16","modified_gmt":"2017-08-25T13:44:16","slug":"gtc","status":"publish","type":"page","link":"https:\/\/blueskyadventures.cz\/en\/about-us\/gtc\/","title":{"rendered":"GTC"},"content":{"rendered":"","protected":false},"excerpt":{"rendered":"","protected":false},"author":1,"featured_media":0,"parent":3732,"menu_order":0,"comment_status":"closed","ping_status":"closed","template":"","meta":{"footnotes":""},"class_list":["post-3736","page","type-page","status-publish","hentry"],"yoast_head":"<title>GTC - BlueSkyAdventures<\/title>\n<meta name=\"robots\" content=\"index, follow, max-snippet:-1, max-image-preview:large, max-video-preview:-1\" \/>\n<link rel=\"canonical\" href=\"http:\/\/blueskyadventures.cz\/en\/about-us\/gtc\/\" \/>\n<meta property=\"og:locale\" content=\"en_US\" \/>\n<meta property=\"og:type\" content=\"article\" \/>\n<meta property=\"og:title\" content=\"GTC - BlueSkyAdventures\" \/>\n<meta property=\"og:url\" content=\"http:\/\/blueskyadventures.cz\/en\/about-us\/gtc\/\" \/>\n<meta property=\"og:site_name\" content=\"BlueSkyAdventures\" \/>\n<meta property=\"article:modified_time\" content=\"2017-08-25T13:44:16+00:00\" \/>\n<meta name=\"twitter:card\" content=\"summary_large_image\" \/>\n<script type=\"application\/ld+json\" class=\"yoast-schema-graph\">{\"@context\":\"https:\/\/schema.org\",\"@graph\":[{\"@type\":\"WebPage\",\"@id\":\"http:\/\/blueskyadventures.cz\/en\/about-us\/gtc\/\",\"url\":\"http:\/\/blueskyadventures.cz\/en\/about-us\/gtc\/\",\"name\":\"GTC - BlueSkyAdventures\",\"isPartOf\":{\"@id\":\"https:\/\/blueskyadventures.cz\/ru\/#website\"},\"datePublished\":\"2017-06-07T11:39:39+00:00\",\"dateModified\":\"2017-08-25T13:44:16+00:00\",\"breadcrumb\":{\"@id\":\"http:\/\/blueskyadventures.cz\/en\/about-us\/gtc\/#breadcrumb\"},\"inLanguage\":\"en-US\",\"potentialAction\":[{\"@type\":\"ReadAction\",\"target\":[\"http:\/\/blueskyadventures.cz\/en\/about-us\/gtc\/\"]}]},{\"@type\":\"BreadcrumbList\",\"@id\":\"http:\/\/blueskyadventures.cz\/en\/about-us\/gtc\/#breadcrumb\",\"itemListElement\":[{\"@type\":\"ListItem\",\"position\":1,\"name\":\"\u0413\u043b\u0430\u0432\u043d\u0430\u044f \u0441\u0442\u0440\u0430\u043d\u0438\u0446\u0430\",\"item\":\"https:\/\/blueskyadventures.cz\/en\/\"},{\"@type\":\"ListItem\",\"position\":2,\"name\":\"About us\",\"item\":\"https:\/\/blueskyadventures.cz\/en\/about-us\/\"},{\"@type\":\"ListItem\",\"position\":3,\"name\":\"GTC\"}]},{\"@type\":\"WebSite\",\"@id\":\"https:\/\/blueskyadventures.cz\/ru\/#website\",\"url\":\"https:\/\/blueskyadventures.cz\/ru\/\",\"name\":\"BlueSkyAdventures\",\"description\":\"Nejkr\u00e1sn\u011bj\u0161\u00ed vyhl\u00eddkov\u00e9 lety a leteck\u00e9 z\u00e1\u017eitky v \u010cech\u00e1ch\",\"potentialAction\":[{\"@type\":\"SearchAction\",\"target\":{\"@type\":\"EntryPoint\",\"urlTemplate\":\"https:\/\/blueskyadventures.cz\/ru\/?s={search_term_string}\"},\"query-input\":\"required name=search_term_string\"}],\"inLanguage\":\"en-US\"}]}<\/script>","yoast_head_json":{"title":"GTC - BlueSkyAdventures","robots":{"index":"index","follow":"follow","max-snippet":"max-snippet:-1","max-image-preview":"max-image-preview:large","max-video-preview":"max-video-preview:-1"},"canonical":"http:\/\/blueskyadventures.cz\/en\/about-us\/gtc\/","og_locale":"en_US","og_type":"article","og_title":"GTC - BlueSkyAdventures","og_url":"http:\/\/blueskyadventures.cz\/en\/about-us\/gtc\/","og_site_name":"BlueSkyAdventures","article_modified_time":"2017-08-25T13:44:16+00:00","twitter_card":"summary_large_image","schema":{"@context":"https:\/\/schema.org","@graph":[{"@type":"WebPage","@id":"http:\/\/blueskyadventures.cz\/en\/about-us\/gtc\/","url":"http:\/\/blueskyadventures.cz\/en\/about-us\/gtc\/","name":"GTC - BlueSkyAdventures","isPartOf":{"@id":"https:\/\/blueskyadventures.cz\/ru\/#website"},"datePublished":"2017-06-07T11:39:39+00:00","dateModified":"2017-08-25T13:44:16+00:00","breadcrumb":{"@id":"http:\/\/blueskyadventures.cz\/en\/about-us\/gtc\/#breadcrumb"},"inLanguage":"en-US","potentialAction":[{"@type":"ReadAction","target":["http:\/\/blueskyadventures.cz\/en\/about-us\/gtc\/"]}]},{"@type":"BreadcrumbList","@id":"http:\/\/blueskyadventures.cz\/en\/about-us\/gtc\/#breadcrumb","itemListElement":[{"@type":"ListItem","position":1,"name":"\u0413\u043b\u0430\u0432\u043d\u0430\u044f \u0441\u0442\u0440\u0430\u043d\u0438\u0446\u0430","item":"https:\/\/blueskyadventures.cz\/en\/"},{"@type":"ListItem","position":2,"name":"About us","item":"https:\/\/blueskyadventures.cz\/en\/about-us\/"},{"@type":"ListItem","position":3,"name":"GTC"}]},{"@type":"WebSite","@id":"https:\/\/blueskyadventures.cz\/ru\/#website","url":"https:\/\/blueskyadventures.cz\/ru\/","name":"BlueSkyAdventures","description":"Nejkr\u00e1sn\u011bj\u0161\u00ed vyhl\u00eddkov\u00e9 lety a leteck\u00e9 z\u00e1\u017eitky v \u010cech\u00e1ch","potentialAction":[{"@type":"SearchAction","target":{"@type":"EntryPoint","urlTemplate":"https:\/\/blueskyadventures.cz\/ru\/?s={search_term_string}"},"query-input":"required name=search_term_string"}],"inLanguage":"en-US"}]}},"_links":{"self":[{"href":"https:\/\/blueskyadventures.cz\/en\/wp-json\/wp\/v2\/pages\/3736","targetHints":{"allow":["GET"]}}],"collection":[{"href":"https:\/\/blueskyadventures.cz\/en\/wp-json\/wp\/v2\/pages"}],"about":[{"href":"https:\/\/blueskyadventures.cz\/en\/wp-json\/wp\/v2\/types\/page"}],"author":[{"embeddable":true,"href":"https:\/\/blueskyadventures.cz\/en\/wp-json\/wp\/v2\/users\/1"}],"replies":[{"embeddable":true,"href":"https:\/\/blueskyadventures.cz\/en\/wp-json\/wp\/v2\/comments?post=3736"}],"version-history":[{"count":2,"href":"https:\/\/blueskyadventures.cz\/en\/wp-json\/wp\/v2\/pages\/3736\/revisions"}],"predecessor-version":[{"id":3848,"href":"https:\/\/blueskyadventures.cz\/en\/wp-json\/wp\/v2\/pages\/3736\/revisions\/3848"}],"up":[{"embeddable":true,"href":"https:\/\/blueskyadventures.cz\/en\/wp-json\/wp\/v2\/pages\/3732"}],"wp:attachment":[{"href":"https:\/\/blueskyadventures.cz\/en\/wp-json\/wp\/v2\/media?parent=3736"}],"curies":[{"name":"wp","href":"https:\/\/api.w.org\/{rel}","templated":true}]}}