{"id":3740,"date":"2017-06-07T13:41:12","date_gmt":"2017-06-07T11:41:12","guid":{"rendered":"https:\/\/blueskyadventures.cz\/tipy-na-vylety\/"},"modified":"2017-12-12T11:53:35","modified_gmt":"2017-12-12T10:53:35","slug":"tips-for-trips","status":"publish","type":"page","link":"https:\/\/blueskyadventures.cz\/en\/tips-for-trips\/","title":{"rendered":"Tips for trips"},"content":{"rendered":"<h1>TIPS FOR TRIPS<\/h1>\n<p>What did our customers like? Where do pilots fly? Which routes are the most popular? We have tips for air trips for exploration, fun and relaxation.<\/p>\n<p>If you would like to make any trip for yourself or as a gift for your loved ones or friends, do not hesitate to contact us like. We will offer you a tailor-made offer.<\/p>\n<p><strong>Do you have a tip for an aviation trip?<\/strong><\/p>\n<p><a href=\"https:\/\/blueskyadventures.cz\/en\/about-us\/contact\/#kontaktform\" target=\"_self\">Write us<\/a>\t\t\t <\/p>\n","protected":false},"excerpt":{"rendered":"<p>TIPS FOR TRIPS What did our customers like? Where do pilots fly? Which routes are the most popular? We have tips for air trips for exploration, fun and relaxation. If you would like to make any trip for yourself or as a gift for your loved ones or friends, do not hesitate to contact us&hellip;<\/p>\n","protected":false},"author":1,"featured_media":0,"parent":0,"menu_order":0,"comment_status":"closed","ping_status":"closed","template":"","meta":{"footnotes":""},"class_list":["post-3740","page","type-page","status-publish","hentry"],"yoast_head":"<title>Tips for trips - BlueSkyAdventures<\/title>\n<meta name=\"robots\" content=\"index, follow, max-snippet:-1, max-image-preview:large, max-video-preview:-1\" \/>\n<link rel=\"canonical\" href=\"https:\/\/blueskyadventures.cz\/en\/tips-for-trips\/\" \/>\n<meta property=\"og:locale\" content=\"en_US\" \/>\n<meta property=\"og:type\" content=\"article\" \/>\n<meta property=\"og:title\" content=\"Tips for trips - BlueSkyAdventures\" \/>\n<meta property=\"og:description\" content=\"TIPS FOR TRIPS What did our customers like? Where do pilots fly? Which routes are the most popular? We have tips for air trips for exploration, fun and relaxation. If you would like to make any trip for yourself or as a gift for your loved ones or friends, do not hesitate to contact us&hellip;\" \/>\n<meta property=\"og:url\" content=\"https:\/\/blueskyadventures.cz\/en\/tips-for-trips\/\" \/>\n<meta property=\"og:site_name\" content=\"BlueSkyAdventures\" \/>\n<meta property=\"article:modified_time\" content=\"2017-12-12T10:53:35+00:00\" \/>\n<meta name=\"twitter:card\" content=\"summary_large_image\" \/>\n<script type=\"application\/ld+json\" class=\"yoast-schema-graph\">{\"@context\":\"https:\/\/schema.org\",\"@graph\":[{\"@type\":\"WebPage\",\"@id\":\"https:\/\/blueskyadventures.cz\/en\/tips-for-trips\/\",\"url\":\"https:\/\/blueskyadventures.cz\/en\/tips-for-trips\/\",\"name\":\"Tips for trips - BlueSkyAdventures\",\"isPartOf\":{\"@id\":\"https:\/\/blueskyadventures.cz\/ru\/#website\"},\"datePublished\":\"2017-06-07T11:41:12+00:00\",\"dateModified\":\"2017-12-12T10:53:35+00:00\",\"breadcrumb\":{\"@id\":\"https:\/\/blueskyadventures.cz\/en\/tips-for-trips\/#breadcrumb\"},\"inLanguage\":\"en-US\",\"potentialAction\":[{\"@type\":\"ReadAction\",\"target\":[\"https:\/\/blueskyadventures.cz\/en\/tips-for-trips\/\"]}]},{\"@type\":\"BreadcrumbList\",\"@id\":\"https:\/\/blueskyadventures.cz\/en\/tips-for-trips\/#breadcrumb\",\"itemListElement\":[{\"@type\":\"ListItem\",\"position\":1,\"name\":\"\u0413\u043b\u0430\u0432\u043d\u0430\u044f \u0441\u0442\u0440\u0430\u043d\u0438\u0446\u0430\",\"item\":\"https:\/\/blueskyadventures.cz\/en\/\"},{\"@type\":\"ListItem\",\"position\":2,\"name\":\"Tips for trips\"}]},{\"@type\":\"WebSite\",\"@id\":\"https:\/\/blueskyadventures.cz\/ru\/#website\",\"url\":\"https:\/\/blueskyadventures.cz\/ru\/\",\"name\":\"BlueSkyAdventures\",\"description\":\"Nejkr\u00e1sn\u011bj\u0161\u00ed vyhl\u00eddkov\u00e9 lety a leteck\u00e9 z\u00e1\u017eitky v \u010cech\u00e1ch\",\"potentialAction\":[{\"@type\":\"SearchAction\",\"target\":{\"@type\":\"EntryPoint\",\"urlTemplate\":\"https:\/\/blueskyadventures.cz\/ru\/?s={search_term_string}\"},\"query-input\":\"required name=search_term_string\"}],\"inLanguage\":\"en-US\"}]}<\/script>","yoast_head_json":{"title":"Tips for trips - BlueSkyAdventures","robots":{"index":"index","follow":"follow","max-snippet":"max-snippet:-1","max-image-preview":"max-image-preview:large","max-video-preview":"max-video-preview:-1"},"canonical":"https:\/\/blueskyadventures.cz\/en\/tips-for-trips\/","og_locale":"en_US","og_type":"article","og_title":"Tips for trips - BlueSkyAdventures","og_description":"TIPS FOR TRIPS What did our customers like? Where do pilots fly? Which routes are the most popular? We have tips for air trips for exploration, fun and relaxation. If you would like to make any trip for yourself or as a gift for your loved ones or friends, do not hesitate to contact us&hellip;","og_url":"https:\/\/blueskyadventures.cz\/en\/tips-for-trips\/","og_site_name":"BlueSkyAdventures","article_modified_time":"2017-12-12T10:53:35+00:00","twitter_card":"summary_large_image","schema":{"@context":"https:\/\/schema.org","@graph":[{"@type":"WebPage","@id":"https:\/\/blueskyadventures.cz\/en\/tips-for-trips\/","url":"https:\/\/blueskyadventures.cz\/en\/tips-for-trips\/","name":"Tips for trips - BlueSkyAdventures","isPartOf":{"@id":"https:\/\/blueskyadventures.cz\/ru\/#website"},"datePublished":"2017-06-07T11:41:12+00:00","dateModified":"2017-12-12T10:53:35+00:00","breadcrumb":{"@id":"https:\/\/blueskyadventures.cz\/en\/tips-for-trips\/#breadcrumb"},"inLanguage":"en-US","potentialAction":[{"@type":"ReadAction","target":["https:\/\/blueskyadventures.cz\/en\/tips-for-trips\/"]}]},{"@type":"BreadcrumbList","@id":"https:\/\/blueskyadventures.cz\/en\/tips-for-trips\/#breadcrumb","itemListElement":[{"@type":"ListItem","position":1,"name":"\u0413\u043b\u0430\u0432\u043d\u0430\u044f \u0441\u0442\u0440\u0430\u043d\u0438\u0446\u0430","item":"https:\/\/blueskyadventures.cz\/en\/"},{"@type":"ListItem","position":2,"name":"Tips for trips"}]},{"@type":"WebSite","@id":"https:\/\/blueskyadventures.cz\/ru\/#website","url":"https:\/\/blueskyadventures.cz\/ru\/","name":"BlueSkyAdventures","description":"Nejkr\u00e1sn\u011bj\u0161\u00ed vyhl\u00eddkov\u00e9 lety a leteck\u00e9 z\u00e1\u017eitky v \u010cech\u00e1ch","potentialAction":[{"@type":"SearchAction","target":{"@type":"EntryPoint","urlTemplate":"https:\/\/blueskyadventures.cz\/ru\/?s={search_term_string}"},"query-input":"required name=search_term_string"}],"inLanguage":"en-US"}]}},"_links":{"self":[{"href":"https:\/\/blueskyadventures.cz\/en\/wp-json\/wp\/v2\/pages\/3740","targetHints":{"allow":["GET"]}}],"collection":[{"href":"https:\/\/blueskyadventures.cz\/en\/wp-json\/wp\/v2\/pages"}],"about":[{"href":"https:\/\/blueskyadventures.cz\/en\/wp-json\/wp\/v2\/types\/page"}],"author":[{"embeddable":true,"href":"https:\/\/blueskyadventures.cz\/en\/wp-json\/wp\/v2\/users\/1"}],"replies":[{"embeddable":true,"href":"https:\/\/blueskyadventures.cz\/en\/wp-json\/wp\/v2\/comments?post=3740"}],"version-history":[{"count":5,"href":"https:\/\/blueskyadventures.cz\/en\/wp-json\/wp\/v2\/pages\/3740\/revisions"}],"predecessor-version":[{"id":5887,"href":"https:\/\/blueskyadventures.cz\/en\/wp-json\/wp\/v2\/pages\/3740\/revisions\/5887"}],"wp:attachment":[{"href":"https:\/\/blueskyadventures.cz\/en\/wp-json\/wp\/v2\/media?parent=3740"}],"curies":[{"name":"wp","href":"https:\/\/api.w.org\/{rel}","templated":true}]}}