{"id":11101,"date":"2020-06-22T17:40:33","date_gmt":"2020-06-22T15:40:33","guid":{"rendered":"http:\/\/blueskyadventures.cz\/?post_type=product&#038;p=11101"},"modified":"2024-07-11T02:07:01","modified_gmt":"2024-07-11T00:07:01","slug":"polo-pilot-for-him-black","status":"publish","type":"product","link":"https:\/\/blueskyadventures.cz\/en\/product\/polo-pilot-for-him-black\/","title":{"rendered":"Polo PILOT for him"},"content":{"rendered":"<div class=\"uabb-infobox-title-wrap\">\n<h3 class=\"uabb-infobox-title\">PILOT poloshirt<\/h3>\n<\/div>\n<div class=\"uabb-infobox-text-wrap\">\n<div class=\"uabb-infobox-text uabb-text-editor\">\n<p>It does not matter whether you drive real traffic or sport aircraft, its model or simulator. It is essential that you belong to the family of those who are flying in the heart.<\/p>\n<p>This product is gift-wrapped.<\/p>\n<p><strong>Specification:<\/strong><\/p>\n<ul>\n<li>Polo made with short sleeves<\/li>\n<li>100% cotton ring-spun, fabric 200 g \/ m2 woven piqu\u00e9<\/li>\n<\/ul>\n<p><strong>Producer:\u00a0<\/strong><br \/>\nAntonio &#8211; Live &amp; Fly<\/p>\n<\/div>\n<\/div>\n","protected":false},"excerpt":{"rendered":"<p>PILOT poloshirt It does not matter whether you drive real traffic or sport aircraft, its model or simulator. It is essential that you belong to the family of those who are flying in the heart. This product is gift-wrapped. Specification: Polo made with short sleeves 100% cotton ring-spun, fabric 200 g \/ m2 woven piqu\u00e9&hellip;<\/p>\n","protected":false},"featured_media":11032,"comment_status":"open","ping_status":"closed","template":"","meta":[],"product_brand":[],"product_cat":[31],"product_tag":[],"class_list":{"0":"post-11101","1":"product","2":"type-product","3":"status-publish","4":"has-post-thumbnail","6":"product_cat-flight-gifts","8":"first","9":"instock","10":"taxable","11":"shipping-taxable","12":"purchasable","13":"product-type-variable"},"yoast_head":"<title>Polo PILOT for him - BlueSkyAdventures<\/title>\n<meta name=\"robots\" content=\"index, follow, max-snippet:-1, max-image-preview:large, max-video-preview:-1\" \/>\n<link rel=\"canonical\" href=\"http:\/\/blueskyadventures.cz\/en\/product\/polo-pilot-for-him-black\/\" \/>\n<meta property=\"og:locale\" content=\"en_US\" \/>\n<meta property=\"og:type\" content=\"article\" \/>\n<meta property=\"og:title\" content=\"Polo PILOT for him - BlueSkyAdventures\" \/>\n<meta property=\"og:description\" content=\"PILOT poloshirt It does not matter whether you drive real traffic or sport aircraft, its model or simulator. It is essential that you belong to the family of those who are flying in the heart. This product is gift-wrapped. Specification: Polo made with short sleeves 100% cotton ring-spun, fabric 200 g \/ m2 woven piqu\u00e9&hellip;\" \/>\n<meta property=\"og:url\" content=\"http:\/\/blueskyadventures.cz\/en\/product\/polo-pilot-for-him-black\/\" \/>\n<meta property=\"og:site_name\" content=\"BlueSkyAdventures\" \/>\n<meta property=\"article:modified_time\" content=\"2024-07-11T00:07:01+00:00\" \/>\n<meta property=\"og:image\" content=\"https:\/\/blueskyadventures.cz\/assets\/uploads\/sites\/536\/2020\/06\/polo-t-shirt_black_m_300x300.jpg\" \/>\n\t<meta property=\"og:image:width\" content=\"300\" \/>\n\t<meta property=\"og:image:height\" content=\"300\" \/>\n\t<meta property=\"og:image:type\" content=\"image\/jpeg\" \/>\n<meta name=\"twitter:card\" content=\"summary_large_image\" \/>\n<script type=\"application\/ld+json\" class=\"yoast-schema-graph\">{\"@context\":\"https:\/\/schema.org\",\"@graph\":[{\"@type\":\"WebPage\",\"@id\":\"http:\/\/blueskyadventures.cz\/en\/product\/polo-pilot-for-him-black\/\",\"url\":\"http:\/\/blueskyadventures.cz\/en\/product\/polo-pilot-for-him-black\/\",\"name\":\"Polo PILOT for him - BlueSkyAdventures\",\"isPartOf\":{\"@id\":\"https:\/\/blueskyadventures.cz\/ru\/#website\"},\"datePublished\":\"2020-06-22T15:40:33+00:00\",\"dateModified\":\"2024-07-11T00:07:01+00:00\",\"breadcrumb\":{\"@id\":\"http:\/\/blueskyadventures.cz\/en\/product\/polo-pilot-for-him-black\/#breadcrumb\"},\"inLanguage\":\"en-US\",\"potentialAction\":[{\"@type\":\"ReadAction\",\"target\":[\"http:\/\/blueskyadventures.cz\/en\/product\/polo-pilot-for-him-black\/\"]}]},{\"@type\":\"BreadcrumbList\",\"@id\":\"http:\/\/blueskyadventures.cz\/en\/product\/polo-pilot-for-him-black\/#breadcrumb\",\"itemListElement\":[{\"@type\":\"ListItem\",\"position\":1,\"name\":\"\u0413\u043b\u0430\u0432\u043d\u0430\u044f \u0441\u0442\u0440\u0430\u043d\u0438\u0446\u0430\",\"item\":\"https:\/\/blueskyadventures.cz\/en\/\"},{\"@type\":\"ListItem\",\"position\":2,\"name\":\"Shop\",\"item\":\"https:\/\/blueskyadventures.cz\/en\/shop\/\"},{\"@type\":\"ListItem\",\"position\":3,\"name\":\"Polo PILOT for him\"}]},{\"@type\":\"WebSite\",\"@id\":\"https:\/\/blueskyadventures.cz\/ru\/#website\",\"url\":\"https:\/\/blueskyadventures.cz\/ru\/\",\"name\":\"BlueSkyAdventures\",\"description\":\"Nejkr\u00e1sn\u011bj\u0161\u00ed vyhl\u00eddkov\u00e9 lety a leteck\u00e9 z\u00e1\u017eitky v \u010cech\u00e1ch\",\"potentialAction\":[{\"@type\":\"SearchAction\",\"target\":{\"@type\":\"EntryPoint\",\"urlTemplate\":\"https:\/\/blueskyadventures.cz\/ru\/?s={search_term_string}\"},\"query-input\":\"required name=search_term_string\"}],\"inLanguage\":\"en-US\"}]}<\/script>","yoast_head_json":{"title":"Polo PILOT for him - BlueSkyAdventures","robots":{"index":"index","follow":"follow","max-snippet":"max-snippet:-1","max-image-preview":"max-image-preview:large","max-video-preview":"max-video-preview:-1"},"canonical":"http:\/\/blueskyadventures.cz\/en\/product\/polo-pilot-for-him-black\/","og_locale":"en_US","og_type":"article","og_title":"Polo PILOT for him - BlueSkyAdventures","og_description":"PILOT poloshirt It does not matter whether you drive real traffic or sport aircraft, its model or simulator. It is essential that you belong to the family of those who are flying in the heart. This product is gift-wrapped. Specification: Polo made with short sleeves 100% cotton ring-spun, fabric 200 g \/ m2 woven piqu\u00e9&hellip;","og_url":"http:\/\/blueskyadventures.cz\/en\/product\/polo-pilot-for-him-black\/","og_site_name":"BlueSkyAdventures","article_modified_time":"2024-07-11T00:07:01+00:00","og_image":[{"width":300,"height":300,"url":"https:\/\/blueskyadventures.cz\/assets\/uploads\/sites\/536\/2020\/06\/polo-t-shirt_black_m_300x300.jpg","type":"image\/jpeg"}],"twitter_card":"summary_large_image","schema":{"@context":"https:\/\/schema.org","@graph":[{"@type":"WebPage","@id":"http:\/\/blueskyadventures.cz\/en\/product\/polo-pilot-for-him-black\/","url":"http:\/\/blueskyadventures.cz\/en\/product\/polo-pilot-for-him-black\/","name":"Polo PILOT for him - BlueSkyAdventures","isPartOf":{"@id":"https:\/\/blueskyadventures.cz\/ru\/#website"},"datePublished":"2020-06-22T15:40:33+00:00","dateModified":"2024-07-11T00:07:01+00:00","breadcrumb":{"@id":"http:\/\/blueskyadventures.cz\/en\/product\/polo-pilot-for-him-black\/#breadcrumb"},"inLanguage":"en-US","potentialAction":[{"@type":"ReadAction","target":["http:\/\/blueskyadventures.cz\/en\/product\/polo-pilot-for-him-black\/"]}]},{"@type":"BreadcrumbList","@id":"http:\/\/blueskyadventures.cz\/en\/product\/polo-pilot-for-him-black\/#breadcrumb","itemListElement":[{"@type":"ListItem","position":1,"name":"\u0413\u043b\u0430\u0432\u043d\u0430\u044f \u0441\u0442\u0440\u0430\u043d\u0438\u0446\u0430","item":"https:\/\/blueskyadventures.cz\/en\/"},{"@type":"ListItem","position":2,"name":"Shop","item":"https:\/\/blueskyadventures.cz\/en\/shop\/"},{"@type":"ListItem","position":3,"name":"Polo PILOT for him"}]},{"@type":"WebSite","@id":"https:\/\/blueskyadventures.cz\/ru\/#website","url":"https:\/\/blueskyadventures.cz\/ru\/","name":"BlueSkyAdventures","description":"Nejkr\u00e1sn\u011bj\u0161\u00ed vyhl\u00eddkov\u00e9 lety a leteck\u00e9 z\u00e1\u017eitky v \u010cech\u00e1ch","potentialAction":[{"@type":"SearchAction","target":{"@type":"EntryPoint","urlTemplate":"https:\/\/blueskyadventures.cz\/ru\/?s={search_term_string}"},"query-input":"required name=search_term_string"}],"inLanguage":"en-US"}]}},"_links":{"self":[{"href":"https:\/\/blueskyadventures.cz\/en\/wp-json\/wp\/v2\/product\/11101","targetHints":{"allow":["GET"]}}],"collection":[{"href":"https:\/\/blueskyadventures.cz\/en\/wp-json\/wp\/v2\/product"}],"about":[{"href":"https:\/\/blueskyadventures.cz\/en\/wp-json\/wp\/v2\/types\/product"}],"replies":[{"embeddable":true,"href":"https:\/\/blueskyadventures.cz\/en\/wp-json\/wp\/v2\/comments?post=11101"}],"wp:featuredmedia":[{"embeddable":true,"href":"https:\/\/blueskyadventures.cz\/en\/wp-json\/wp\/v2\/media\/11032"}],"wp:attachment":[{"href":"https:\/\/blueskyadventures.cz\/en\/wp-json\/wp\/v2\/media?parent=11101"}],"wp:term":[{"taxonomy":"product_brand","embeddable":true,"href":"https:\/\/blueskyadventures.cz\/en\/wp-json\/wp\/v2\/product_brand?post=11101"},{"taxonomy":"product_cat","embeddable":true,"href":"https:\/\/blueskyadventures.cz\/en\/wp-json\/wp\/v2\/product_cat?post=11101"},{"taxonomy":"product_tag","embeddable":true,"href":"https:\/\/blueskyadventures.cz\/en\/wp-json\/wp\/v2\/product_tag?post=11101"}],"curies":[{"name":"wp","href":"https:\/\/api.w.org\/{rel}","templated":true}]}}