{"id":4628,"date":"2017-07-04T13:06:18","date_gmt":"2017-09-18T20:27:39","guid":{"rendered":"https:\/\/blueskyadventures.cz\/?post_type=product&#038;p=4628"},"modified":"2026-04-23T22:35:07","modified_gmt":"2026-04-23T20:35:07","slug":"pilot-tag","status":"publish","type":"product","link":"https:\/\/blueskyadventures.cz\/en\/product\/pilot-tag\/","title":{"rendered":"Pilot tag"},"content":{"rendered":"<br \/>\n<h3>PILOT Tag<\/h3>\n<p>Flying is in your heart, flying is your passion! Then without this tag, which tells every expert where your heart is, you can not be.<\/p>\n<p><strong>Specifications:<\/strong><\/p>\n<ul>\n<li>Reinforced fabric, white embroidery &#8220;KISS ME BEFORE FLIGHT&#8221; from one and &#8220;BLUE SKY AVIATION.CZ&#8221; from the other side<\/li>\n<li>Dimensions: 120 x 28 x 3 mm<\/li>\n<\/ul>\n<p><strong>Producer:<\/strong><\/p>\n<ul>\n<li>BLUE SKY AVIATION s.r.o.<\/li>\n<\/ul>\n","protected":false},"excerpt":{"rendered":"<p>PILOT Tag Flying is in your heart, flying is your passion! Then without this tag, which tells every expert where your heart is, you can not be. Specifications: Reinforced fabric, white embroidery &#8220;KISS ME BEFORE FLIGHT&#8221; from one and &#8220;BLUE SKY AVIATION.CZ&#8221; from the other side Dimensions: 120 x 28 x 3 mm Producer: BLUE&hellip;<\/p>\n","protected":false},"featured_media":4465,"comment_status":"open","ping_status":"closed","template":"","meta":[],"product_brand":[],"product_cat":[31],"product_tag":[],"class_list":{"0":"post-4628","1":"product","2":"type-product","3":"status-publish","4":"has-post-thumbnail","6":"product_cat-flight-gifts","8":"first","9":"instock","10":"taxable","11":"shipping-taxable","12":"purchasable","13":"product-type-simple"},"yoast_head":"<title>Pilot tag - BlueSkyAdventures<\/title>\n<meta name=\"robots\" content=\"index, follow, max-snippet:-1, max-image-preview:large, max-video-preview:-1\" \/>\n<link rel=\"canonical\" href=\"https:\/\/blueskyadventures.cz\/en\/product\/pilot-tag\/\" \/>\n<meta property=\"og:locale\" content=\"en_US\" \/>\n<meta property=\"og:type\" content=\"article\" \/>\n<meta property=\"og:title\" content=\"Pilot tag - BlueSkyAdventures\" \/>\n<meta property=\"og:description\" content=\"PILOT Tag Flying is in your heart, flying is your passion! Then without this tag, which tells every expert where your heart is, you can not be. Specifications: Reinforced fabric, white embroidery &#8220;KISS ME BEFORE FLIGHT&#8221; from one and &#8220;BLUE SKY AVIATION.CZ&#8221; from the other side Dimensions: 120 x 28 x 3 mm Producer: BLUE&hellip;\" \/>\n<meta property=\"og:url\" content=\"https:\/\/blueskyadventures.cz\/en\/product\/pilot-tag\/\" \/>\n<meta property=\"og:site_name\" content=\"BlueSkyAdventures\" \/>\n<meta property=\"article:modified_time\" content=\"2026-04-23T20:35:07+00:00\" \/>\n<meta property=\"og:image\" content=\"https:\/\/blueskyadventures.cz\/assets\/uploads\/sites\/536\/2017\/07\/visacka_300x300.jpg\" \/>\n\t<meta property=\"og:image:width\" content=\"300\" \/>\n\t<meta property=\"og:image:height\" content=\"300\" \/>\n\t<meta property=\"og:image:type\" content=\"image\/jpeg\" \/>\n<meta name=\"twitter:card\" content=\"summary_large_image\" \/>\n<script type=\"application\/ld+json\" class=\"yoast-schema-graph\">{\"@context\":\"https:\/\/schema.org\",\"@graph\":[{\"@type\":\"WebPage\",\"@id\":\"https:\/\/blueskyadventures.cz\/en\/product\/pilot-tag\/\",\"url\":\"https:\/\/blueskyadventures.cz\/en\/product\/pilot-tag\/\",\"name\":\"Pilot tag - BlueSkyAdventures\",\"isPartOf\":{\"@id\":\"https:\/\/blueskyadventures.cz\/ru\/#website\"},\"datePublished\":\"2017-09-18T20:27:39+00:00\",\"dateModified\":\"2026-04-23T20:35:07+00:00\",\"breadcrumb\":{\"@id\":\"https:\/\/blueskyadventures.cz\/en\/product\/pilot-tag\/#breadcrumb\"},\"inLanguage\":\"en-US\",\"potentialAction\":[{\"@type\":\"ReadAction\",\"target\":[\"https:\/\/blueskyadventures.cz\/en\/product\/pilot-tag\/\"]}]},{\"@type\":\"BreadcrumbList\",\"@id\":\"https:\/\/blueskyadventures.cz\/en\/product\/pilot-tag\/#breadcrumb\",\"itemListElement\":[{\"@type\":\"ListItem\",\"position\":1,\"name\":\"\u0413\u043b\u0430\u0432\u043d\u0430\u044f \u0441\u0442\u0440\u0430\u043d\u0438\u0446\u0430\",\"item\":\"https:\/\/blueskyadventures.cz\/en\/\"},{\"@type\":\"ListItem\",\"position\":2,\"name\":\"Shop\",\"item\":\"https:\/\/blueskyadventures.cz\/en\/shop\/\"},{\"@type\":\"ListItem\",\"position\":3,\"name\":\"Pilot tag\"}]},{\"@type\":\"WebSite\",\"@id\":\"https:\/\/blueskyadventures.cz\/ru\/#website\",\"url\":\"https:\/\/blueskyadventures.cz\/ru\/\",\"name\":\"BlueSkyAdventures\",\"description\":\"Nejkr\u00e1sn\u011bj\u0161\u00ed vyhl\u00eddkov\u00e9 lety a leteck\u00e9 z\u00e1\u017eitky v \u010cech\u00e1ch\",\"potentialAction\":[{\"@type\":\"SearchAction\",\"target\":{\"@type\":\"EntryPoint\",\"urlTemplate\":\"https:\/\/blueskyadventures.cz\/ru\/?s={search_term_string}\"},\"query-input\":\"required name=search_term_string\"}],\"inLanguage\":\"en-US\"}]}<\/script>","yoast_head_json":{"title":"Pilot tag - BlueSkyAdventures","robots":{"index":"index","follow":"follow","max-snippet":"max-snippet:-1","max-image-preview":"max-image-preview:large","max-video-preview":"max-video-preview:-1"},"canonical":"https:\/\/blueskyadventures.cz\/en\/product\/pilot-tag\/","og_locale":"en_US","og_type":"article","og_title":"Pilot tag - BlueSkyAdventures","og_description":"PILOT Tag Flying is in your heart, flying is your passion! Then without this tag, which tells every expert where your heart is, you can not be. Specifications: Reinforced fabric, white embroidery &#8220;KISS ME BEFORE FLIGHT&#8221; from one and &#8220;BLUE SKY AVIATION.CZ&#8221; from the other side Dimensions: 120 x 28 x 3 mm Producer: BLUE&hellip;","og_url":"https:\/\/blueskyadventures.cz\/en\/product\/pilot-tag\/","og_site_name":"BlueSkyAdventures","article_modified_time":"2026-04-23T20:35:07+00:00","og_image":[{"width":300,"height":300,"url":"https:\/\/blueskyadventures.cz\/assets\/uploads\/sites\/536\/2017\/07\/visacka_300x300.jpg","type":"image\/jpeg"}],"twitter_card":"summary_large_image","schema":{"@context":"https:\/\/schema.org","@graph":[{"@type":"WebPage","@id":"https:\/\/blueskyadventures.cz\/en\/product\/pilot-tag\/","url":"https:\/\/blueskyadventures.cz\/en\/product\/pilot-tag\/","name":"Pilot tag - BlueSkyAdventures","isPartOf":{"@id":"https:\/\/blueskyadventures.cz\/ru\/#website"},"datePublished":"2017-09-18T20:27:39+00:00","dateModified":"2026-04-23T20:35:07+00:00","breadcrumb":{"@id":"https:\/\/blueskyadventures.cz\/en\/product\/pilot-tag\/#breadcrumb"},"inLanguage":"en-US","potentialAction":[{"@type":"ReadAction","target":["https:\/\/blueskyadventures.cz\/en\/product\/pilot-tag\/"]}]},{"@type":"BreadcrumbList","@id":"https:\/\/blueskyadventures.cz\/en\/product\/pilot-tag\/#breadcrumb","itemListElement":[{"@type":"ListItem","position":1,"name":"\u0413\u043b\u0430\u0432\u043d\u0430\u044f \u0441\u0442\u0440\u0430\u043d\u0438\u0446\u0430","item":"https:\/\/blueskyadventures.cz\/en\/"},{"@type":"ListItem","position":2,"name":"Shop","item":"https:\/\/blueskyadventures.cz\/en\/shop\/"},{"@type":"ListItem","position":3,"name":"Pilot tag"}]},{"@type":"WebSite","@id":"https:\/\/blueskyadventures.cz\/ru\/#website","url":"https:\/\/blueskyadventures.cz\/ru\/","name":"BlueSkyAdventures","description":"Nejkr\u00e1sn\u011bj\u0161\u00ed vyhl\u00eddkov\u00e9 lety a leteck\u00e9 z\u00e1\u017eitky v \u010cech\u00e1ch","potentialAction":[{"@type":"SearchAction","target":{"@type":"EntryPoint","urlTemplate":"https:\/\/blueskyadventures.cz\/ru\/?s={search_term_string}"},"query-input":"required name=search_term_string"}],"inLanguage":"en-US"}]}},"_links":{"self":[{"href":"https:\/\/blueskyadventures.cz\/en\/wp-json\/wp\/v2\/product\/4628","targetHints":{"allow":["GET"]}}],"collection":[{"href":"https:\/\/blueskyadventures.cz\/en\/wp-json\/wp\/v2\/product"}],"about":[{"href":"https:\/\/blueskyadventures.cz\/en\/wp-json\/wp\/v2\/types\/product"}],"replies":[{"embeddable":true,"href":"https:\/\/blueskyadventures.cz\/en\/wp-json\/wp\/v2\/comments?post=4628"}],"wp:featuredmedia":[{"embeddable":true,"href":"https:\/\/blueskyadventures.cz\/en\/wp-json\/wp\/v2\/media\/4465"}],"wp:attachment":[{"href":"https:\/\/blueskyadventures.cz\/en\/wp-json\/wp\/v2\/media?parent=4628"}],"wp:term":[{"taxonomy":"product_brand","embeddable":true,"href":"https:\/\/blueskyadventures.cz\/en\/wp-json\/wp\/v2\/product_brand?post=4628"},{"taxonomy":"product_cat","embeddable":true,"href":"https:\/\/blueskyadventures.cz\/en\/wp-json\/wp\/v2\/product_cat?post=4628"},{"taxonomy":"product_tag","embeddable":true,"href":"https:\/\/blueskyadventures.cz\/en\/wp-json\/wp\/v2\/product_tag?post=4628"}],"curies":[{"name":"wp","href":"https:\/\/api.w.org\/{rel}","templated":true}]}}