{"id":4988,"date":"2017-09-15T13:01:59","date_gmt":"2017-09-20T12:49:49","guid":{"rendered":"https:\/\/blueskyadventures.cz\/?post_type=product&#038;p=4988"},"modified":"2022-06-22T02:55:09","modified_gmt":"2022-06-22T00:55:09","slug":"t-shirt-pilot-for-him","status":"publish","type":"product","link":"https:\/\/blueskyadventures.cz\/en\/product\/t-shirt-pilot-for-him\/","title":{"rendered":"T-shirt PILOT for him"},"content":{"rendered":"<br \/>\n<h3>Pilot T-Shirt PILOT<\/h3>\n<p>It does not matter whether you drive real traffic or sport aircraft, its model or simulator. It is essential that you belong to the family of those who are flying in the heart.<\/p>\n<p>This product is gift-wrapped.<\/p>\n<p><strong>Specifikace:<\/strong><\/p>\n<ul>\n<li>\n<p>200 g\/m2, 100 % cotton, silicon treatment, Single Jersey<\/p>\n<\/li>\n<li>\n<p>Unisex heavy-weight T-shirt without side seams. Narrow neck with 5 % elastan. Stabilizing shoulder tape<\/p>\n<\/li>\n<\/ul>\n<p><strong>Producer:\u00a0<\/strong><br \/>Antonio &#8211; Live &amp; Fly<\/p>\n","protected":false},"excerpt":{"rendered":"<p>Pilot T-Shirt PILOT It does not matter whether you drive real traffic or sport aircraft, its model or simulator. It is essential that you belong to the family of those who are flying in the heart. This product is gift-wrapped. Specifikace: 200 g\/m2, 100 % cotton, silicon treatment, Single Jersey Unisex heavy-weight T-shirt without side&hellip;<\/p>\n","protected":false},"featured_media":4481,"comment_status":"open","ping_status":"closed","template":"","meta":[],"product_brand":[],"product_cat":[31],"product_tag":[],"class_list":{"0":"post-4988","1":"product","2":"type-product","3":"status-publish","4":"has-post-thumbnail","6":"product_cat-flight-gifts","8":"first","9":"instock","10":"taxable","11":"shipping-taxable","12":"purchasable","13":"product-type-variable"},"yoast_head":"<title>T-shirt PILOT for him - BlueSkyAdventures<\/title>\n<meta name=\"robots\" content=\"index, follow, max-snippet:-1, max-image-preview:large, max-video-preview:-1\" \/>\n<link rel=\"canonical\" href=\"https:\/\/blueskyadventures.cz\/en\/product\/t-shirt-pilot-for-him\/\" \/>\n<meta property=\"og:locale\" content=\"en_US\" \/>\n<meta property=\"og:type\" content=\"article\" \/>\n<meta property=\"og:title\" content=\"T-shirt PILOT for him - BlueSkyAdventures\" \/>\n<meta property=\"og:description\" content=\"Pilot T-Shirt PILOT It does not matter whether you drive real traffic or sport aircraft, its model or simulator. It is essential that you belong to the family of those who are flying in the heart. This product is gift-wrapped. Specifikace: 200 g\/m2, 100 % cotton, silicon treatment, Single Jersey Unisex heavy-weight T-shirt without side&hellip;\" \/>\n<meta property=\"og:url\" content=\"https:\/\/blueskyadventures.cz\/en\/product\/t-shirt-pilot-for-him\/\" \/>\n<meta property=\"og:site_name\" content=\"BlueSkyAdventures\" \/>\n<meta property=\"article:modified_time\" content=\"2022-06-22T00:55:09+00:00\" \/>\n<meta property=\"og:image\" content=\"https:\/\/blueskyadventures.cz\/assets\/uploads\/sites\/536\/2017\/09\/t-shirt_m_300x300.jpg\" \/>\n\t<meta property=\"og:image:width\" content=\"300\" \/>\n\t<meta property=\"og:image:height\" content=\"300\" \/>\n\t<meta property=\"og:image:type\" content=\"image\/jpeg\" \/>\n<meta name=\"twitter:card\" content=\"summary_large_image\" \/>\n<script type=\"application\/ld+json\" class=\"yoast-schema-graph\">{\"@context\":\"https:\/\/schema.org\",\"@graph\":[{\"@type\":\"WebPage\",\"@id\":\"https:\/\/blueskyadventures.cz\/en\/product\/t-shirt-pilot-for-him\/\",\"url\":\"https:\/\/blueskyadventures.cz\/en\/product\/t-shirt-pilot-for-him\/\",\"name\":\"T-shirt PILOT for him - BlueSkyAdventures\",\"isPartOf\":{\"@id\":\"https:\/\/blueskyadventures.cz\/ru\/#website\"},\"datePublished\":\"2017-09-20T12:49:49+00:00\",\"dateModified\":\"2022-06-22T00:55:09+00:00\",\"breadcrumb\":{\"@id\":\"https:\/\/blueskyadventures.cz\/en\/product\/t-shirt-pilot-for-him\/#breadcrumb\"},\"inLanguage\":\"en-US\",\"potentialAction\":[{\"@type\":\"ReadAction\",\"target\":[\"https:\/\/blueskyadventures.cz\/en\/product\/t-shirt-pilot-for-him\/\"]}]},{\"@type\":\"BreadcrumbList\",\"@id\":\"https:\/\/blueskyadventures.cz\/en\/product\/t-shirt-pilot-for-him\/#breadcrumb\",\"itemListElement\":[{\"@type\":\"ListItem\",\"position\":1,\"name\":\"\u0413\u043b\u0430\u0432\u043d\u0430\u044f \u0441\u0442\u0440\u0430\u043d\u0438\u0446\u0430\",\"item\":\"https:\/\/blueskyadventures.cz\/en\/\"},{\"@type\":\"ListItem\",\"position\":2,\"name\":\"Shop\",\"item\":\"https:\/\/blueskyadventures.cz\/en\/shop\/\"},{\"@type\":\"ListItem\",\"position\":3,\"name\":\"T-shirt PILOT for him\"}]},{\"@type\":\"WebSite\",\"@id\":\"https:\/\/blueskyadventures.cz\/ru\/#website\",\"url\":\"https:\/\/blueskyadventures.cz\/ru\/\",\"name\":\"BlueSkyAdventures\",\"description\":\"Nejkr\u00e1sn\u011bj\u0161\u00ed vyhl\u00eddkov\u00e9 lety a leteck\u00e9 z\u00e1\u017eitky v \u010cech\u00e1ch\",\"potentialAction\":[{\"@type\":\"SearchAction\",\"target\":{\"@type\":\"EntryPoint\",\"urlTemplate\":\"https:\/\/blueskyadventures.cz\/ru\/?s={search_term_string}\"},\"query-input\":\"required name=search_term_string\"}],\"inLanguage\":\"en-US\"}]}<\/script>","yoast_head_json":{"title":"T-shirt PILOT for him - BlueSkyAdventures","robots":{"index":"index","follow":"follow","max-snippet":"max-snippet:-1","max-image-preview":"max-image-preview:large","max-video-preview":"max-video-preview:-1"},"canonical":"https:\/\/blueskyadventures.cz\/en\/product\/t-shirt-pilot-for-him\/","og_locale":"en_US","og_type":"article","og_title":"T-shirt PILOT for him - BlueSkyAdventures","og_description":"Pilot T-Shirt PILOT It does not matter whether you drive real traffic or sport aircraft, its model or simulator. It is essential that you belong to the family of those who are flying in the heart. This product is gift-wrapped. Specifikace: 200 g\/m2, 100 % cotton, silicon treatment, Single Jersey Unisex heavy-weight T-shirt without side&hellip;","og_url":"https:\/\/blueskyadventures.cz\/en\/product\/t-shirt-pilot-for-him\/","og_site_name":"BlueSkyAdventures","article_modified_time":"2022-06-22T00:55:09+00:00","og_image":[{"width":300,"height":300,"url":"https:\/\/blueskyadventures.cz\/assets\/uploads\/sites\/536\/2017\/09\/t-shirt_m_300x300.jpg","type":"image\/jpeg"}],"twitter_card":"summary_large_image","schema":{"@context":"https:\/\/schema.org","@graph":[{"@type":"WebPage","@id":"https:\/\/blueskyadventures.cz\/en\/product\/t-shirt-pilot-for-him\/","url":"https:\/\/blueskyadventures.cz\/en\/product\/t-shirt-pilot-for-him\/","name":"T-shirt PILOT for him - BlueSkyAdventures","isPartOf":{"@id":"https:\/\/blueskyadventures.cz\/ru\/#website"},"datePublished":"2017-09-20T12:49:49+00:00","dateModified":"2022-06-22T00:55:09+00:00","breadcrumb":{"@id":"https:\/\/blueskyadventures.cz\/en\/product\/t-shirt-pilot-for-him\/#breadcrumb"},"inLanguage":"en-US","potentialAction":[{"@type":"ReadAction","target":["https:\/\/blueskyadventures.cz\/en\/product\/t-shirt-pilot-for-him\/"]}]},{"@type":"BreadcrumbList","@id":"https:\/\/blueskyadventures.cz\/en\/product\/t-shirt-pilot-for-him\/#breadcrumb","itemListElement":[{"@type":"ListItem","position":1,"name":"\u0413\u043b\u0430\u0432\u043d\u0430\u044f \u0441\u0442\u0440\u0430\u043d\u0438\u0446\u0430","item":"https:\/\/blueskyadventures.cz\/en\/"},{"@type":"ListItem","position":2,"name":"Shop","item":"https:\/\/blueskyadventures.cz\/en\/shop\/"},{"@type":"ListItem","position":3,"name":"T-shirt PILOT for him"}]},{"@type":"WebSite","@id":"https:\/\/blueskyadventures.cz\/ru\/#website","url":"https:\/\/blueskyadventures.cz\/ru\/","name":"BlueSkyAdventures","description":"Nejkr\u00e1sn\u011bj\u0161\u00ed vyhl\u00eddkov\u00e9 lety a leteck\u00e9 z\u00e1\u017eitky v \u010cech\u00e1ch","potentialAction":[{"@type":"SearchAction","target":{"@type":"EntryPoint","urlTemplate":"https:\/\/blueskyadventures.cz\/ru\/?s={search_term_string}"},"query-input":"required name=search_term_string"}],"inLanguage":"en-US"}]}},"_links":{"self":[{"href":"https:\/\/blueskyadventures.cz\/en\/wp-json\/wp\/v2\/product\/4988","targetHints":{"allow":["GET"]}}],"collection":[{"href":"https:\/\/blueskyadventures.cz\/en\/wp-json\/wp\/v2\/product"}],"about":[{"href":"https:\/\/blueskyadventures.cz\/en\/wp-json\/wp\/v2\/types\/product"}],"replies":[{"embeddable":true,"href":"https:\/\/blueskyadventures.cz\/en\/wp-json\/wp\/v2\/comments?post=4988"}],"wp:featuredmedia":[{"embeddable":true,"href":"https:\/\/blueskyadventures.cz\/en\/wp-json\/wp\/v2\/media\/4481"}],"wp:attachment":[{"href":"https:\/\/blueskyadventures.cz\/en\/wp-json\/wp\/v2\/media?parent=4988"}],"wp:term":[{"taxonomy":"product_brand","embeddable":true,"href":"https:\/\/blueskyadventures.cz\/en\/wp-json\/wp\/v2\/product_brand?post=4988"},{"taxonomy":"product_cat","embeddable":true,"href":"https:\/\/blueskyadventures.cz\/en\/wp-json\/wp\/v2\/product_cat?post=4988"},{"taxonomy":"product_tag","embeddable":true,"href":"https:\/\/blueskyadventures.cz\/en\/wp-json\/wp\/v2\/product_tag?post=4988"}],"curies":[{"name":"wp","href":"https:\/\/api.w.org\/{rel}","templated":true}]}}