{"id":5308,"date":"2017-10-26T12:26:58","date_gmt":"2017-10-26T10:26:58","guid":{"rendered":"https:\/\/blueskyadventures.cz\/?post_type=product&#038;p=5308"},"modified":"2023-01-12T07:40:08","modified_gmt":"2023-01-12T06:40:08","slug":"t-shirt-pilot-for-her-kopirovat","status":"publish","type":"product","link":"https:\/\/blueskyadventures.cz\/en\/product\/t-shirt-pilot-for-her-kopirovat\/","title":{"rendered":"Shirt SOPWITH"},"content":{"rendered":"<p>The First World War and the moments when the aeronautics was an issue of real gentleman.<\/p>\n<p>This product is gift-wrapped.<\/p>\n<p><strong>Specification:<\/strong><\/p>\n<ul>\n<li>200 g\/m2, 100 % cotton, silicon treatment, Single Jersey.<\/li>\n<li>Unisex heavy-weight T-shirt without side seams. Narrow neck with 5 % elastan. Stabilizing shoulder tape.<\/li>\n<\/ul>\n<p><strong>Producer: <\/strong><br \/>\nAntonio &#8211; Live &amp; Fly<\/p>\n","protected":false},"excerpt":{"rendered":"<p>The First World War and the moments when the aeronautics was an issue of real gentleman. This product is gift-wrapped. Specification: 200 g\/m2, 100 % cotton, silicon treatment, Single Jersey. Unisex heavy-weight T-shirt without side seams. Narrow neck with 5 % elastan. Stabilizing shoulder tape. Producer: Antonio &#8211; Live &amp; Fly<\/p>\n","protected":false},"featured_media":5311,"comment_status":"open","ping_status":"closed","template":"","meta":[],"product_brand":[],"product_cat":[31],"product_tag":[],"class_list":{"0":"post-5308","1":"product","2":"type-product","3":"status-publish","4":"has-post-thumbnail","6":"product_cat-flight-gifts","8":"first","9":"instock","10":"taxable","11":"shipping-taxable","12":"purchasable","13":"product-type-variable"},"yoast_head":"<title>Shirt SOPWITH - BlueSkyAdventures<\/title>\n<meta name=\"robots\" content=\"index, follow, max-snippet:-1, max-image-preview:large, max-video-preview:-1\" \/>\n<link rel=\"canonical\" href=\"https:\/\/blueskyadventures.cz\/en\/product\/t-shirt-pilot-for-her-kopirovat\/\" \/>\n<meta property=\"og:locale\" content=\"en_US\" \/>\n<meta property=\"og:type\" content=\"article\" \/>\n<meta property=\"og:title\" content=\"Shirt SOPWITH - BlueSkyAdventures\" \/>\n<meta property=\"og:description\" content=\"The First World War and the moments when the aeronautics was an issue of real gentleman. This product is gift-wrapped. Specification: 200 g\/m2, 100 % cotton, silicon treatment, Single Jersey. Unisex heavy-weight T-shirt without side seams. Narrow neck with 5 % elastan. Stabilizing shoulder tape. Producer: Antonio &#8211; Live &amp; Fly\" \/>\n<meta property=\"og:url\" content=\"https:\/\/blueskyadventures.cz\/en\/product\/t-shirt-pilot-for-her-kopirovat\/\" \/>\n<meta property=\"og:site_name\" content=\"BlueSkyAdventures\" \/>\n<meta property=\"article:modified_time\" content=\"2023-01-12T06:40:08+00:00\" \/>\n<meta property=\"og:image\" content=\"https:\/\/blueskyadventures.cz\/assets\/uploads\/sites\/536\/2017\/10\/1_300x300.jpg\" \/>\n\t<meta property=\"og:image:width\" content=\"300\" \/>\n\t<meta property=\"og:image:height\" content=\"300\" \/>\n\t<meta property=\"og:image:type\" content=\"image\/jpeg\" \/>\n<meta name=\"twitter:card\" content=\"summary_large_image\" \/>\n<script type=\"application\/ld+json\" class=\"yoast-schema-graph\">{\"@context\":\"https:\/\/schema.org\",\"@graph\":[{\"@type\":\"WebPage\",\"@id\":\"https:\/\/blueskyadventures.cz\/en\/product\/t-shirt-pilot-for-her-kopirovat\/\",\"url\":\"https:\/\/blueskyadventures.cz\/en\/product\/t-shirt-pilot-for-her-kopirovat\/\",\"name\":\"Shirt SOPWITH - BlueSkyAdventures\",\"isPartOf\":{\"@id\":\"https:\/\/blueskyadventures.cz\/ru\/#website\"},\"datePublished\":\"2017-10-26T10:26:58+00:00\",\"dateModified\":\"2023-01-12T06:40:08+00:00\",\"breadcrumb\":{\"@id\":\"https:\/\/blueskyadventures.cz\/en\/product\/t-shirt-pilot-for-her-kopirovat\/#breadcrumb\"},\"inLanguage\":\"en-US\",\"potentialAction\":[{\"@type\":\"ReadAction\",\"target\":[\"https:\/\/blueskyadventures.cz\/en\/product\/t-shirt-pilot-for-her-kopirovat\/\"]}]},{\"@type\":\"BreadcrumbList\",\"@id\":\"https:\/\/blueskyadventures.cz\/en\/product\/t-shirt-pilot-for-her-kopirovat\/#breadcrumb\",\"itemListElement\":[{\"@type\":\"ListItem\",\"position\":1,\"name\":\"\u0413\u043b\u0430\u0432\u043d\u0430\u044f \u0441\u0442\u0440\u0430\u043d\u0438\u0446\u0430\",\"item\":\"https:\/\/blueskyadventures.cz\/en\/\"},{\"@type\":\"ListItem\",\"position\":2,\"name\":\"Shop\",\"item\":\"https:\/\/blueskyadventures.cz\/en\/shop\/\"},{\"@type\":\"ListItem\",\"position\":3,\"name\":\"Shirt SOPWITH\"}]},{\"@type\":\"WebSite\",\"@id\":\"https:\/\/blueskyadventures.cz\/ru\/#website\",\"url\":\"https:\/\/blueskyadventures.cz\/ru\/\",\"name\":\"BlueSkyAdventures\",\"description\":\"Nejkr\u00e1sn\u011bj\u0161\u00ed vyhl\u00eddkov\u00e9 lety a leteck\u00e9 z\u00e1\u017eitky v \u010cech\u00e1ch\",\"potentialAction\":[{\"@type\":\"SearchAction\",\"target\":{\"@type\":\"EntryPoint\",\"urlTemplate\":\"https:\/\/blueskyadventures.cz\/ru\/?s={search_term_string}\"},\"query-input\":\"required name=search_term_string\"}],\"inLanguage\":\"en-US\"}]}<\/script>","yoast_head_json":{"title":"Shirt SOPWITH - BlueSkyAdventures","robots":{"index":"index","follow":"follow","max-snippet":"max-snippet:-1","max-image-preview":"max-image-preview:large","max-video-preview":"max-video-preview:-1"},"canonical":"https:\/\/blueskyadventures.cz\/en\/product\/t-shirt-pilot-for-her-kopirovat\/","og_locale":"en_US","og_type":"article","og_title":"Shirt SOPWITH - BlueSkyAdventures","og_description":"The First World War and the moments when the aeronautics was an issue of real gentleman. This product is gift-wrapped. Specification: 200 g\/m2, 100 % cotton, silicon treatment, Single Jersey. Unisex heavy-weight T-shirt without side seams. Narrow neck with 5 % elastan. Stabilizing shoulder tape. Producer: Antonio &#8211; Live &amp; Fly","og_url":"https:\/\/blueskyadventures.cz\/en\/product\/t-shirt-pilot-for-her-kopirovat\/","og_site_name":"BlueSkyAdventures","article_modified_time":"2023-01-12T06:40:08+00:00","og_image":[{"width":300,"height":300,"url":"https:\/\/blueskyadventures.cz\/assets\/uploads\/sites\/536\/2017\/10\/1_300x300.jpg","type":"image\/jpeg"}],"twitter_card":"summary_large_image","schema":{"@context":"https:\/\/schema.org","@graph":[{"@type":"WebPage","@id":"https:\/\/blueskyadventures.cz\/en\/product\/t-shirt-pilot-for-her-kopirovat\/","url":"https:\/\/blueskyadventures.cz\/en\/product\/t-shirt-pilot-for-her-kopirovat\/","name":"Shirt SOPWITH - BlueSkyAdventures","isPartOf":{"@id":"https:\/\/blueskyadventures.cz\/ru\/#website"},"datePublished":"2017-10-26T10:26:58+00:00","dateModified":"2023-01-12T06:40:08+00:00","breadcrumb":{"@id":"https:\/\/blueskyadventures.cz\/en\/product\/t-shirt-pilot-for-her-kopirovat\/#breadcrumb"},"inLanguage":"en-US","potentialAction":[{"@type":"ReadAction","target":["https:\/\/blueskyadventures.cz\/en\/product\/t-shirt-pilot-for-her-kopirovat\/"]}]},{"@type":"BreadcrumbList","@id":"https:\/\/blueskyadventures.cz\/en\/product\/t-shirt-pilot-for-her-kopirovat\/#breadcrumb","itemListElement":[{"@type":"ListItem","position":1,"name":"\u0413\u043b\u0430\u0432\u043d\u0430\u044f \u0441\u0442\u0440\u0430\u043d\u0438\u0446\u0430","item":"https:\/\/blueskyadventures.cz\/en\/"},{"@type":"ListItem","position":2,"name":"Shop","item":"https:\/\/blueskyadventures.cz\/en\/shop\/"},{"@type":"ListItem","position":3,"name":"Shirt SOPWITH"}]},{"@type":"WebSite","@id":"https:\/\/blueskyadventures.cz\/ru\/#website","url":"https:\/\/blueskyadventures.cz\/ru\/","name":"BlueSkyAdventures","description":"Nejkr\u00e1sn\u011bj\u0161\u00ed vyhl\u00eddkov\u00e9 lety a leteck\u00e9 z\u00e1\u017eitky v \u010cech\u00e1ch","potentialAction":[{"@type":"SearchAction","target":{"@type":"EntryPoint","urlTemplate":"https:\/\/blueskyadventures.cz\/ru\/?s={search_term_string}"},"query-input":"required name=search_term_string"}],"inLanguage":"en-US"}]}},"_links":{"self":[{"href":"https:\/\/blueskyadventures.cz\/en\/wp-json\/wp\/v2\/product\/5308","targetHints":{"allow":["GET"]}}],"collection":[{"href":"https:\/\/blueskyadventures.cz\/en\/wp-json\/wp\/v2\/product"}],"about":[{"href":"https:\/\/blueskyadventures.cz\/en\/wp-json\/wp\/v2\/types\/product"}],"replies":[{"embeddable":true,"href":"https:\/\/blueskyadventures.cz\/en\/wp-json\/wp\/v2\/comments?post=5308"}],"wp:featuredmedia":[{"embeddable":true,"href":"https:\/\/blueskyadventures.cz\/en\/wp-json\/wp\/v2\/media\/5311"}],"wp:attachment":[{"href":"https:\/\/blueskyadventures.cz\/en\/wp-json\/wp\/v2\/media?parent=5308"}],"wp:term":[{"taxonomy":"product_brand","embeddable":true,"href":"https:\/\/blueskyadventures.cz\/en\/wp-json\/wp\/v2\/product_brand?post=5308"},{"taxonomy":"product_cat","embeddable":true,"href":"https:\/\/blueskyadventures.cz\/en\/wp-json\/wp\/v2\/product_cat?post=5308"},{"taxonomy":"product_tag","embeddable":true,"href":"https:\/\/blueskyadventures.cz\/en\/wp-json\/wp\/v2\/product_tag?post=5308"}],"curies":[{"name":"wp","href":"https:\/\/api.w.org\/{rel}","templated":true}]}}