{"id":2319,"date":"2017-06-07T13:35:53","date_gmt":"2017-06-07T11:35:53","guid":{"rendered":"https:\/\/blueskyadventures.cz\/%d0%bc%d0%be%d1%8f-%d1%83%d1%87%d0%b5%d1%82%d0%bd%d0%b0%d1%8f-%d0%b7%d0%b0%d0%bf%d0%b8%d1%81%d1%8c\/"},"modified":"2017-06-07T13:35:53","modified_gmt":"2017-06-07T11:35:53","slug":"%d0%bc%d0%be%d1%8f-%d1%83%d1%87%d0%b5%d1%82%d0%bd%d0%b0%d1%8f-%d0%b7%d0%b0%d0%bf%d0%b8%d1%81%d1%8c","status":"publish","type":"page","link":"https:\/\/blueskyadventures.cz\/ru\/%d0%bc%d0%be%d1%8f-%d1%83%d1%87%d0%b5%d1%82%d0%bd%d0%b0%d1%8f-%d0%b7%d0%b0%d0%bf%d0%b8%d1%81%d1%8c\/","title":{"rendered":"\u041c\u043e\u044f \u0443\u0447\u0435\u0442\u043d\u0430\u044f \u0437\u0430\u043f\u0438\u0441\u044c"},"content":{"rendered":"<div class=\"woocommerce\"><\/div>\n","protected":false},"excerpt":{"rendered":"","protected":false},"author":1,"featured_media":0,"parent":0,"menu_order":0,"comment_status":"closed","ping_status":"closed","template":"","meta":{"footnotes":""},"class_list":["post-2319","page","type-page","status-publish","hentry"],"yoast_head":"<title>\u041c\u043e\u044f \u0443\u0447\u0435\u0442\u043d\u0430\u044f \u0437\u0430\u043f\u0438\u0441\u044c - BlueSkyAdventures<\/title>\n<meta name=\"robots\" content=\"index, follow, max-snippet:-1, max-image-preview:large, max-video-preview:-1\" \/>\n<link rel=\"canonical\" href=\"https:\/\/blueskyadventures.cz\/ru\/\u043c\u043e\u044f-\u0443\u0447\u0435\u0442\u043d\u0430\u044f-\u0437\u0430\u043f\u0438\u0441\u044c\/\" \/>\n<meta property=\"og:locale\" content=\"ru_RU\" \/>\n<meta property=\"og:type\" content=\"article\" \/>\n<meta property=\"og:title\" content=\"\u041c\u043e\u044f \u0443\u0447\u0435\u0442\u043d\u0430\u044f \u0437\u0430\u043f\u0438\u0441\u044c - BlueSkyAdventures\" \/>\n<meta property=\"og:url\" content=\"https:\/\/blueskyadventures.cz\/ru\/\u043c\u043e\u044f-\u0443\u0447\u0435\u0442\u043d\u0430\u044f-\u0437\u0430\u043f\u0438\u0441\u044c\/\" \/>\n<meta property=\"og:site_name\" content=\"BlueSkyAdventures\" \/>\n<meta name=\"twitter:card\" content=\"summary_large_image\" \/>\n<script type=\"application\/ld+json\" class=\"yoast-schema-graph\">{\"@context\":\"https:\/\/schema.org\",\"@graph\":[{\"@type\":\"WebPage\",\"@id\":\"https:\/\/blueskyadventures.cz\/ru\/%d0%bc%d0%be%d1%8f-%d1%83%d1%87%d0%b5%d1%82%d0%bd%d0%b0%d1%8f-%d0%b7%d0%b0%d0%bf%d0%b8%d1%81%d1%8c\/\",\"url\":\"https:\/\/blueskyadventures.cz\/ru\/%d0%bc%d0%be%d1%8f-%d1%83%d1%87%d0%b5%d1%82%d0%bd%d0%b0%d1%8f-%d0%b7%d0%b0%d0%bf%d0%b8%d1%81%d1%8c\/\",\"name\":\"\u041c\u043e\u044f \u0443\u0447\u0435\u0442\u043d\u0430\u044f \u0437\u0430\u043f\u0438\u0441\u044c - BlueSkyAdventures\",\"isPartOf\":{\"@id\":\"https:\/\/blueskyadventures.cz\/ru\/#website\"},\"datePublished\":\"2017-06-07T11:35:53+00:00\",\"dateModified\":\"2017-06-07T11:35:53+00:00\",\"breadcrumb\":{\"@id\":\"https:\/\/blueskyadventures.cz\/ru\/%d0%bc%d0%be%d1%8f-%d1%83%d1%87%d0%b5%d1%82%d0%bd%d0%b0%d1%8f-%d0%b7%d0%b0%d0%bf%d0%b8%d1%81%d1%8c\/#breadcrumb\"},\"inLanguage\":\"ru-RU\",\"potentialAction\":[{\"@type\":\"ReadAction\",\"target\":[\"https:\/\/blueskyadventures.cz\/ru\/%d0%bc%d0%be%d1%8f-%d1%83%d1%87%d0%b5%d1%82%d0%bd%d0%b0%d1%8f-%d0%b7%d0%b0%d0%bf%d0%b8%d1%81%d1%8c\/\"]}]},{\"@type\":\"BreadcrumbList\",\"@id\":\"https:\/\/blueskyadventures.cz\/ru\/%d0%bc%d0%be%d1%8f-%d1%83%d1%87%d0%b5%d1%82%d0%bd%d0%b0%d1%8f-%d0%b7%d0%b0%d0%bf%d0%b8%d1%81%d1%8c\/#breadcrumb\",\"itemListElement\":[{\"@type\":\"ListItem\",\"position\":1,\"name\":\"\u0413\u043b\u0430\u0432\u043d\u0430\u044f \u0441\u0442\u0440\u0430\u043d\u0438\u0446\u0430\",\"item\":\"https:\/\/blueskyadventures.cz\/ru\/\"},{\"@type\":\"ListItem\",\"position\":2,\"name\":\"\u041c\u043e\u044f \u0443\u0447\u0435\u0442\u043d\u0430\u044f \u0437\u0430\u043f\u0438\u0441\u044c\"}]},{\"@type\":\"WebSite\",\"@id\":\"https:\/\/blueskyadventures.cz\/ru\/#website\",\"url\":\"https:\/\/blueskyadventures.cz\/ru\/\",\"name\":\"BlueSkyAdventures\",\"description\":\"Nejkr\u00e1sn\u011bj\u0161\u00ed vyhl\u00eddkov\u00e9 lety a leteck\u00e9 z\u00e1\u017eitky v \u010cech\u00e1ch\",\"potentialAction\":[{\"@type\":\"SearchAction\",\"target\":{\"@type\":\"EntryPoint\",\"urlTemplate\":\"https:\/\/blueskyadventures.cz\/ru\/?s={search_term_string}\"},\"query-input\":\"required name=search_term_string\"}],\"inLanguage\":\"ru-RU\"}]}<\/script>","yoast_head_json":{"title":"\u041c\u043e\u044f \u0443\u0447\u0435\u0442\u043d\u0430\u044f \u0437\u0430\u043f\u0438\u0441\u044c - BlueSkyAdventures","robots":{"index":"index","follow":"follow","max-snippet":"max-snippet:-1","max-image-preview":"max-image-preview:large","max-video-preview":"max-video-preview:-1"},"canonical":"https:\/\/blueskyadventures.cz\/ru\/\u043c\u043e\u044f-\u0443\u0447\u0435\u0442\u043d\u0430\u044f-\u0437\u0430\u043f\u0438\u0441\u044c\/","og_locale":"ru_RU","og_type":"article","og_title":"\u041c\u043e\u044f \u0443\u0447\u0435\u0442\u043d\u0430\u044f \u0437\u0430\u043f\u0438\u0441\u044c - BlueSkyAdventures","og_url":"https:\/\/blueskyadventures.cz\/ru\/\u043c\u043e\u044f-\u0443\u0447\u0435\u0442\u043d\u0430\u044f-\u0437\u0430\u043f\u0438\u0441\u044c\/","og_site_name":"BlueSkyAdventures","twitter_card":"summary_large_image","schema":{"@context":"https:\/\/schema.org","@graph":[{"@type":"WebPage","@id":"https:\/\/blueskyadventures.cz\/ru\/%d0%bc%d0%be%d1%8f-%d1%83%d1%87%d0%b5%d1%82%d0%bd%d0%b0%d1%8f-%d0%b7%d0%b0%d0%bf%d0%b8%d1%81%d1%8c\/","url":"https:\/\/blueskyadventures.cz\/ru\/%d0%bc%d0%be%d1%8f-%d1%83%d1%87%d0%b5%d1%82%d0%bd%d0%b0%d1%8f-%d0%b7%d0%b0%d0%bf%d0%b8%d1%81%d1%8c\/","name":"\u041c\u043e\u044f \u0443\u0447\u0435\u0442\u043d\u0430\u044f \u0437\u0430\u043f\u0438\u0441\u044c - BlueSkyAdventures","isPartOf":{"@id":"https:\/\/blueskyadventures.cz\/ru\/#website"},"datePublished":"2017-06-07T11:35:53+00:00","dateModified":"2017-06-07T11:35:53+00:00","breadcrumb":{"@id":"https:\/\/blueskyadventures.cz\/ru\/%d0%bc%d0%be%d1%8f-%d1%83%d1%87%d0%b5%d1%82%d0%bd%d0%b0%d1%8f-%d0%b7%d0%b0%d0%bf%d0%b8%d1%81%d1%8c\/#breadcrumb"},"inLanguage":"ru-RU","potentialAction":[{"@type":"ReadAction","target":["https:\/\/blueskyadventures.cz\/ru\/%d0%bc%d0%be%d1%8f-%d1%83%d1%87%d0%b5%d1%82%d0%bd%d0%b0%d1%8f-%d0%b7%d0%b0%d0%bf%d0%b8%d1%81%d1%8c\/"]}]},{"@type":"BreadcrumbList","@id":"https:\/\/blueskyadventures.cz\/ru\/%d0%bc%d0%be%d1%8f-%d1%83%d1%87%d0%b5%d1%82%d0%bd%d0%b0%d1%8f-%d0%b7%d0%b0%d0%bf%d0%b8%d1%81%d1%8c\/#breadcrumb","itemListElement":[{"@type":"ListItem","position":1,"name":"\u0413\u043b\u0430\u0432\u043d\u0430\u044f \u0441\u0442\u0440\u0430\u043d\u0438\u0446\u0430","item":"https:\/\/blueskyadventures.cz\/ru\/"},{"@type":"ListItem","position":2,"name":"\u041c\u043e\u044f \u0443\u0447\u0435\u0442\u043d\u0430\u044f \u0437\u0430\u043f\u0438\u0441\u044c"}]},{"@type":"WebSite","@id":"https:\/\/blueskyadventures.cz\/ru\/#website","url":"https:\/\/blueskyadventures.cz\/ru\/","name":"BlueSkyAdventures","description":"Nejkr\u00e1sn\u011bj\u0161\u00ed vyhl\u00eddkov\u00e9 lety a leteck\u00e9 z\u00e1\u017eitky v \u010cech\u00e1ch","potentialAction":[{"@type":"SearchAction","target":{"@type":"EntryPoint","urlTemplate":"https:\/\/blueskyadventures.cz\/ru\/?s={search_term_string}"},"query-input":"required name=search_term_string"}],"inLanguage":"ru-RU"}]}},"_links":{"self":[{"href":"https:\/\/blueskyadventures.cz\/ru\/wp-json\/wp\/v2\/pages\/2319","targetHints":{"allow":["GET"]}}],"collection":[{"href":"https:\/\/blueskyadventures.cz\/ru\/wp-json\/wp\/v2\/pages"}],"about":[{"href":"https:\/\/blueskyadventures.cz\/ru\/wp-json\/wp\/v2\/types\/page"}],"author":[{"embeddable":true,"href":"https:\/\/blueskyadventures.cz\/ru\/wp-json\/wp\/v2\/users\/1"}],"replies":[{"embeddable":true,"href":"https:\/\/blueskyadventures.cz\/ru\/wp-json\/wp\/v2\/comments?post=2319"}],"version-history":[{"count":0,"href":"https:\/\/blueskyadventures.cz\/ru\/wp-json\/wp\/v2\/pages\/2319\/revisions"}],"wp:attachment":[{"href":"https:\/\/blueskyadventures.cz\/ru\/wp-json\/wp\/v2\/media?parent=2319"}],"curies":[{"name":"wp","href":"https:\/\/api.w.org\/{rel}","templated":true}]}}