{"id":5512,"date":"2016-10-11T11:02:49","date_gmt":"2016-10-11T09:02:49","guid":{"rendered":"https:\/\/blueskyadventures.cz\/home\/"},"modified":"2024-05-31T13:50:05","modified_gmt":"2024-05-31T11:50:05","slug":"home","status":"publish","type":"page","link":"https:\/\/blueskyadventures.cz\/ru\/","title":{"rendered":"Home"},"content":{"rendered":"\n\n\t\t\t\t<p>\u0422\u0420\u0410\u041d\u0421\u0424\u0415\u0420 \u0412 \u0410\u042d\u0420\u041e\u041f\u041e\u0420\u0422<\/p>\n\t\t\t\t<p>\u041b\u0401\u0413\u041a\u041e\u0415 \u0411\u0420\u041e\u041d\u0418\u0420\u041e\u0412\u0410\u041d\u0418\u0415<\/p>\n\t\t\t\t<p>\u041e\u041d\u041b\u0410\u0419\u041d \u041f\u041b\u0410\u0422\u0401\u0416<\/p>\n\t\t\t\t<p>\u041f\u041e\u0414\u0410\u0420\u041e\u0427\u041d\u042b\u0419 \u0421\u0415\u0420\u0422\u0418\u0424\u0418\u041a\u0410\u0422<\/p>\n\t\t\t<h2>\u0421\u0430\u043c\u044b\u0435 \u043a\u0440\u0430\u0441\u0438\u0432\u044b\u0435 \u043e\u0431\u0437\u043e\u0440\u043d\u044b\u0435 \u043f\u043e\u043b\u0451\u0442\u044b \u0438 \u044d\u043a\u0441\u043a\u0443\u0440\u0441\u0438\u0438 \u0432 \u0427\u0435\u0445\u0438\u0438<\/h2>\t\t\t\n\t\t\t\t<img decoding=\"async\" src=\"https:\/\/blueskyadventures.cz\/assets\/uploads\/sites\/536\/2024\/05\/pilotem-na-zkousku-800x600-1.jpg\" alt=\"pilotem-na-zkousku_800x600\"\/>\n\t\t\t<h2>\u041f\u041e\u0427\u0423\u0412\u0421\u0422\u0412\u0423\u0419\u0422\u0415 \u0421\u0415\u0411\u042f \u041f\u0418\u041b\u041e\u0422\u041e\u041c<\/h2>\n\t\t\t\t<p><a href=\"..\/lety\/?bsa-filter=pilotem-na-zkousku\">\u041fO\u0414\u0420O\u0411\u041d\u0415\u0415<\/a><\/p>\n\t\t<a href=\"https:\/\/blueskyadventures.cz\/ru\/lety\/?bsa-filter=76\" target=\"\" aria-label=\"Go to https:\/\/blueskyadventures.cz\/ru\/lety\/?bsa-filter=76\" rel=\"noopener\"><\/a>\n\t\t\t\t<img decoding=\"async\" src=\"https:\/\/blueskyadventures.cz\/assets\/uploads\/sites\/536\/2024\/05\/lety-letadlem6-800x600-1.jpg\" alt=\"lety-letadlem6_800x600\"\/>\n\t\t\t<h2>\u041f\u041e\u041b\u0415\u0422\u042b \u041d\u0410 \u0421\u0410\u041c\u041e\u041b\u0401\u0422\u0415<\/h2>\n\t\t\t\t<p><a href=\"..\/lety\/?bsa-filter=vyhlidkove-lety\">\u041fO\u0414\u0420O\u0411\u041d\u0415\u0415<\/a><\/p>\n\t\t<a href=\"https:\/\/blueskyadventures.cz\/ru\/lety\/?bsa-filter=72\" target=\"\" aria-label=\"Go to https:\/\/blueskyadventures.cz\/ru\/lety\/?bsa-filter=72\" rel=\"noopener\"><\/a>\n\t\t\t\t<img decoding=\"async\" src=\"https:\/\/blueskyadventures.cz\/assets\/uploads\/sites\/536\/2024\/05\/lety-vrtulnikem-800x600-1.jpg\" alt=\"lety-vrtulnikem_800x600\"\/>\n\t\t\t<h2>\u041f\u041e\u041b\u0415\u0422\u042b \u041d\u0410 \u0412\u0415\u0420\u0422\u041e\u041b\u0415\u0422\u0415<\/h2>\n\t\t\t\t<p><a href=\"..\/lety\/?bsa-filter=vyhlidkove-lety\">\u041fO\u0414\u0420O\u0411\u041d\u0415\u0415<\/a><\/p>\n\t\t<a href=\"https:\/\/blueskyadventures.cz\/ru\/lety\/?bsa-filter= 113\" target=\"\" aria-label=\"Go to https:\/\/blueskyadventures.cz\/ru\/lety\/?bsa-filter= 113\" rel=\"noopener\"><\/a>\n\t\t\t\t<img decoding=\"async\" src=\"https:\/\/blueskyadventures.cz\/assets\/uploads\/sites\/536\/2017\/08\/alpy_columbia2.jpg\" alt=\"alpy_columbia2\"\/>\n\t\t\t<h2>\u041b\u0401\u0422\u041d\u042b\u0415 \u042d\u041a\u0421\u041a\u0423\u0420\u0421\u0418\u0418<\/h2>\n\t\t\t\t<p><a href=\"..\/lety\/?bsa-filter=vyhlidkove-lety\">\u041fO\u0414\u0420O\u0411\u041d\u0415\u0415<\/a><\/p>\n\t\t<a href=\"https:\/\/blueskyadventures.cz\/ru\/lety\/?bsa-filter=75\" target=\"\" aria-label=\"Go to https:\/\/blueskyadventures.cz\/ru\/lety\/?bsa-filter=75\" rel=\"noopener\"><\/a>\n\t\t\t<h1>\u0410\u042d\u0420\u041e\u0422\u0410\u041a\u0421\u0418<\/h1>\t\t\t\n\t\t\t\t<p>\u0427\u0430\u0440\u0442\u0435\u0440\u043d\u044b\u0435 \u043f\u043e\u043b\u0451\u0442\u044b\u00a0<\/p>\n\t\t\t<a href=\"https:\/\/blueskyadventures.cz\/ru\/aerotaxi\/\" target=\"_self\" role=\"button\" aria-label=\"\u041fO\u0414\u0420O\u0411\u041d\u0415\u0415\" rel=\"noopener\">\n\t\t\t\t\t\t\t\u041fO\u0414\u0420O\u0411\u041d\u0415\u0415\n\t\t<\/a>\n\t<a href=\"https:\/\/blueskyadventures.cz\/ru\/darkove-poukazy\/\" target=\"_self\" aria-label=\"Go to https:\/\/blueskyadventures.cz\/ru\/darkove-poukazy\/\" rel=\"noopener\"><\/a>\n\t\t<h3>\u041f\u041e\u0414\u0410\u0420\u041e\u0427\u041d\u042b\u0419 \u0421\u0415\u0420\u0422\u0418\u0424\u0418\u041a\u0410\u0422<\/h3>\t\t\t\n\t\t\t\t<p>\u041f\u043e\u0434\u0430\u0440\u043e\u043a, \u043a\u043e\u0442\u043e\u0440\u044b\u0439 \u0432\u043f\u0435\u0447\u0430\u0442\u043b\u044f\u0435\u0442!<strong><br \/><\/strong>\u041f\u043e\u0434\u0430\u0440\u0438\u0442\u0435 \u0441\u0432\u043e\u0438\u043c \u0440\u043e\u0434\u043d\u044b\u043c, \u0431\u043b\u0438\u0437\u043a\u0438\u043c, \u0434\u0440\u0443\u0437\u044c\u044f\u043c \u0438 \u043a\u043e\u043b\u043b\u0435\u0433\u0430\u043c \u044d\u043c\u043e\u0446\u0438\u0438, \u043e \u043a\u043e\u0442\u043e\u0440\u044b\u0445 \u043e\u043d\u0438 \u043d\u0435 \u0437\u0430\u0431\u0443\u0434\u0443\u0442! <\/p>\n\t<a href=\"https:\/\/blueskyadventures.cz\/ru\/letecke-darky\/\" target=\"_self\" aria-label=\"Go to https:\/\/blueskyadventures.cz\/ru\/letecke-darky\/\" rel=\"noopener\"><\/a>\n\t\t<h3>\u0410\u0412\u0418\u0410\u0426\u0418\u041e\u041d\u041d\u042b\u0415 \u0421\u0423\u0412\u0415\u041d\u0418\u0420\u042b<\/h3>\t\t\t\n\t\t\t\t<p>\u041f\u043e\u0440\u0430\u0434\u0443\u0439\u0442\u0435 \u0441\u0435\u0431\u044f \u0438\u043b\u0438 \u0441\u0432\u043e\u0438\u0445 \u0431\u043b\u0438\u0437\u043a\u0438\u0445 \u043e\u0440\u0438\u0433\u0438\u043d\u0430\u043b\u044c\u043d\u044b\u043c\u0438 \u0441\u0443\u0432\u0435\u043d\u0438\u0440\u0430\u043c\u0438! \u0423 \u043d\u0430\u0441 \u0442\u043e\u0447\u043d\u043e \u0435\u0441\u0442\u044c \u0447\u0442\u043e-\u043d\u0438\u0431\u0443\u0434\u044c \u0438\u043c\u0435\u043d\u043d\u043e \u0434\u043b\u044f \u0412\u0430\u0441!<\/p>\n\t<a href=\"https:\/\/blueskyadventures.cz\/en\/tipy-na-vylety\/\" target=\"_self\" aria-label=\"Go to https:\/\/blueskyadventures.cz\/en\/tipy-na-vylety\/\" rel=\"noopener\"><\/a>\n\t\t<h3>\u0421\u041e\u0412\u0415\u0422\u042b \u041f\u041e \u042d\u0421\u041a\u0423\u0420\u0421\u0418\u042f\u041c<\/h3>\t\t\t\n\t\t\t\t<p>\u0427\u0442\u043e \u043f\u043e\u043d\u0440\u0430\u0432\u0438\u043b\u043e\u0441\u044c \u043d\u0430\u0448\u0438\u043c \u043a\u043b\u0438\u0435\u043d\u0442\u0430\u043c?\u00a0<br \/>\u041a\u0443\u0434\u0430 \u043b\u044e\u0431\u044f\u0442 \u043b\u0435\u0442\u0430\u0442\u044c \u043f\u0438\u043b\u043e\u0442\u044b?<br \/>\u041a\u0430\u043a\u0438\u0435 \u043c\u0430\u0440\u0448\u0440\u0443\u0442\u044b \u044f\u0432\u043b\u044f\u044e\u0442\u0441\u044f \u0441\u0430\u043c\u044b\u043c\u0438 \u043f\u043e\u043f\u0443\u043b\u044f\u0440\u043d\u044b\u043c\u0438?<\/p>\n\t<h3>\n\t\t\t\t\u041d\u0430\u0448\u0438 \u043f\u0430\u0440\u0442\u043d\u0451\u0440\u044b\n\t\t\t<\/h3>\n\t\t\t\t<a href=\"http:\/\/blueskyaviation.cz\/\" target=\"_blank\" rel=\"noopener\" itemprop=\"url\">\n\t\t\t\t<img decoding=\"async\" src=\"https:\/\/blueskyadventures.cz\/assets\/uploads\/sites\/536\/2017\/06\/logo-bsa_orange.png\" alt=\"logo-bsa_orange\" title=\"logo-bsa_orange\" itemprop=\"image\"  \/>\n\t\t\t\t\t\t<\/a>\n\t\t\t\t<a href=\"http:\/\/www.antonio.eu\/\" target=\"_blank\" rel=\"noopener\" itemprop=\"url\">\n\t\t\t\t<img decoding=\"async\" src=\"https:\/\/blueskyadventures.cz\/assets\/uploads\/sites\/536\/2017\/06\/antonio_logo.png\" alt=\"antonio_logo\" title=\"antonio_logo\" itemprop=\"image\"  \/>\n\t\t\t\t\t\t<\/a>\n\n","protected":false},"excerpt":{"rendered":"<p>\u0422\u0420\u0410\u041d\u0421\u0424\u0415\u0420 \u0412 \u0410\u042d\u0420\u041e\u041f\u041e\u0420\u0422 \u041b\u0401\u0413\u041a\u041e\u0415 \u0411\u0420\u041e\u041d\u0418\u0420\u041e\u0412\u0410\u041d\u0418\u0415 \u041e\u041d\u041b\u0410\u0419\u041d \u041f\u041b\u0410\u0422\u0401\u0416 \u041f\u041e\u0414\u0410\u0420\u041e\u0427\u041d\u042b\u0419 \u0421\u0415\u0420\u0422\u0418\u0424\u0418\u041a\u0410\u0422 \u0421\u0430\u043c\u044b\u0435 \u043a\u0440\u0430\u0441\u0438\u0432\u044b\u0435 \u043e\u0431\u0437\u043e\u0440\u043d\u044b\u0435 \u043f\u043e\u043b\u0451\u0442\u044b \u0438 \u044d\u043a\u0441\u043a\u0443\u0440\u0441\u0438\u0438 \u0432 \u0427\u0435\u0445\u0438\u0438 \u041f\u041e\u0427\u0423\u0412\u0421\u0422\u0412\u0423\u0419\u0422\u0415 \u0421\u0415\u0411\u042f \u041f\u0418\u041b\u041e\u0422\u041e\u041c \u041fO\u0414\u0420O\u0411\u041d\u0415\u0415 \u041f\u041e\u041b\u0415\u0422\u042b \u041d\u0410 \u0421\u0410\u041c\u041e\u041b\u0401\u0422\u0415 \u041fO\u0414\u0420O\u0411\u041d\u0415\u0415 \u041f\u041e\u041b\u0415\u0422\u042b \u041d\u0410 \u0412\u0415\u0420\u0422\u041e\u041b\u0415\u0422\u0415 \u041fO\u0414\u0420O\u0411\u041d\u0415\u0415 \u041b\u0401\u0422\u041d\u042b\u0415 \u042d\u041a\u0421\u041a\u0423\u0420\u0421\u0418\u0418 \u041fO\u0414\u0420O\u0411\u041d\u0415\u0415 \u0410\u042d\u0420\u041e\u0422\u0410\u041a\u0421\u0418 \u0427\u0430\u0440\u0442\u0435\u0440\u043d\u044b\u0435 \u043f\u043e\u043b\u0451\u0442\u044b\u00a0 \u041fO\u0414\u0420O\u0411\u041d\u0415\u0415 \u041f\u041e\u0414\u0410\u0420\u041e\u0427\u041d\u042b\u0419 \u0421\u0415\u0420\u0422\u0418\u0424\u0418\u041a\u0410\u0422 \u041f\u043e\u0434\u0430\u0440\u043e\u043a, \u043a\u043e\u0442\u043e\u0440\u044b\u0439 \u0432\u043f\u0435\u0447\u0430\u0442\u043b\u044f\u0435\u0442!\u041f\u043e\u0434\u0430\u0440\u0438\u0442\u0435 \u0441\u0432\u043e\u0438\u043c \u0440\u043e\u0434\u043d\u044b\u043c, \u0431\u043b\u0438\u0437\u043a\u0438\u043c, \u0434\u0440\u0443\u0437\u044c\u044f\u043c \u0438 \u043a\u043e\u043b\u043b\u0435\u0433\u0430\u043c \u044d\u043c\u043e\u0446\u0438\u0438, \u043e \u043a\u043e\u0442\u043e\u0440\u044b\u0445 \u043e\u043d\u0438 \u043d\u0435 \u0437\u0430\u0431\u0443\u0434\u0443\u0442! \u0410\u0412\u0418\u0410\u0426\u0418\u041e\u041d\u041d\u042b\u0415 \u0421\u0423\u0412\u0415\u041d\u0418\u0420\u042b&hellip;<\/p>\n","protected":false},"author":1,"featured_media":0,"parent":0,"menu_order":0,"comment_status":"closed","ping_status":"closed","template":"","meta":{"footnotes":""},"class_list":["post-5512","page","type-page","status-publish","hentry"],"yoast_head":"<title>BlueSkyAdventures - Nejkr\u00e1sn\u011bj\u0161\u00ed vyhl\u00eddkov\u00e9 lety a leteck\u00e9 z\u00e1\u017eitky v \u010cech\u00e1ch<\/title>\n<meta name=\"robots\" content=\"index, follow, max-snippet:-1, max-image-preview:large, max-video-preview:-1\" \/>\n<link rel=\"canonical\" href=\"https:\/\/blueskyadventures.cz\/ru\/\" \/>\n<meta property=\"og:locale\" content=\"ru_RU\" \/>\n<meta property=\"og:type\" content=\"article\" \/>\n<meta property=\"og:title\" content=\"BlueSkyAdventures - Nejkr\u00e1sn\u011bj\u0161\u00ed vyhl\u00eddkov\u00e9 lety a leteck\u00e9 z\u00e1\u017eitky v \u010cech\u00e1ch\" \/>\n<meta property=\"og:description\" content=\"\u0422\u0420\u0410\u041d\u0421\u0424\u0415\u0420 \u0412 \u0410\u042d\u0420\u041e\u041f\u041e\u0420\u0422 \u041b\u0401\u0413\u041a\u041e\u0415 \u0411\u0420\u041e\u041d\u0418\u0420\u041e\u0412\u0410\u041d\u0418\u0415 \u041e\u041d\u041b\u0410\u0419\u041d \u041f\u041b\u0410\u0422\u0401\u0416 \u041f\u041e\u0414\u0410\u0420\u041e\u0427\u041d\u042b\u0419 \u0421\u0415\u0420\u0422\u0418\u0424\u0418\u041a\u0410\u0422 \u0421\u0430\u043c\u044b\u0435 \u043a\u0440\u0430\u0441\u0438\u0432\u044b\u0435 \u043e\u0431\u0437\u043e\u0440\u043d\u044b\u0435 \u043f\u043e\u043b\u0451\u0442\u044b \u0438 \u044d\u043a\u0441\u043a\u0443\u0440\u0441\u0438\u0438 \u0432 \u0427\u0435\u0445\u0438\u0438 \u041f\u041e\u0427\u0423\u0412\u0421\u0422\u0412\u0423\u0419\u0422\u0415 \u0421\u0415\u0411\u042f \u041f\u0418\u041b\u041e\u0422\u041e\u041c \u041fO\u0414\u0420O\u0411\u041d\u0415\u0415 \u041f\u041e\u041b\u0415\u0422\u042b \u041d\u0410 \u0421\u0410\u041c\u041e\u041b\u0401\u0422\u0415 \u041fO\u0414\u0420O\u0411\u041d\u0415\u0415 \u041f\u041e\u041b\u0415\u0422\u042b \u041d\u0410 \u0412\u0415\u0420\u0422\u041e\u041b\u0415\u0422\u0415 \u041fO\u0414\u0420O\u0411\u041d\u0415\u0415 \u041b\u0401\u0422\u041d\u042b\u0415 \u042d\u041a\u0421\u041a\u0423\u0420\u0421\u0418\u0418 \u041fO\u0414\u0420O\u0411\u041d\u0415\u0415 \u0410\u042d\u0420\u041e\u0422\u0410\u041a\u0421\u0418 \u0427\u0430\u0440\u0442\u0435\u0440\u043d\u044b\u0435 \u043f\u043e\u043b\u0451\u0442\u044b\u00a0 \u041fO\u0414\u0420O\u0411\u041d\u0415\u0415 \u041f\u041e\u0414\u0410\u0420\u041e\u0427\u041d\u042b\u0419 \u0421\u0415\u0420\u0422\u0418\u0424\u0418\u041a\u0410\u0422 \u041f\u043e\u0434\u0430\u0440\u043e\u043a, \u043a\u043e\u0442\u043e\u0440\u044b\u0439 \u0432\u043f\u0435\u0447\u0430\u0442\u043b\u044f\u0435\u0442!\u041f\u043e\u0434\u0430\u0440\u0438\u0442\u0435 \u0441\u0432\u043e\u0438\u043c \u0440\u043e\u0434\u043d\u044b\u043c, \u0431\u043b\u0438\u0437\u043a\u0438\u043c, \u0434\u0440\u0443\u0437\u044c\u044f\u043c \u0438 \u043a\u043e\u043b\u043b\u0435\u0433\u0430\u043c \u044d\u043c\u043e\u0446\u0438\u0438, \u043e \u043a\u043e\u0442\u043e\u0440\u044b\u0445 \u043e\u043d\u0438 \u043d\u0435 \u0437\u0430\u0431\u0443\u0434\u0443\u0442! \u0410\u0412\u0418\u0410\u0426\u0418\u041e\u041d\u041d\u042b\u0415 \u0421\u0423\u0412\u0415\u041d\u0418\u0420\u042b&hellip;\" \/>\n<meta property=\"og:url\" content=\"https:\/\/blueskyadventures.cz\/ru\/\" \/>\n<meta property=\"og:site_name\" content=\"BlueSkyAdventures\" \/>\n<meta property=\"article:modified_time\" content=\"2024-05-31T11:50:05+00:00\" \/>\n<meta property=\"og:image\" content=\"https:\/\/blueskyadventures.cz\/assets\/uploads\/sites\/536\/2024\/05\/pilotem-na-zkousku-800x600-1.jpg\" \/>\n<meta name=\"twitter:card\" content=\"summary_large_image\" \/>\n<script type=\"application\/ld+json\" class=\"yoast-schema-graph\">{\"@context\":\"https:\/\/schema.org\",\"@graph\":[{\"@type\":\"WebPage\",\"@id\":\"https:\/\/blueskyadventures.cz\/ru\/\",\"url\":\"https:\/\/blueskyadventures.cz\/ru\/\",\"name\":\"BlueSkyAdventures - Nejkr\u00e1sn\u011bj\u0161\u00ed vyhl\u00eddkov\u00e9 lety a leteck\u00e9 z\u00e1\u017eitky v \u010cech\u00e1ch\",\"isPartOf\":{\"@id\":\"https:\/\/blueskyadventures.cz\/ru\/#website\"},\"datePublished\":\"2016-10-11T09:02:49+00:00\",\"dateModified\":\"2024-05-31T11:50:05+00:00\",\"breadcrumb\":{\"@id\":\"https:\/\/blueskyadventures.cz\/ru\/#breadcrumb\"},\"inLanguage\":\"ru-RU\",\"potentialAction\":[{\"@type\":\"ReadAction\",\"target\":[\"https:\/\/blueskyadventures.cz\/ru\/\"]}]},{\"@type\":\"BreadcrumbList\",\"@id\":\"https:\/\/blueskyadventures.cz\/ru\/#breadcrumb\",\"itemListElement\":[{\"@type\":\"ListItem\",\"position\":1,\"name\":\"\u0413\u043b\u0430\u0432\u043d\u0430\u044f \u0441\u0442\u0440\u0430\u043d\u0438\u0446\u0430\",\"item\":\"https:\/\/blueskyadventures.cz\/ru\/\"},{\"@type\":\"ListItem\",\"position\":2,\"name\":\"Home\"}]},{\"@type\":\"WebSite\",\"@id\":\"https:\/\/blueskyadventures.cz\/ru\/#website\",\"url\":\"https:\/\/blueskyadventures.cz\/ru\/\",\"name\":\"BlueSkyAdventures\",\"description\":\"Nejkr\u00e1sn\u011bj\u0161\u00ed vyhl\u00eddkov\u00e9 lety a leteck\u00e9 z\u00e1\u017eitky v \u010cech\u00e1ch\",\"potentialAction\":[{\"@type\":\"SearchAction\",\"target\":{\"@type\":\"EntryPoint\",\"urlTemplate\":\"https:\/\/blueskyadventures.cz\/ru\/?s={search_term_string}\"},\"query-input\":\"required name=search_term_string\"}],\"inLanguage\":\"ru-RU\"}]}<\/script>","yoast_head_json":{"title":"BlueSkyAdventures - Nejkr\u00e1sn\u011bj\u0161\u00ed vyhl\u00eddkov\u00e9 lety a leteck\u00e9 z\u00e1\u017eitky v \u010cech\u00e1ch","robots":{"index":"index","follow":"follow","max-snippet":"max-snippet:-1","max-image-preview":"max-image-preview:large","max-video-preview":"max-video-preview:-1"},"canonical":"https:\/\/blueskyadventures.cz\/ru\/","og_locale":"ru_RU","og_type":"article","og_title":"BlueSkyAdventures - Nejkr\u00e1sn\u011bj\u0161\u00ed vyhl\u00eddkov\u00e9 lety a leteck\u00e9 z\u00e1\u017eitky v \u010cech\u00e1ch","og_description":"\u0422\u0420\u0410\u041d\u0421\u0424\u0415\u0420 \u0412 \u0410\u042d\u0420\u041e\u041f\u041e\u0420\u0422 \u041b\u0401\u0413\u041a\u041e\u0415 \u0411\u0420\u041e\u041d\u0418\u0420\u041e\u0412\u0410\u041d\u0418\u0415 \u041e\u041d\u041b\u0410\u0419\u041d \u041f\u041b\u0410\u0422\u0401\u0416 \u041f\u041e\u0414\u0410\u0420\u041e\u0427\u041d\u042b\u0419 \u0421\u0415\u0420\u0422\u0418\u0424\u0418\u041a\u0410\u0422 \u0421\u0430\u043c\u044b\u0435 \u043a\u0440\u0430\u0441\u0438\u0432\u044b\u0435 \u043e\u0431\u0437\u043e\u0440\u043d\u044b\u0435 \u043f\u043e\u043b\u0451\u0442\u044b \u0438 \u044d\u043a\u0441\u043a\u0443\u0440\u0441\u0438\u0438 \u0432 \u0427\u0435\u0445\u0438\u0438 \u041f\u041e\u0427\u0423\u0412\u0421\u0422\u0412\u0423\u0419\u0422\u0415 \u0421\u0415\u0411\u042f \u041f\u0418\u041b\u041e\u0422\u041e\u041c \u041fO\u0414\u0420O\u0411\u041d\u0415\u0415 \u041f\u041e\u041b\u0415\u0422\u042b \u041d\u0410 \u0421\u0410\u041c\u041e\u041b\u0401\u0422\u0415 \u041fO\u0414\u0420O\u0411\u041d\u0415\u0415 \u041f\u041e\u041b\u0415\u0422\u042b \u041d\u0410 \u0412\u0415\u0420\u0422\u041e\u041b\u0415\u0422\u0415 \u041fO\u0414\u0420O\u0411\u041d\u0415\u0415 \u041b\u0401\u0422\u041d\u042b\u0415 \u042d\u041a\u0421\u041a\u0423\u0420\u0421\u0418\u0418 \u041fO\u0414\u0420O\u0411\u041d\u0415\u0415 \u0410\u042d\u0420\u041e\u0422\u0410\u041a\u0421\u0418 \u0427\u0430\u0440\u0442\u0435\u0440\u043d\u044b\u0435 \u043f\u043e\u043b\u0451\u0442\u044b\u00a0 \u041fO\u0414\u0420O\u0411\u041d\u0415\u0415 \u041f\u041e\u0414\u0410\u0420\u041e\u0427\u041d\u042b\u0419 \u0421\u0415\u0420\u0422\u0418\u0424\u0418\u041a\u0410\u0422 \u041f\u043e\u0434\u0430\u0440\u043e\u043a, \u043a\u043e\u0442\u043e\u0440\u044b\u0439 \u0432\u043f\u0435\u0447\u0430\u0442\u043b\u044f\u0435\u0442!\u041f\u043e\u0434\u0430\u0440\u0438\u0442\u0435 \u0441\u0432\u043e\u0438\u043c \u0440\u043e\u0434\u043d\u044b\u043c, \u0431\u043b\u0438\u0437\u043a\u0438\u043c, \u0434\u0440\u0443\u0437\u044c\u044f\u043c \u0438 \u043a\u043e\u043b\u043b\u0435\u0433\u0430\u043c \u044d\u043c\u043e\u0446\u0438\u0438, \u043e \u043a\u043e\u0442\u043e\u0440\u044b\u0445 \u043e\u043d\u0438 \u043d\u0435 \u0437\u0430\u0431\u0443\u0434\u0443\u0442! \u0410\u0412\u0418\u0410\u0426\u0418\u041e\u041d\u041d\u042b\u0415 \u0421\u0423\u0412\u0415\u041d\u0418\u0420\u042b&hellip;","og_url":"https:\/\/blueskyadventures.cz\/ru\/","og_site_name":"BlueSkyAdventures","article_modified_time":"2024-05-31T11:50:05+00:00","og_image":[{"url":"https:\/\/blueskyadventures.cz\/assets\/uploads\/sites\/536\/2024\/05\/pilotem-na-zkousku-800x600-1.jpg"}],"twitter_card":"summary_large_image","schema":{"@context":"https:\/\/schema.org","@graph":[{"@type":"WebPage","@id":"https:\/\/blueskyadventures.cz\/ru\/","url":"https:\/\/blueskyadventures.cz\/ru\/","name":"BlueSkyAdventures - Nejkr\u00e1sn\u011bj\u0161\u00ed vyhl\u00eddkov\u00e9 lety a leteck\u00e9 z\u00e1\u017eitky v \u010cech\u00e1ch","isPartOf":{"@id":"https:\/\/blueskyadventures.cz\/ru\/#website"},"datePublished":"2016-10-11T09:02:49+00:00","dateModified":"2024-05-31T11:50:05+00:00","breadcrumb":{"@id":"https:\/\/blueskyadventures.cz\/ru\/#breadcrumb"},"inLanguage":"ru-RU","potentialAction":[{"@type":"ReadAction","target":["https:\/\/blueskyadventures.cz\/ru\/"]}]},{"@type":"BreadcrumbList","@id":"https:\/\/blueskyadventures.cz\/ru\/#breadcrumb","itemListElement":[{"@type":"ListItem","position":1,"name":"\u0413\u043b\u0430\u0432\u043d\u0430\u044f \u0441\u0442\u0440\u0430\u043d\u0438\u0446\u0430","item":"https:\/\/blueskyadventures.cz\/ru\/"},{"@type":"ListItem","position":2,"name":"Home"}]},{"@type":"WebSite","@id":"https:\/\/blueskyadventures.cz\/ru\/#website","url":"https:\/\/blueskyadventures.cz\/ru\/","name":"BlueSkyAdventures","description":"Nejkr\u00e1sn\u011bj\u0161\u00ed vyhl\u00eddkov\u00e9 lety a leteck\u00e9 z\u00e1\u017eitky v \u010cech\u00e1ch","potentialAction":[{"@type":"SearchAction","target":{"@type":"EntryPoint","urlTemplate":"https:\/\/blueskyadventures.cz\/ru\/?s={search_term_string}"},"query-input":"required name=search_term_string"}],"inLanguage":"ru-RU"}]}},"_links":{"self":[{"href":"https:\/\/blueskyadventures.cz\/ru\/wp-json\/wp\/v2\/pages\/5512","targetHints":{"allow":["GET"]}}],"collection":[{"href":"https:\/\/blueskyadventures.cz\/ru\/wp-json\/wp\/v2\/pages"}],"about":[{"href":"https:\/\/blueskyadventures.cz\/ru\/wp-json\/wp\/v2\/types\/page"}],"author":[{"embeddable":true,"href":"https:\/\/blueskyadventures.cz\/ru\/wp-json\/wp\/v2\/users\/1"}],"replies":[{"embeddable":true,"href":"https:\/\/blueskyadventures.cz\/ru\/wp-json\/wp\/v2\/comments?post=5512"}],"version-history":[{"count":22,"href":"https:\/\/blueskyadventures.cz\/ru\/wp-json\/wp\/v2\/pages\/5512\/revisions"}],"predecessor-version":[{"id":11927,"href":"https:\/\/blueskyadventures.cz\/ru\/wp-json\/wp\/v2\/pages\/5512\/revisions\/11927"}],"wp:attachment":[{"href":"https:\/\/blueskyadventures.cz\/ru\/wp-json\/wp\/v2\/media?parent=5512"}],"curies":[{"name":"wp","href":"https:\/\/api.w.org\/{rel}","templated":true}]}}