{"id":5526,"date":"2017-08-17T15:21:53","date_gmt":"2017-08-17T13:21:53","guid":{"rendered":"https:\/\/blueskyadventures.cz\/darkove-poukazy\/"},"modified":"2020-12-01T10:55:12","modified_gmt":"2020-12-01T09:55:12","slug":"darkove-poukazy","status":"publish","type":"page","link":"https:\/\/blueskyadventures.cz\/ru\/darkove-poukazy\/","title":{"rendered":"\u041f\u043e\u0434\u0430\u0440\u043e\u0447\u043d\u044b\u0439 \u0441\u0435\u0440\u0442\u0438\u0444\u0438\u043a\u0430\u0442"},"content":{"rendered":"\n\t\t\t<h1>\u041f\u041e\u0414\u0410\u0420\u041e\u0427\u041d\u042b\u0419 \u0421\u0415\u0420\u0422\u0418\u0424\u0418\u041a\u0410\u0422<\/h1>\n\t\t\t\t<h3>\u041f\u043e\u0434\u0430\u0440\u043a\u0438, \u043a\u043e\u0442\u043e\u0440\u044b\u0435 \u0432\u043f\u0435\u0447\u0430\u0442\u043b\u044f\u044e\u0442!<\/h3>\n<p>\u041f\u0440\u0435\u043f\u043e\u0434\u043d\u0435\u0441\u0438\u0442\u0435 \u043e\u0431\u0437\u043e\u0440\u043d\u044b\u0439 \u043f\u043e\u043b\u0451\u0442 \u0432 \u043a\u0430\u0447\u0435\u0441\u0442\u0432\u0435 \u043f\u043e\u0434\u0430\u0440\u043a\u0430 \u0434\u043b\u044f \u0441\u0432\u043e\u0438\u0445 \u0431\u043b\u0438\u0437\u043a\u0438\u0445, \u0434\u0440\u0443\u0437\u0435\u0439 \u0438 \u043a\u043e\u043b\u043b\u0435\u0433. \u041e\u0441\u043c\u043e\u0442\u0440 \u0434\u043e\u0441\u0442\u043e\u043f\u0440\u0438\u043c\u0435\u0447\u0430\u0442\u0435\u043b\u044c\u043d\u043e\u0441\u0442\u0435\u0439 \u0441 \u0432\u044b\u0441\u043e\u0442\u044b &#8211; \u044d\u0442\u043e \u0434\u043e\u0441\u0442\u043e\u0439\u043d\u044b\u0439 \u043f\u043e\u0434\u0430\u0440\u043e\u043a, \u043a\u043e\u0442\u043e\u0440\u044b\u0439 \u043f\u043e\u0434\u0445\u043e\u0434\u0438\u0442 \u0434\u043b\u044f \u043b\u044e\u0431\u043e\u0433\u043e \u0441\u043b\u0443\u0447\u0430\u044f &#8211; \u044e\u0431\u0438\u043b\u0435\u0439, \u0434\u0435\u043d\u044c \u0440\u043e\u0436\u0434\u0435\u043d\u0438\u044f, \u043f\u0440\u0430\u0437\u0434\u043d\u0438\u043a, \u0432\u044b\u043f\u0443\u0441\u043a\u043d\u043e\u0439 \u0432\u0435\u0447\u0435\u0440, \u0441\u0432\u0430\u0434\u044c\u0431\u0430 \u0438\u043b\u0438 \u043f\u0440\u043e\u0441\u0442\u043e \u043a\u0430\u043a \u0437\u043d\u0430\u043a \u0432\u043d\u0438\u043c\u0430\u043d\u0438\u044f.<\/p>\n<p>\u041a\u0430\u043a \u043b\u0435\u0442\u043e\u043c, \u0442\u0430\u043a \u0438 \u0437\u0438\u043c\u043e\u0439 \u0427\u0435\u0445\u0438\u044f \u043f\u0440\u0435\u0434\u0441\u0442\u0430\u043d\u0435\u0442 \u043f\u0435\u0440\u0435\u0434 \u0412\u0430\u043c\u0438 \u0432\u043e \u0432\u0441\u0435\u0439 \u0441\u0432\u043e\u0435\u0439 \u043a\u0440\u0430\u0441\u0435! \u041a\u0430\u0436\u0434\u044b\u0439 \u0441\u0435\u0437\u043e\u043d \u0438\u043c\u0435\u0435\u0442 \u0441\u0432\u043e\u0438 \u043f\u0440\u0435\u043b\u0435\u0441\u0442\u0438. \u041e\u0431\u0437\u043e\u0440\u043d\u044b\u0439 \u043f\u043e\u043b\u0435\u0442 &#8211; \u0443\u0434\u0438\u0432\u0438\u0442\u0435\u043b\u044c\u043d\u044b\u0439 \u043e\u043f\u044b\u0442, \u043a\u043e\u0442\u043e\u0440\u044b\u0439 \u043f\u043e\u0437\u0432\u043e\u043b\u0438\u0442 \u0412\u0430\u043c \u0432\u0437\u0433\u043b\u044f\u043d\u0443\u0442\u044c \u043d\u0430 \u043c\u0438\u0440 \u0441 \u0432\u044b\u0441\u043e\u0442\u044b \u043f\u0442\u0438\u0447\u044c\u0435\u0433\u043e \u043f\u043e\u043b\u0435\u0442\u0430, \u0443\u0441\u043f\u043e\u043a\u043e\u0438\u0442\u044c \u0432\u0430\u0448\u0443 \u0434\u0443\u0448\u0443 \u0438 \u0438\u0437\u0431\u0430\u0432\u0438\u0442\u044c\u0441\u044f \u043e\u0442 \u043f\u043e\u0432\u0441\u0435\u0434\u043d\u0435\u0432\u043d\u044b\u0445 \u0437\u0430\u0431\u043e\u0442.<\/p>\n<blockquote>\n<p><em>\u041f\u043e\u0432\u0435\u0440\u044c \u043c\u043d\u0435, \u043f\u0440\u0438 \u043f\u043e\u043c\u043e\u0449\u0438 \u043f\u043e\u0434\u0430\u0440\u043a\u043e\u0432 \u0432\u044b\u0438\u0433\u0440\u044b\u0432\u0430\u044e\u0442 \u0440\u0430\u0441\u043f\u043e\u043b\u043e\u0436\u0435\u043d\u0438\u0435 \u043b\u044e\u0434\u0435\u0439 \u0438 \u0431\u043e\u0433\u043e\u0432&#8230;\u00a0<\/em><em>\u041e\u0432\u0438\u0434\u0438\u0439<\/em><\/p>\n<\/blockquote>\n\t\t\t<a href=\"https:\/\/blueskyadventures.cz\/ru\/lety\/\" target=\"_blank\" rel=\"noopener noreferrer\" role=\"button\">\n\t\t\t\t\t\t\t\u041f\u041e\u0414\u0410\u0420\u0418\u0422\u042c\n\t\t<\/a>\n\t\t<h3>\u041f\u043e\u0434\u0430\u0440\u043e\u0447\u043d\u044b\u0439 \u0441\u0435\u0440\u0442\u0438\u0444\u0438\u043a\u0430\u0442<\/h3>\t\t\t\n\t\t\u0421\u0435\u0440\u0442\u0438\u0444\u0438\u043a\u0430\u0442 \u043c\u043e\u0436\u043d\u043e \u043f\u0440\u0435\u043e\u0431\u0440\u0435\u0441\u0442\u0438 \u043d\u0430 \u043a\u0430\u0436\u0434\u044b\u0439 \u043d\u0430\u0448 \u043f\u043e\u043b\u0451\u0442\t\t\t\n\t\t\u0412\u044b \u043f\u043e\u043b\u0443\u0447\u0438\u0442\u0435 \u0441\u0435\u0440\u0442\u0438\u0444\u0438\u043a\u0430\u0442 \u043f\u043e \u044d\u043b\u0435\u043a\u0442\u0440\u043e\u043d\u043d\u043e\u0439 \u043f\u043e\u0447\u0442\u0435 \u0441\u0440\u0430\u0437\u0443 \u043f\u043e\u0441\u043b\u0435 \u043e\u043f\u043b\u0430\u0442\u044b\t\t\t\n\t\t\u041e\u043d\u043b\u0430\u0439\u043d \u0437\u0430\u043a\u0430\u0437 \u0438 \u043f\u043b\u0430\u0442\u0451\u0436\t\t\t\n\t\t\u041f\u0435\u0440\u0441\u043e\u043d\u0438\u0444\u0438\u043a\u0430\u0446\u0438\u044f &#8211; \u0432\u043e\u0437\u043c\u043e\u0436\u043d\u043e\u0441\u0442\u044c \u043f\u043e\u0434\u0433\u043e\u0442\u043e\u0432\u0438\u0442\u044c \u0441\u0435\u0440\u0442\u0438\u0444\u0438\u043a\u0430\u0442 \u0434\u043b\u044f \u043a\u043e\u043d\u043a\u0440\u0435\u0442\u043d\u043e\u0433\u043e \u0447\u0435\u043b\u043e\u0432\u0435\u043a\u0430\t\t\t\n\t\t\u0421\u0440\u043e\u043a \u0434\u0435\u0439\u0441\u0442\u0432\u0438\u044f \u0421\u0435\u0440\u0442\u0438\u0444\u0438\u043a\u0430\u0442\u0430 \u0441\u043e\u0441\u0442\u0430\u0432\u043b\u044f\u0435\u0442 12 \u043c\u0435\u0441\u044f\u0446\u0435\u0432 \u0441 \u043c\u043e\u043c\u0435\u043d\u0442\u0430 \u043f\u043e\u043a\u0443\u043f\u043a\u0438\t\t\t\n\t\t\t\t<img decoding=\"async\" src=\"https:\/\/blueskyadventures.cz\/assets\/uploads\/sites\/536\/2019\/11\/darkove-baleni.png\" alt=\"Darkove baleni\" title=\"Darkove baleni\" \/>\n\t\t\u041f\u043e \u0412\u0430\u0448\u0435\u043c\u0443 \u0436\u0435\u043b\u0430\u043d\u0438\u044e \u043c\u044b \u043c\u043e\u0436\u0435\u043c \u043f\u043e\u0441\u043b\u0430\u0442\u044c \u0421\u0435\u0440\u0442\u0438\u0444\u0438\u043a\u0430\u0442 \u043f\u043e\u0447\u0442\u043e\u0439 \u0432 \u043f\u043e\u0434\u0430\u0440\u043e\u0447\u043d\u043e\u0439 \u0443\u043f\u0430\u043a\u043e\u0432\u043a\u0435\t\t\t\n\t\t<h3>\u0410\u0432\u0438\u0430\u0446\u0438\u043e\u043d\u043d\u044b\u0435 \u0441\u0443\u0432\u0435\u043d\u0438\u0440\u044b<\/h3>\t\t\t\n\t<p>\u0412\u043c\u0435\u0441\u0442\u0435 \u0441 \u041f\u043e\u0434\u0430\u0440\u043e\u0447\u043d\u044b\u043c \u0421\u0435\u0440\u0442\u0438\u0444\u0438\u043a\u0430\u0442\u043e\u043c \u0412\u044b \u043c\u043e\u0436\u0435\u0442\u0435 \u0442\u0430\u043a\u0436\u0435 \u0437\u0430\u043a\u0430\u0437\u0430\u0442\u044c \u0438\u043d\u0442\u0435\u0440\u0435\u0441\u043d\u044b\u0435 \u0438 \u043e\u0440\u0438\u0433\u0438\u043d\u0430\u043b\u044c\u043d\u044b\u0435 \u0430\u0432\u0438\u0430\u0446\u0438\u043e\u043d\u043d\u044b\u0435 \u0441\u0443\u0432\u0435\u043d\u0438\u0440\u044b. \u041c\u044b \u043e\u0442\u043f\u0440\u0430\u0432\u0438\u043c \u0432\u0430\u043c \u0441\u0443\u0432\u0435\u043d\u0438\u0440 \u043f\u043e \u043f\u043e\u0447\u0442\u0435 \u0438\u043b\u0438 \u043f\u0435\u0440\u0435\u0434\u0430\u0434\u0438\u043c \u043f\u0440\u044f\u043c\u043e \u0432 \u0440\u0443\u043a\u0438 \u043d\u0435\u043f\u043e\u0441\u0440\u0435\u0434\u0441\u0442\u0432\u0435\u043d\u043d\u043e \u043f\u0435\u0440\u0435\u0434 \u043f\u043e\u043b\u0451\u0442\u043e\u043c. \u0410\u0432\u0438\u0430\u0446\u0438\u043e\u043d\u043d\u044b\u0435 \u0441\u0443\u0432\u0435\u043d\u0438\u0440\u044b \u0438\u0437\u0433\u043e\u0442\u043e\u0432\u043b\u0435\u043d\u044b \u0438\u0437 \u0432\u044b\u0441\u043e\u043a\u043e\u043a\u0430\u0447\u0435\u0441\u0442\u0432\u0435\u043d\u043d\u044b\u0445 \u043c\u0430\u0442\u0435\u0440\u0438\u0430\u043b\u043e\u0432 \u0438 \u043f\u0440\u0435\u0434\u043d\u0430\u0437\u043d\u0430\u0447\u0435\u043d\u044b \u0434\u043b\u044f \u0442\u043e\u0433\u043e, \u0447\u0442\u043e\u0431\u044b \u043f\u0440\u0438\u0432\u043b\u0435\u043a\u0430\u0442\u044c \u0438 \u0432\u043e\u0441\u0445\u0438\u0449\u0430\u0442\u044c \u044d\u043d\u0442\u0443\u0437\u0438\u0430\u0441\u0442\u043e\u0432 \u0438 \u043b\u044e\u0431\u0438\u0442\u0435\u043b\u0435\u0439 \u0430\u0432\u0438\u0430\u0446\u0438\u0438!<\/p>\n\t\t\t<a href=\"https:\/\/blueskyadventures.cz\/ru\/letecke-darky\/\" target=\"_blank\" role=\"button\" rel=\"noopener noreferrer\">\n\t\t\t\t\t\t\t\u0417\u0410\u041a\u0410\u0417\u0410\u0422\u042c\n\t\t\t\t\t<\/a>\n","protected":false},"excerpt":{"rendered":"<p>\u041f\u041e\u0414\u0410\u0420\u041e\u0427\u041d\u042b\u0419 \u0421\u0415\u0420\u0422\u0418\u0424\u0418\u041a\u0410\u0422 \u041f\u043e\u0434\u0430\u0440\u043a\u0438, \u043a\u043e\u0442\u043e\u0440\u044b\u0435 \u0432\u043f\u0435\u0447\u0430\u0442\u043b\u044f\u044e\u0442! \u041f\u0440\u0435\u043f\u043e\u0434\u043d\u0435\u0441\u0438\u0442\u0435 \u043e\u0431\u0437\u043e\u0440\u043d\u044b\u0439 \u043f\u043e\u043b\u0451\u0442 \u0432 \u043a\u0430\u0447\u0435\u0441\u0442\u0432\u0435 \u043f\u043e\u0434\u0430\u0440\u043a\u0430 \u0434\u043b\u044f \u0441\u0432\u043e\u0438\u0445 \u0431\u043b\u0438\u0437\u043a\u0438\u0445, \u0434\u0440\u0443\u0437\u0435\u0439 \u0438 \u043a\u043e\u043b\u043b\u0435\u0433. \u041e\u0441\u043c\u043e\u0442\u0440 \u0434\u043e\u0441\u0442\u043e\u043f\u0440\u0438\u043c\u0435\u0447\u0430\u0442\u0435\u043b\u044c\u043d\u043e\u0441\u0442\u0435\u0439 \u0441 \u0432\u044b\u0441\u043e\u0442\u044b &#8211; \u044d\u0442\u043e \u0434\u043e\u0441\u0442\u043e\u0439\u043d\u044b\u0439 \u043f\u043e\u0434\u0430\u0440\u043e\u043a, \u043a\u043e\u0442\u043e\u0440\u044b\u0439 \u043f\u043e\u0434\u0445\u043e\u0434\u0438\u0442 \u0434\u043b\u044f \u043b\u044e\u0431\u043e\u0433\u043e \u0441\u043b\u0443\u0447\u0430\u044f &#8211; \u044e\u0431\u0438\u043b\u0435\u0439, \u0434\u0435\u043d\u044c \u0440\u043e\u0436\u0434\u0435\u043d\u0438\u044f, \u043f\u0440\u0430\u0437\u0434\u043d\u0438\u043a, \u0432\u044b\u043f\u0443\u0441\u043a\u043d\u043e\u0439 \u0432\u0435\u0447\u0435\u0440, \u0441\u0432\u0430\u0434\u044c\u0431\u0430 \u0438\u043b\u0438 \u043f\u0440\u043e\u0441\u0442\u043e \u043a\u0430\u043a \u0437\u043d\u0430\u043a \u0432\u043d\u0438\u043c\u0430\u043d\u0438\u044f. \u041a\u0430\u043a \u043b\u0435\u0442\u043e\u043c, \u0442\u0430\u043a \u0438 \u0437\u0438\u043c\u043e\u0439 \u0427\u0435\u0445\u0438\u044f \u043f\u0440\u0435\u0434\u0441\u0442\u0430\u043d\u0435\u0442 \u043f\u0435\u0440\u0435\u0434 \u0412\u0430\u043c\u0438 \u0432\u043e \u0432\u0441\u0435\u0439 \u0441\u0432\u043e\u0435\u0439&hellip;<\/p>\n","protected":false},"author":670,"featured_media":0,"parent":0,"menu_order":0,"comment_status":"closed","ping_status":"closed","template":"","meta":{"footnotes":""},"class_list":["post-5526","page","type-page","status-publish","hentry"],"yoast_head":"<title>\u041f\u043e\u0434\u0430\u0440\u043e\u0447\u043d\u044b\u0439 \u0441\u0435\u0440\u0442\u0438\u0444\u0438\u043a\u0430\u0442 - BlueSkyAdventures<\/title>\n<meta name=\"robots\" content=\"index, follow, max-snippet:-1, max-image-preview:large, max-video-preview:-1\" \/>\n<link rel=\"canonical\" href=\"https:\/\/blueskyadventures.cz\/ru\/darkove-poukazy\/\" \/>\n<meta property=\"og:locale\" content=\"ru_RU\" \/>\n<meta property=\"og:type\" content=\"article\" \/>\n<meta property=\"og:title\" content=\"\u041f\u043e\u0434\u0430\u0440\u043e\u0447\u043d\u044b\u0439 \u0441\u0435\u0440\u0442\u0438\u0444\u0438\u043a\u0430\u0442 - BlueSkyAdventures\" \/>\n<meta property=\"og:description\" content=\"\u041f\u041e\u0414\u0410\u0420\u041e\u0427\u041d\u042b\u0419 \u0421\u0415\u0420\u0422\u0418\u0424\u0418\u041a\u0410\u0422 \u041f\u043e\u0434\u0430\u0440\u043a\u0438, \u043a\u043e\u0442\u043e\u0440\u044b\u0435 \u0432\u043f\u0435\u0447\u0430\u0442\u043b\u044f\u044e\u0442! \u041f\u0440\u0435\u043f\u043e\u0434\u043d\u0435\u0441\u0438\u0442\u0435 \u043e\u0431\u0437\u043e\u0440\u043d\u044b\u0439 \u043f\u043e\u043b\u0451\u0442 \u0432 \u043a\u0430\u0447\u0435\u0441\u0442\u0432\u0435 \u043f\u043e\u0434\u0430\u0440\u043a\u0430 \u0434\u043b\u044f \u0441\u0432\u043e\u0438\u0445 \u0431\u043b\u0438\u0437\u043a\u0438\u0445, \u0434\u0440\u0443\u0437\u0435\u0439 \u0438 \u043a\u043e\u043b\u043b\u0435\u0433. \u041e\u0441\u043c\u043e\u0442\u0440 \u0434\u043e\u0441\u0442\u043e\u043f\u0440\u0438\u043c\u0435\u0447\u0430\u0442\u0435\u043b\u044c\u043d\u043e\u0441\u0442\u0435\u0439 \u0441 \u0432\u044b\u0441\u043e\u0442\u044b &#8211; \u044d\u0442\u043e \u0434\u043e\u0441\u0442\u043e\u0439\u043d\u044b\u0439 \u043f\u043e\u0434\u0430\u0440\u043e\u043a, \u043a\u043e\u0442\u043e\u0440\u044b\u0439 \u043f\u043e\u0434\u0445\u043e\u0434\u0438\u0442 \u0434\u043b\u044f \u043b\u044e\u0431\u043e\u0433\u043e \u0441\u043b\u0443\u0447\u0430\u044f &#8211; \u044e\u0431\u0438\u043b\u0435\u0439, \u0434\u0435\u043d\u044c \u0440\u043e\u0436\u0434\u0435\u043d\u0438\u044f, \u043f\u0440\u0430\u0437\u0434\u043d\u0438\u043a, \u0432\u044b\u043f\u0443\u0441\u043a\u043d\u043e\u0439 \u0432\u0435\u0447\u0435\u0440, \u0441\u0432\u0430\u0434\u044c\u0431\u0430 \u0438\u043b\u0438 \u043f\u0440\u043e\u0441\u0442\u043e \u043a\u0430\u043a \u0437\u043d\u0430\u043a \u0432\u043d\u0438\u043c\u0430\u043d\u0438\u044f. \u041a\u0430\u043a \u043b\u0435\u0442\u043e\u043c, \u0442\u0430\u043a \u0438 \u0437\u0438\u043c\u043e\u0439 \u0427\u0435\u0445\u0438\u044f \u043f\u0440\u0435\u0434\u0441\u0442\u0430\u043d\u0435\u0442 \u043f\u0435\u0440\u0435\u0434 \u0412\u0430\u043c\u0438 \u0432\u043e \u0432\u0441\u0435\u0439 \u0441\u0432\u043e\u0435\u0439&hellip;\" \/>\n<meta property=\"og:url\" content=\"https:\/\/blueskyadventures.cz\/ru\/darkove-poukazy\/\" \/>\n<meta property=\"og:site_name\" content=\"BlueSkyAdventures\" \/>\n<meta property=\"article:modified_time\" content=\"2020-12-01T09:55:12+00:00\" \/>\n<meta property=\"og:image\" content=\"https:\/\/blueskyadventures.cz\/assets\/uploads\/sites\/536\/2019\/11\/darkove-baleni.png\" \/>\n<meta name=\"twitter:card\" content=\"summary_large_image\" \/>\n<script type=\"application\/ld+json\" class=\"yoast-schema-graph\">{\"@context\":\"https:\/\/schema.org\",\"@graph\":[{\"@type\":\"WebPage\",\"@id\":\"https:\/\/blueskyadventures.cz\/ru\/darkove-poukazy\/\",\"url\":\"https:\/\/blueskyadventures.cz\/ru\/darkove-poukazy\/\",\"name\":\"\u041f\u043e\u0434\u0430\u0440\u043e\u0447\u043d\u044b\u0439 \u0441\u0435\u0440\u0442\u0438\u0444\u0438\u043a\u0430\u0442 - BlueSkyAdventures\",\"isPartOf\":{\"@id\":\"https:\/\/blueskyadventures.cz\/ru\/#website\"},\"datePublished\":\"2017-08-17T13:21:53+00:00\",\"dateModified\":\"2020-12-01T09:55:12+00:00\",\"breadcrumb\":{\"@id\":\"https:\/\/blueskyadventures.cz\/ru\/darkove-poukazy\/#breadcrumb\"},\"inLanguage\":\"ru-RU\",\"potentialAction\":[{\"@type\":\"ReadAction\",\"target\":[\"https:\/\/blueskyadventures.cz\/ru\/darkove-poukazy\/\"]}]},{\"@type\":\"BreadcrumbList\",\"@id\":\"https:\/\/blueskyadventures.cz\/ru\/darkove-poukazy\/#breadcrumb\",\"itemListElement\":[{\"@type\":\"ListItem\",\"position\":1,\"name\":\"\u0413\u043b\u0430\u0432\u043d\u0430\u044f \u0441\u0442\u0440\u0430\u043d\u0438\u0446\u0430\",\"item\":\"https:\/\/blueskyadventures.cz\/ru\/\"},{\"@type\":\"ListItem\",\"position\":2,\"name\":\"\u041f\u043e\u0434\u0430\u0440\u043e\u0447\u043d\u044b\u0439 \u0441\u0435\u0440\u0442\u0438\u0444\u0438\u043a\u0430\u0442\"}]},{\"@type\":\"WebSite\",\"@id\":\"https:\/\/blueskyadventures.cz\/ru\/#website\",\"url\":\"https:\/\/blueskyadventures.cz\/ru\/\",\"name\":\"BlueSkyAdventures\",\"description\":\"Nejkr\u00e1sn\u011bj\u0161\u00ed vyhl\u00eddkov\u00e9 lety a leteck\u00e9 z\u00e1\u017eitky v \u010cech\u00e1ch\",\"potentialAction\":[{\"@type\":\"SearchAction\",\"target\":{\"@type\":\"EntryPoint\",\"urlTemplate\":\"https:\/\/blueskyadventures.cz\/ru\/?s={search_term_string}\"},\"query-input\":\"required name=search_term_string\"}],\"inLanguage\":\"ru-RU\"}]}<\/script>","yoast_head_json":{"title":"\u041f\u043e\u0434\u0430\u0440\u043e\u0447\u043d\u044b\u0439 \u0441\u0435\u0440\u0442\u0438\u0444\u0438\u043a\u0430\u0442 - BlueSkyAdventures","robots":{"index":"index","follow":"follow","max-snippet":"max-snippet:-1","max-image-preview":"max-image-preview:large","max-video-preview":"max-video-preview:-1"},"canonical":"https:\/\/blueskyadventures.cz\/ru\/darkove-poukazy\/","og_locale":"ru_RU","og_type":"article","og_title":"\u041f\u043e\u0434\u0430\u0440\u043e\u0447\u043d\u044b\u0439 \u0441\u0435\u0440\u0442\u0438\u0444\u0438\u043a\u0430\u0442 - BlueSkyAdventures","og_description":"\u041f\u041e\u0414\u0410\u0420\u041e\u0427\u041d\u042b\u0419 \u0421\u0415\u0420\u0422\u0418\u0424\u0418\u041a\u0410\u0422 \u041f\u043e\u0434\u0430\u0440\u043a\u0438, \u043a\u043e\u0442\u043e\u0440\u044b\u0435 \u0432\u043f\u0435\u0447\u0430\u0442\u043b\u044f\u044e\u0442! \u041f\u0440\u0435\u043f\u043e\u0434\u043d\u0435\u0441\u0438\u0442\u0435 \u043e\u0431\u0437\u043e\u0440\u043d\u044b\u0439 \u043f\u043e\u043b\u0451\u0442 \u0432 \u043a\u0430\u0447\u0435\u0441\u0442\u0432\u0435 \u043f\u043e\u0434\u0430\u0440\u043a\u0430 \u0434\u043b\u044f \u0441\u0432\u043e\u0438\u0445 \u0431\u043b\u0438\u0437\u043a\u0438\u0445, \u0434\u0440\u0443\u0437\u0435\u0439 \u0438 \u043a\u043e\u043b\u043b\u0435\u0433. \u041e\u0441\u043c\u043e\u0442\u0440 \u0434\u043e\u0441\u0442\u043e\u043f\u0440\u0438\u043c\u0435\u0447\u0430\u0442\u0435\u043b\u044c\u043d\u043e\u0441\u0442\u0435\u0439 \u0441 \u0432\u044b\u0441\u043e\u0442\u044b &#8211; \u044d\u0442\u043e \u0434\u043e\u0441\u0442\u043e\u0439\u043d\u044b\u0439 \u043f\u043e\u0434\u0430\u0440\u043e\u043a, \u043a\u043e\u0442\u043e\u0440\u044b\u0439 \u043f\u043e\u0434\u0445\u043e\u0434\u0438\u0442 \u0434\u043b\u044f \u043b\u044e\u0431\u043e\u0433\u043e \u0441\u043b\u0443\u0447\u0430\u044f &#8211; \u044e\u0431\u0438\u043b\u0435\u0439, \u0434\u0435\u043d\u044c \u0440\u043e\u0436\u0434\u0435\u043d\u0438\u044f, \u043f\u0440\u0430\u0437\u0434\u043d\u0438\u043a, \u0432\u044b\u043f\u0443\u0441\u043a\u043d\u043e\u0439 \u0432\u0435\u0447\u0435\u0440, \u0441\u0432\u0430\u0434\u044c\u0431\u0430 \u0438\u043b\u0438 \u043f\u0440\u043e\u0441\u0442\u043e \u043a\u0430\u043a \u0437\u043d\u0430\u043a \u0432\u043d\u0438\u043c\u0430\u043d\u0438\u044f. \u041a\u0430\u043a \u043b\u0435\u0442\u043e\u043c, \u0442\u0430\u043a \u0438 \u0437\u0438\u043c\u043e\u0439 \u0427\u0435\u0445\u0438\u044f \u043f\u0440\u0435\u0434\u0441\u0442\u0430\u043d\u0435\u0442 \u043f\u0435\u0440\u0435\u0434 \u0412\u0430\u043c\u0438 \u0432\u043e \u0432\u0441\u0435\u0439 \u0441\u0432\u043e\u0435\u0439&hellip;","og_url":"https:\/\/blueskyadventures.cz\/ru\/darkove-poukazy\/","og_site_name":"BlueSkyAdventures","article_modified_time":"2020-12-01T09:55:12+00:00","og_image":[{"url":"https:\/\/blueskyadventures.cz\/assets\/uploads\/sites\/536\/2019\/11\/darkove-baleni.png"}],"twitter_card":"summary_large_image","schema":{"@context":"https:\/\/schema.org","@graph":[{"@type":"WebPage","@id":"https:\/\/blueskyadventures.cz\/ru\/darkove-poukazy\/","url":"https:\/\/blueskyadventures.cz\/ru\/darkove-poukazy\/","name":"\u041f\u043e\u0434\u0430\u0440\u043e\u0447\u043d\u044b\u0439 \u0441\u0435\u0440\u0442\u0438\u0444\u0438\u043a\u0430\u0442 - BlueSkyAdventures","isPartOf":{"@id":"https:\/\/blueskyadventures.cz\/ru\/#website"},"datePublished":"2017-08-17T13:21:53+00:00","dateModified":"2020-12-01T09:55:12+00:00","breadcrumb":{"@id":"https:\/\/blueskyadventures.cz\/ru\/darkove-poukazy\/#breadcrumb"},"inLanguage":"ru-RU","potentialAction":[{"@type":"ReadAction","target":["https:\/\/blueskyadventures.cz\/ru\/darkove-poukazy\/"]}]},{"@type":"BreadcrumbList","@id":"https:\/\/blueskyadventures.cz\/ru\/darkove-poukazy\/#breadcrumb","itemListElement":[{"@type":"ListItem","position":1,"name":"\u0413\u043b\u0430\u0432\u043d\u0430\u044f \u0441\u0442\u0440\u0430\u043d\u0438\u0446\u0430","item":"https:\/\/blueskyadventures.cz\/ru\/"},{"@type":"ListItem","position":2,"name":"\u041f\u043e\u0434\u0430\u0440\u043e\u0447\u043d\u044b\u0439 \u0441\u0435\u0440\u0442\u0438\u0444\u0438\u043a\u0430\u0442"}]},{"@type":"WebSite","@id":"https:\/\/blueskyadventures.cz\/ru\/#website","url":"https:\/\/blueskyadventures.cz\/ru\/","name":"BlueSkyAdventures","description":"Nejkr\u00e1sn\u011bj\u0161\u00ed vyhl\u00eddkov\u00e9 lety a leteck\u00e9 z\u00e1\u017eitky v \u010cech\u00e1ch","potentialAction":[{"@type":"SearchAction","target":{"@type":"EntryPoint","urlTemplate":"https:\/\/blueskyadventures.cz\/ru\/?s={search_term_string}"},"query-input":"required name=search_term_string"}],"inLanguage":"ru-RU"}]}},"_links":{"self":[{"href":"https:\/\/blueskyadventures.cz\/ru\/wp-json\/wp\/v2\/pages\/5526","targetHints":{"allow":["GET"]}}],"collection":[{"href":"https:\/\/blueskyadventures.cz\/ru\/wp-json\/wp\/v2\/pages"}],"about":[{"href":"https:\/\/blueskyadventures.cz\/ru\/wp-json\/wp\/v2\/types\/page"}],"author":[{"embeddable":true,"href":"https:\/\/blueskyadventures.cz\/ru\/wp-json\/wp\/v2\/users\/670"}],"replies":[{"embeddable":true,"href":"https:\/\/blueskyadventures.cz\/ru\/wp-json\/wp\/v2\/comments?post=5526"}],"version-history":[{"count":6,"href":"https:\/\/blueskyadventures.cz\/ru\/wp-json\/wp\/v2\/pages\/5526\/revisions"}],"predecessor-version":[{"id":11405,"href":"https:\/\/blueskyadventures.cz\/ru\/wp-json\/wp\/v2\/pages\/5526\/revisions\/11405"}],"wp:attachment":[{"href":"https:\/\/blueskyadventures.cz\/ru\/wp-json\/wp\/v2\/media?parent=5526"}],"curies":[{"name":"wp","href":"https:\/\/api.w.org\/{rel}","templated":true}]}}