{"id":5633,"date":"2017-06-07T13:39:07","date_gmt":"2017-06-07T11:39:07","guid":{"rendered":"https:\/\/blueskyadventures.cz\/o-nas\/kontakt\/"},"modified":"2025-08-26T10:55:20","modified_gmt":"2025-08-26T08:55:20","slug":"kontakt","status":"publish","type":"page","link":"https:\/\/blueskyadventures.cz\/ru\/o-nas\/kontakt\/","title":{"rendered":"Kontakt"},"content":{"rendered":"\n\n\t\t\t<h2>\u041d\u0410\u041f\u0418\u0428\u0418\u0422\u0415 \u041d\u0410\u041c<\/h2>\n\t\t<h3>\u0422\u0415\u041b\u0415\u0424\u041e\u041d<\/h3>\t\t\t\n\t\t\t\t<p>+420 603 403 355<\/p>\n\t\t<h3>EMAIL<\/h3>\t\t\t\n\t\t\t\t<p>adventures@BlueSkyAviation.cz<\/p>\n\t\t<h3>\u0410\u0414\u0420\u0415\u0421<\/h3>\t\t\t\n\t\t\t\t<h5>BLUE SKY AVIATION s.r.o.<\/h5>\n<p>\u0410\u044d\u0440\u043e\u043f\u043e\u0440\u0442 \u041a\u043b\u0430\u0434\u043d\u043e, Velk\u00e1 Dobr\u00e1<\/p>\n\t\t\t\t<img decoding=\"async\" src=\"https:\/\/blueskyadventures.cz\/assets\/uploads\/sites\/536\/bb-plugin\/cache\/lenka-400x360-piloti-circle.jpg\" alt=\"lenka_400x360-piloti\" title=\"lenka_400x360-piloti\" itemprop=\"image\"\/>\n\t\t<h3>\u041c\u0435\u043d\u0435\u0434\u0436\u0435\u0440<\/h3>\t\t\t\n\t\t\t\t<p>\u041b\u0435\u043d\u043a\u0430 \u041a\u0430\u0431\u0430\u0442\u043e\u0432\u0430 |CS|EN|<\/p>\n\t\t\t<h3>\u0410\u044d\u0440\u043e\u043f\u043e\u0440\u0442 \u041a\u043b\u0430\u0434\u043d\u043e<\/h3>\t\t\t\n\t\t\t\t<p>Leti\u0161t\u011b Kladno &#8211; Velk\u00e1 Dobr\u00e1, 273 61<\/p>\n\t\t<h3>BLUE SKY \u0422\u0440\u0430\u043d\u0441\u0444\u0435\u0440<\/h3>\t\t\t\n\t\t\t\t<p>Blue Sky Aviation \u043f\u0440\u0435\u0434\u043e\u0441\u0442\u0430\u0432\u043b\u044f\u0435\u0442 \u0442\u0440\u0430\u043d\u0441\u0444\u0435\u0440 \u0434\u043b\u044f \u0441\u0432\u043e\u0438\u0445 \u043a\u043b\u0438\u0435\u043d\u0442\u043e\u0432 \u0438\u0437 \u041f\u0440\u0430\u0433\u0438, \u043e\u0442 \u0441\u0442\u0430\u043d\u0446\u0438\u0438 \u043c\u0435\u0442\u0440\u043e Zli\u010d\u00edn \u0438\u043b\u0438 N\u00e1dra\u017e\u00ed Veleslav\u00edn. \u041c\u044b \u043e\u0440\u0433\u0430\u043d\u0438\u0437\u0443\u0435\u043c \u0443\u0434\u043e\u0431\u043d\u044b\u0439 \u0438 \u0431\u044b\u0441\u0442\u0440\u044b\u0439 \u0430\u0432\u0442\u043e\u043c\u043e\u0431\u0438\u043b\u044c, \u0438 \u0447\u0435\u0440\u0435\u0437 15 \u043c\u0438\u043d\u0443\u0442 \u0432\u044b \u043e\u043a\u0430\u0436\u0435\u0442\u0435\u0441\u044c \u0432 \u0430\u044d\u0440\u043e\u043f\u043e\u0440\u0442\u0443 Kladno. \u0423\u0441\u043b\u0443\u0433\u0430 \u043e\u043f\u043b\u0430\u0447\u0438\u0432\u0430\u0435\u0442\u0441\u044f \u043e\u0442\u0434\u0435\u043b\u044c\u043d\u043e.\u00a0<strong>\u041f\u043e\u0437\u0432\u043e\u043d\u0438\u0442\u0435 \u043f\u043e \u0442\u0435\u043b\u0435\u0444\u043e\u043d\u0443 +420603403355<\/strong><\/p>\n\t\t<h3>\u0410\u0412\u0422\u041e\u041c\u041e\u0411\u0418\u041b\u042c \/ \u0422\u0410\u041a\u0421\u0418<\/h3>\t\t\t\n\t\t\t\t<p>\u0414\u043e \u0430\u044d\u0440\u043e\u043f\u043e\u0440\u0442\u0430 Kladno \u043c\u043e\u0436\u043d\u043e \u0434\u043e\u0431\u0440\u0430\u0442\u044c\u0441\u044f \u043f\u043e \u0430\u0432\u0442\u043e\u043c\u0430\u0433\u0438\u0441\u0442\u0440\u0430\u043b\u0438 D6 \u0438\u0437 \u041f\u0440\u0430\u0433\u0438. \u041f\u0435\u0440\u0435\u0434 \u043f\u043e\u0441\u0435\u043b\u0435\u043d\u0438\u0435\u043c Velk\u00e1 Dobr\u00e1 \u0432\u043e\u0441\u043f\u043e\u043b\u044c\u0437\u0443\u0439\u0442\u0435\u0441\u044c \u0441\u044a\u0435\u0437\u0434\u043e\u043c \u043d\u043e\u043c\u0435\u0440 16. \u041f\u043e\u0441\u043b\u0435 \u043f\u0435\u0440\u0432\u043e\u0433\u043e \u043f\u0435\u0440\u0435\u043a\u0440\u0435\u0441\u0442\u043a\u0430 \u043f\u043e\u0432\u0435\u0440\u043d\u0438\u0442\u0435 \u043d\u0430\u043f\u0440\u0430\u0432\u043e, \u0437\u0430\u0442\u0435\u043c \u043d\u0430 \u0441\u043b\u0435\u0434\u0443\u044e\u0449\u0435\u043c \u043f\u0435\u0440\u0435\u043a\u0440\u0435\u0441\u0442\u043a\u0435 \u043d\u0430\u043b\u0435\u0432\u043e. \u0414\u0430\u043b\u0435\u0435 \u043f\u0440\u0438 \u043f\u0435\u0440\u0432\u043e\u0439 \u0432\u043e\u0437\u043c\u043e\u0436\u043d\u043e\u0441\u0442\u0438 \u0441\u043d\u043e\u0432\u0430 \u043f\u043e\u0432\u0435\u0440\u043d\u0438\u0442\u0435 \u043d\u0430\u043b\u0435\u0432\u043e. \u0417\u0434\u0435\u0441\u044c \u0432\u044b \u0443\u0432\u0438\u0434\u0438\u0442\u0435 \u0443\u043a\u0430\u0437\u0430\u0442\u0435\u043b\u0438 \u0432 \u0441\u0442\u043e\u0440\u043e\u043d\u0443 \u0430\u044d\u0440\u043e\u043f\u043e\u0440\u0442\u0430. \u041e\u043a\u043e\u043b\u043e \u0430\u044d\u0440\u043e\u043f\u043e\u0440\u0442\u0430 \u0435\u0441\u0442\u044c \u0431\u0435\u0441\u043f\u043b\u0430\u0442\u043d\u0430\u044f \u043f\u0430\u0440\u043a\u043e\u0432\u043a\u0430.<\/p>\n\n","protected":false},"excerpt":{"rendered":"<p>\u041d\u0410\u041f\u0418\u0428\u0418\u0422\u0415 \u041d\u0410\u041c \u0422\u0415\u041b\u0415\u0424\u041e\u041d +420 603 403 355 EMAIL adventures@BlueSkyAviation.cz \u0410\u0414\u0420\u0415\u0421 BLUE SKY AVIATION s.r.o. \u0410\u044d\u0440\u043e\u043f\u043e\u0440\u0442 \u041a\u043b\u0430\u0434\u043d\u043e, Velk\u00e1 Dobr\u00e1 \u041c\u0435\u043d\u0435\u0434\u0436\u0435\u0440 \u041b\u0435\u043d\u043a\u0430 \u041a\u0430\u0431\u0430\u0442\u043e\u0432\u0430 |CS|EN| \u0410\u044d\u0440\u043e\u043f\u043e\u0440\u0442 \u041a\u043b\u0430\u0434\u043d\u043e Leti\u0161t\u011b Kladno &#8211; Velk\u00e1 Dobr\u00e1, 273 61 BLUE SKY \u0422\u0440\u0430\u043d\u0441\u0444\u0435\u0440 Blue Sky Aviation \u043f\u0440\u0435\u0434\u043e\u0441\u0442\u0430\u0432\u043b\u044f\u0435\u0442 \u0442\u0440\u0430\u043d\u0441\u0444\u0435\u0440 \u0434\u043b\u044f \u0441\u0432\u043e\u0438\u0445 \u043a\u043b\u0438\u0435\u043d\u0442\u043e\u0432 \u0438\u0437 \u041f\u0440\u0430\u0433\u0438, \u043e\u0442 \u0441\u0442\u0430\u043d\u0446\u0438\u0438 \u043c\u0435\u0442\u0440\u043e Zli\u010d\u00edn \u0438\u043b\u0438 N\u00e1dra\u017e\u00ed Veleslav\u00edn. \u041c\u044b \u043e\u0440\u0433\u0430\u043d\u0438\u0437\u0443\u0435\u043c \u0443\u0434\u043e\u0431\u043d\u044b\u0439 \u0438&hellip;<\/p>\n","protected":false},"author":1,"featured_media":0,"parent":5554,"menu_order":0,"comment_status":"closed","ping_status":"closed","template":"","meta":{"footnotes":""},"class_list":["post-5633","page","type-page","status-publish","hentry"],"yoast_head":"<title>Kontakt - BlueSkyAdventures<\/title>\n<meta name=\"robots\" content=\"index, follow, max-snippet:-1, max-image-preview:large, max-video-preview:-1\" \/>\n<link rel=\"canonical\" href=\"http:\/\/blueskyadventures.cz\/ru\/o-nas\/kontakt\/\" \/>\n<meta property=\"og:locale\" content=\"ru_RU\" \/>\n<meta property=\"og:type\" content=\"article\" \/>\n<meta property=\"og:title\" content=\"Kontakt - BlueSkyAdventures\" \/>\n<meta property=\"og:description\" content=\"\u041d\u0410\u041f\u0418\u0428\u0418\u0422\u0415 \u041d\u0410\u041c \u0422\u0415\u041b\u0415\u0424\u041e\u041d +420 603 403 355 EMAIL adventures@BlueSkyAviation.cz \u0410\u0414\u0420\u0415\u0421 BLUE SKY AVIATION s.r.o. \u0410\u044d\u0440\u043e\u043f\u043e\u0440\u0442 \u041a\u043b\u0430\u0434\u043d\u043e, Velk\u00e1 Dobr\u00e1 \u041c\u0435\u043d\u0435\u0434\u0436\u0435\u0440 \u041b\u0435\u043d\u043a\u0430 \u041a\u0430\u0431\u0430\u0442\u043e\u0432\u0430 |CS|EN| \u0410\u044d\u0440\u043e\u043f\u043e\u0440\u0442 \u041a\u043b\u0430\u0434\u043d\u043e Leti\u0161t\u011b Kladno &#8211; Velk\u00e1 Dobr\u00e1, 273 61 BLUE SKY \u0422\u0440\u0430\u043d\u0441\u0444\u0435\u0440 Blue Sky Aviation \u043f\u0440\u0435\u0434\u043e\u0441\u0442\u0430\u0432\u043b\u044f\u0435\u0442 \u0442\u0440\u0430\u043d\u0441\u0444\u0435\u0440 \u0434\u043b\u044f \u0441\u0432\u043e\u0438\u0445 \u043a\u043b\u0438\u0435\u043d\u0442\u043e\u0432 \u0438\u0437 \u041f\u0440\u0430\u0433\u0438, \u043e\u0442 \u0441\u0442\u0430\u043d\u0446\u0438\u0438 \u043c\u0435\u0442\u0440\u043e Zli\u010d\u00edn \u0438\u043b\u0438 N\u00e1dra\u017e\u00ed Veleslav\u00edn. \u041c\u044b \u043e\u0440\u0433\u0430\u043d\u0438\u0437\u0443\u0435\u043c \u0443\u0434\u043e\u0431\u043d\u044b\u0439 \u0438&hellip;\" \/>\n<meta property=\"og:url\" content=\"http:\/\/blueskyadventures.cz\/ru\/o-nas\/kontakt\/\" \/>\n<meta property=\"og:site_name\" content=\"BlueSkyAdventures\" \/>\n<meta property=\"article:modified_time\" content=\"2025-08-26T08:55:20+00:00\" \/>\n<meta property=\"og:image\" content=\"https:\/\/blueskyadventures.cz\/assets\/uploads\/sites\/536\/bb-plugin\/cache\/lenka-400x360-piloti-circle.jpg\" \/>\n<meta name=\"twitter:card\" content=\"summary_large_image\" \/>\n<script type=\"application\/ld+json\" class=\"yoast-schema-graph\">{\"@context\":\"https:\/\/schema.org\",\"@graph\":[{\"@type\":\"WebPage\",\"@id\":\"http:\/\/blueskyadventures.cz\/ru\/o-nas\/kontakt\/\",\"url\":\"http:\/\/blueskyadventures.cz\/ru\/o-nas\/kontakt\/\",\"name\":\"Kontakt - BlueSkyAdventures\",\"isPartOf\":{\"@id\":\"https:\/\/blueskyadventures.cz\/ru\/#website\"},\"datePublished\":\"2017-06-07T11:39:07+00:00\",\"dateModified\":\"2025-08-26T08:55:20+00:00\",\"breadcrumb\":{\"@id\":\"http:\/\/blueskyadventures.cz\/ru\/o-nas\/kontakt\/#breadcrumb\"},\"inLanguage\":\"ru-RU\",\"potentialAction\":[{\"@type\":\"ReadAction\",\"target\":[\"http:\/\/blueskyadventures.cz\/ru\/o-nas\/kontakt\/\"]}]},{\"@type\":\"BreadcrumbList\",\"@id\":\"http:\/\/blueskyadventures.cz\/ru\/o-nas\/kontakt\/#breadcrumb\",\"itemListElement\":[{\"@type\":\"ListItem\",\"position\":1,\"name\":\"\u0413\u043b\u0430\u0432\u043d\u0430\u044f \u0441\u0442\u0440\u0430\u043d\u0438\u0446\u0430\",\"item\":\"https:\/\/blueskyadventures.cz\/ru\/\"},{\"@type\":\"ListItem\",\"position\":2,\"name\":\"O n\u00e1s\",\"item\":\"http:\/\/blueskyadventures.cz\/ru\/o-nas\/\"},{\"@type\":\"ListItem\",\"position\":3,\"name\":\"Kontakt\"}]},{\"@type\":\"WebSite\",\"@id\":\"https:\/\/blueskyadventures.cz\/ru\/#website\",\"url\":\"https:\/\/blueskyadventures.cz\/ru\/\",\"name\":\"BlueSkyAdventures\",\"description\":\"Nejkr\u00e1sn\u011bj\u0161\u00ed vyhl\u00eddkov\u00e9 lety a leteck\u00e9 z\u00e1\u017eitky v \u010cech\u00e1ch\",\"potentialAction\":[{\"@type\":\"SearchAction\",\"target\":{\"@type\":\"EntryPoint\",\"urlTemplate\":\"https:\/\/blueskyadventures.cz\/ru\/?s={search_term_string}\"},\"query-input\":\"required name=search_term_string\"}],\"inLanguage\":\"ru-RU\"}]}<\/script>","yoast_head_json":{"title":"Kontakt - BlueSkyAdventures","robots":{"index":"index","follow":"follow","max-snippet":"max-snippet:-1","max-image-preview":"max-image-preview:large","max-video-preview":"max-video-preview:-1"},"canonical":"http:\/\/blueskyadventures.cz\/ru\/o-nas\/kontakt\/","og_locale":"ru_RU","og_type":"article","og_title":"Kontakt - BlueSkyAdventures","og_description":"\u041d\u0410\u041f\u0418\u0428\u0418\u0422\u0415 \u041d\u0410\u041c \u0422\u0415\u041b\u0415\u0424\u041e\u041d +420 603 403 355 EMAIL adventures@BlueSkyAviation.cz \u0410\u0414\u0420\u0415\u0421 BLUE SKY AVIATION s.r.o. \u0410\u044d\u0440\u043e\u043f\u043e\u0440\u0442 \u041a\u043b\u0430\u0434\u043d\u043e, Velk\u00e1 Dobr\u00e1 \u041c\u0435\u043d\u0435\u0434\u0436\u0435\u0440 \u041b\u0435\u043d\u043a\u0430 \u041a\u0430\u0431\u0430\u0442\u043e\u0432\u0430 |CS|EN| \u0410\u044d\u0440\u043e\u043f\u043e\u0440\u0442 \u041a\u043b\u0430\u0434\u043d\u043e Leti\u0161t\u011b Kladno &#8211; Velk\u00e1 Dobr\u00e1, 273 61 BLUE SKY \u0422\u0440\u0430\u043d\u0441\u0444\u0435\u0440 Blue Sky Aviation \u043f\u0440\u0435\u0434\u043e\u0441\u0442\u0430\u0432\u043b\u044f\u0435\u0442 \u0442\u0440\u0430\u043d\u0441\u0444\u0435\u0440 \u0434\u043b\u044f \u0441\u0432\u043e\u0438\u0445 \u043a\u043b\u0438\u0435\u043d\u0442\u043e\u0432 \u0438\u0437 \u041f\u0440\u0430\u0433\u0438, \u043e\u0442 \u0441\u0442\u0430\u043d\u0446\u0438\u0438 \u043c\u0435\u0442\u0440\u043e Zli\u010d\u00edn \u0438\u043b\u0438 N\u00e1dra\u017e\u00ed Veleslav\u00edn. \u041c\u044b \u043e\u0440\u0433\u0430\u043d\u0438\u0437\u0443\u0435\u043c \u0443\u0434\u043e\u0431\u043d\u044b\u0439 \u0438&hellip;","og_url":"http:\/\/blueskyadventures.cz\/ru\/o-nas\/kontakt\/","og_site_name":"BlueSkyAdventures","article_modified_time":"2025-08-26T08:55:20+00:00","og_image":[{"url":"https:\/\/blueskyadventures.cz\/assets\/uploads\/sites\/536\/bb-plugin\/cache\/lenka-400x360-piloti-circle.jpg"}],"twitter_card":"summary_large_image","schema":{"@context":"https:\/\/schema.org","@graph":[{"@type":"WebPage","@id":"http:\/\/blueskyadventures.cz\/ru\/o-nas\/kontakt\/","url":"http:\/\/blueskyadventures.cz\/ru\/o-nas\/kontakt\/","name":"Kontakt - BlueSkyAdventures","isPartOf":{"@id":"https:\/\/blueskyadventures.cz\/ru\/#website"},"datePublished":"2017-06-07T11:39:07+00:00","dateModified":"2025-08-26T08:55:20+00:00","breadcrumb":{"@id":"http:\/\/blueskyadventures.cz\/ru\/o-nas\/kontakt\/#breadcrumb"},"inLanguage":"ru-RU","potentialAction":[{"@type":"ReadAction","target":["http:\/\/blueskyadventures.cz\/ru\/o-nas\/kontakt\/"]}]},{"@type":"BreadcrumbList","@id":"http:\/\/blueskyadventures.cz\/ru\/o-nas\/kontakt\/#breadcrumb","itemListElement":[{"@type":"ListItem","position":1,"name":"\u0413\u043b\u0430\u0432\u043d\u0430\u044f \u0441\u0442\u0440\u0430\u043d\u0438\u0446\u0430","item":"https:\/\/blueskyadventures.cz\/ru\/"},{"@type":"ListItem","position":2,"name":"O n\u00e1s","item":"http:\/\/blueskyadventures.cz\/ru\/o-nas\/"},{"@type":"ListItem","position":3,"name":"Kontakt"}]},{"@type":"WebSite","@id":"https:\/\/blueskyadventures.cz\/ru\/#website","url":"https:\/\/blueskyadventures.cz\/ru\/","name":"BlueSkyAdventures","description":"Nejkr\u00e1sn\u011bj\u0161\u00ed vyhl\u00eddkov\u00e9 lety a leteck\u00e9 z\u00e1\u017eitky v \u010cech\u00e1ch","potentialAction":[{"@type":"SearchAction","target":{"@type":"EntryPoint","urlTemplate":"https:\/\/blueskyadventures.cz\/ru\/?s={search_term_string}"},"query-input":"required name=search_term_string"}],"inLanguage":"ru-RU"}]}},"_links":{"self":[{"href":"https:\/\/blueskyadventures.cz\/ru\/wp-json\/wp\/v2\/pages\/5633","targetHints":{"allow":["GET"]}}],"collection":[{"href":"https:\/\/blueskyadventures.cz\/ru\/wp-json\/wp\/v2\/pages"}],"about":[{"href":"https:\/\/blueskyadventures.cz\/ru\/wp-json\/wp\/v2\/types\/page"}],"author":[{"embeddable":true,"href":"https:\/\/blueskyadventures.cz\/ru\/wp-json\/wp\/v2\/users\/1"}],"replies":[{"embeddable":true,"href":"https:\/\/blueskyadventures.cz\/ru\/wp-json\/wp\/v2\/comments?post=5633"}],"version-history":[{"count":15,"href":"https:\/\/blueskyadventures.cz\/ru\/wp-json\/wp\/v2\/pages\/5633\/revisions"}],"predecessor-version":[{"id":12111,"href":"https:\/\/blueskyadventures.cz\/ru\/wp-json\/wp\/v2\/pages\/5633\/revisions\/12111"}],"up":[{"embeddable":true,"href":"https:\/\/blueskyadventures.cz\/ru\/wp-json\/wp\/v2\/pages\/5554"}],"wp:attachment":[{"href":"https:\/\/blueskyadventures.cz\/ru\/wp-json\/wp\/v2\/media?parent=5633"}],"curies":[{"name":"wp","href":"https:\/\/api.w.org\/{rel}","templated":true}]}}