{"id":5762,"date":"2017-06-07T13:40:51","date_gmt":"2017-06-07T11:40:51","guid":{"rendered":"https:\/\/blueskyadventures.cz\/letecke-darky\/"},"modified":"2017-12-22T11:56:39","modified_gmt":"2017-12-22T10:56:39","slug":"letecke-darky","status":"publish","type":"page","link":"https:\/\/blueskyadventures.cz\/ru\/letecke-darky\/","title":{"rendered":"Leteck\u00e9 d\u00e1rky"},"content":{"rendered":"<h1>\u0410\u0412\u0418\u0410\u0426\u0418\u041e\u041d\u041d\u042b\u0415 \u0421\u0423\u0412\u0415\u041d\u0418\u0420\u042b<\/h1>\n<p>\u0421\u0434\u0435\u043b\u0430\u0439\u0442\u0435 \u0441\u0435\u0431\u044f \u0438\u043b\u0438 \u0441\u0432\u043e\u0438\u0445 \u0434\u0440\u0443\u0437\u0435\u0439 \u0441\u0447\u0430\u0441\u0442\u043b\u0438\u0432\u044b\u043c\u0438 \u0441 \u043d\u0430\u0448\u0438\u043c \u043e\u0440\u0438\u0433\u0438\u043d\u0430\u043b\u044c\u043d\u044b\u043c \u043f\u043e\u0434\u0430\u0440\u043a\u043e\u043c! \u0410\u0432\u0438\u0430\u0446\u0438\u043e\u043d\u043d\u044b\u0435 \u0441\u0443\u0432\u0435\u043d\u0438\u0440\u044b \u0438\u0437\u0433\u043e\u0442\u043e\u0432\u043b\u0435\u043d\u044b \u0438\u0437 \u043a\u0430\u0447\u0435\u0441\u0442\u0432\u0435\u043d\u043d\u044b\u0445 \u043c\u0430\u0442\u0435\u0440\u0438\u0430\u043b\u043e\u0432 \u0438 \u0431\u0443\u0434\u0443\u0442 \u0440\u0430\u0434\u043e\u0432\u0430\u0442\u044c \u0412\u0430\u0441 \u0438 \u0412\u0430\u0448\u0438\u0445 \u0431\u043b\u0438\u0437\u043a\u0438\u0445!<\/p>\n<p>\u0421\u0443\u0432\u0435\u043d\u0438\u0440\u044b \u043c\u043e\u0436\u043d\u043e \u043f\u0440\u0435\u043e\u0431\u0440\u0435\u0441\u0442\u0438 \u043a\u0430\u043a \u0432\u043c\u0435\u0441\u0442\u0435 \u0441 \u043f\u043e\u043b\u0435\u0442\u043e\u043c, \u0442\u0430\u043a \u0438 \u043e\u0442\u0434\u0435\u043b\u044c\u043d\u043e. \u041c\u044b \u043e\u0442\u043f\u0440\u0430\u0432\u0438\u043c \u0412\u0430\u043c \u0438\u0445 \u043f\u043e \u043f\u043e\u0447\u0442\u0435 \u0438\u043b\u0438 \u043f\u0435\u0440\u0435\u0434\u0430\u0434\u0438\u043c \u043b\u0438\u0447\u043d\u043e \u0432 \u0440\u0443\u043a\u0438 \u043d\u0435\u043f\u043e\u0441\u0440\u0435\u0434\u0441\u0442\u0432\u0435\u043d\u043d\u043e \u043f\u0435\u0440\u0435\u0434 \u043f\u043e\u043b\u0435\u0442\u043e\u043c.<\/p>\n<p>                119,- CZK<br \/>\n                                            <a href=\"https:\/\/blueskyadventures.cz\/ru\/productoo\/visacka-pilot\/\" target=\"_self\" title=\"\u0411\u0440\u0435\u043b\u043e\u043a \u0434\u043b\u044f \u043f\u0438\u043b\u043e\u0442\u043e\u0432\"><br \/>\n                <img decoding=\"async\" src=\"https:\/\/blueskyadventures.cz\/assets\/uploads\/sites\/536\/2017\/07\/visacka_300x300.jpg\" alt=\"\" \/><br \/>\n                <\/a><\/p>\n<h3>\n                 <a href=\"https:\/\/blueskyadventures.cz\/ru\/productoo\/visacka-pilot\/\" title=\"\u0411\u0440\u0435\u043b\u043e\u043a \u0434\u043b\u044f \u043f\u0438\u043b\u043e\u0442\u043e\u0432\">\u0411\u0440\u0435\u043b\u043e\u043a \u0434\u043b\u044f \u043f\u0438\u043b\u043e\u0442\u043e\u0432<\/a><br \/>\n            <\/h3>\n<p>                150,- CZK<br \/>\n                                            <a href=\"\/?p=5677\" target=\"_self\" title=\"\u0411\u0440\u0435\u043b\u043e\u043a \u0421\u0410\u041c\u041e\u041b\u0401\u0422\"><br \/>\n                <img decoding=\"async\" src=\"https:\/\/blueskyadventures.cz\/assets\/uploads\/sites\/536\/2017\/07\/key-holder_300x300.jpg\" alt=\"\" \/><br \/>\n                <\/a><\/p>\n<h3>\n                 <a href=\"\/?p=5677\" title=\"\u0411\u0440\u0435\u043b\u043e\u043a \u0421\u0410\u041c\u041e\u041b\u0401\u0422\">\u0411\u0440\u0435\u043b\u043e\u043a \u0421\u0410\u041c\u041e\u041b\u0401\u0422<\/a><br \/>\n            <\/h3>\n<p>                550,- CZK<br \/>\n                                            <a href=\"https:\/\/blueskyadventures.cz\/ru\/productoo\/ksiltovka-pilot\/\" target=\"_self\" title=\"\u041a\u0435\u043f\u043a\u0430 PILOT\"><br \/>\n                <img decoding=\"async\" src=\"https:\/\/blueskyadventures.cz\/assets\/uploads\/sites\/536\/2017\/07\/baseball-cap_300x300.jpg\" alt=\"\" \/><br \/>\n                <\/a><\/p>\n<h3>\n                 <a href=\"https:\/\/blueskyadventures.cz\/ru\/productoo\/ksiltovka-pilot\/\" title=\"\u041a\u0435\u043f\u043a\u0430 PILOT\">\u041a\u0435\u043f\u043a\u0430 PILOT<\/a><br \/>\n            <\/h3>\n<p>                550,- CZK<br \/>\n                                            <a href=\"https:\/\/blueskyadventures.cz\/ru\/productoo\/tricko-pilot-panske\/\" target=\"_self\" title=\"\u0424\u0443\u0442\u0431\u043e\u043b\u043a\u0430 PILOT \u043c\u0443\u0436\u0441\u043a\u0430\u044f\"><br \/>\n                <img decoding=\"async\" src=\"https:\/\/blueskyadventures.cz\/assets\/uploads\/sites\/536\/2017\/09\/t-shirt_m_300x300.jpg\" alt=\"\" \/><br \/>\n                <\/a><\/p>\n<h3>\n                 <a href=\"https:\/\/blueskyadventures.cz\/ru\/productoo\/tricko-pilot-panske\/\" title=\"\u0424\u0443\u0442\u0431\u043e\u043b\u043a\u0430 PILOT \u043c\u0443\u0436\u0441\u043a\u0430\u044f\">\u0424\u0443\u0442\u0431\u043e\u043b\u043a\u0430 PILOT \u043c\u0443\u0436\u0441\u043a\u0430\u044f<\/a><br \/>\n            <\/h3>\n<p>                1 250,- CZK<br \/>\n                                            <a href=\"https:\/\/blueskyadventures.cz\/ru\/productoo\/polokosile-pilot-panska\/\" target=\"_self\" title=\"\u041f\u043e\u043b\u043e PILOT \u043c\u0443\u0436\u0441\u043a\u043e\u0435\"><br \/>\n                <img decoding=\"async\" src=\"https:\/\/blueskyadventures.cz\/assets\/uploads\/sites\/536\/2017\/09\/polo-t-shirt_m_300x300.jpg\" alt=\"\" \/><br \/>\n                <\/a><\/p>\n<h3>\n                 <a href=\"https:\/\/blueskyadventures.cz\/ru\/productoo\/polokosile-pilot-panska\/\" title=\"\u041f\u043e\u043b\u043e PILOT \u043c\u0443\u0436\u0441\u043a\u043e\u0435\">\u041f\u043e\u043b\u043e PILOT \u043c\u0443\u0436\u0441\u043a\u043e\u0435<\/a><br \/>\n            <\/h3>\n<p>                1 250,- CZK<br \/>\n                                            <a href=\"https:\/\/blueskyadventures.cz\/ru\/productoo\/polokosile-pilot-damska\/\" target=\"_self\" title=\"\u041f\u043e\u043b\u043e PILOT \u0436\u0435\u043d\u0441\u043a\u043e\u0435\"><br \/>\n                <img decoding=\"async\" src=\"https:\/\/blueskyadventures.cz\/assets\/uploads\/sites\/536\/2017\/09\/polo-t-shirt_w_300x300.jpg\" alt=\"\" \/><br \/>\n                <\/a><\/p>\n<h3>\n                 <a href=\"https:\/\/blueskyadventures.cz\/ru\/productoo\/polokosile-pilot-damska\/\" title=\"\u041f\u043e\u043b\u043e PILOT \u0436\u0435\u043d\u0441\u043a\u043e\u0435\">\u041f\u043e\u043b\u043e PILOT \u0436\u0435\u043d\u0441\u043a\u043e\u0435<\/a><br \/>\n            <\/h3>\n<p>                550,- CZK<br \/>\n                                            <a href=\"https:\/\/blueskyadventures.cz\/ru\/productoo\/tricko-pilot-damske-2\/\" target=\"_self\" title=\"\u0424\u0443\u0442\u0431\u043e\u043b\u043a\u0430 PILOT \u0436\u0435\u043d\u0441\u043a\u0430\u044f\"><br \/>\n                <img decoding=\"async\" src=\"https:\/\/blueskyadventures.cz\/assets\/uploads\/sites\/536\/2017\/07\/t-shirt_w_300x300.jpg\" alt=\"\" \/><br \/>\n                <\/a><\/p>\n<h3>\n                 <a href=\"https:\/\/blueskyadventures.cz\/ru\/productoo\/tricko-pilot-damske-2\/\" title=\"\u0424\u0443\u0442\u0431\u043e\u043b\u043a\u0430 PILOT \u0436\u0435\u043d\u0441\u043a\u0430\u044f\">\u0424\u0443\u0442\u0431\u043e\u043b\u043a\u0430 PILOT \u0436\u0435\u043d\u0441\u043a\u0430\u044f<\/a><br \/>\n            <\/h3>\n<p>                550,- CZK<br \/>\n                                            <a href=\"https:\/\/blueskyadventures.cz\/ru\/productoo\/tricko-sopwith-panske\/\" target=\"_self\" title=\"\u0424\u0443\u0442\u0431\u043e\u043b\u043a\u0430 SOPWITH\"><br \/>\n                <img decoding=\"async\" src=\"https:\/\/blueskyadventures.cz\/assets\/uploads\/sites\/536\/2017\/10\/1_300x300.jpg\" alt=\"\" \/><br \/>\n                <\/a><\/p>\n<h3>\n                 <a href=\"https:\/\/blueskyadventures.cz\/ru\/productoo\/tricko-sopwith-panske\/\" title=\"\u0424\u0443\u0442\u0431\u043e\u043b\u043a\u0430 SOPWITH\">\u0424\u0443\u0442\u0431\u043e\u043b\u043a\u0430 SOPWITH<\/a><br \/>\n            <\/h3>\n<p>                1 250,- CZK<br \/>\n                                            <a href=\"https:\/\/blueskyadventures.cz\/ru\/productoo\/polokosile-piper-pa-38\/\" target=\"_self\" title=\"\u041f\u043e\u043b\u043e PIPER PA-38\"><br \/>\n                <img decoding=\"async\" src=\"https:\/\/blueskyadventures.cz\/assets\/uploads\/sites\/536\/2017\/10\/1_300x300-1.jpg\" alt=\"\" \/><br \/>\n                <\/a><\/p>\n<h3>\n                 <a href=\"https:\/\/blueskyadventures.cz\/ru\/productoo\/polokosile-piper-pa-38\/\" title=\"\u041f\u043e\u043b\u043e PIPER PA-38\">\u041f\u043e\u043b\u043e PIPER PA-38<\/a><br \/>\n            <\/h3>\n<p>                1 990,- CZK<br \/>\n                                            <a href=\"https:\/\/blueskyadventures.cz\/ru\/productoo\/mikina-beechcraft-18\/\" target=\"_self\" title=\"\u0422\u043e\u043b\u0441\u0442\u043e\u0432\u043a\u0430 BEECHCRAFT-18\"><br \/>\n                <img decoding=\"async\" src=\"https:\/\/blueskyadventures.cz\/assets\/uploads\/sites\/536\/2017\/10\/1_300x300-4.jpg\" alt=\"\" \/><br \/>\n                <\/a><\/p>\n<h3>\n                 <a href=\"https:\/\/blueskyadventures.cz\/ru\/productoo\/mikina-beechcraft-18\/\" title=\"\u0422\u043e\u043b\u0441\u0442\u043e\u0432\u043a\u0430 BEECHCRAFT-18\">\u0422\u043e\u043b\u0441\u0442\u043e\u0432\u043a\u0430 BEECHCRAFT-18<\/a><br \/>\n            <\/h3>\n<p>                1 250,- CZK<br \/>\n                                            <a href=\"https:\/\/blueskyadventures.cz\/ru\/productoo\/polokosile-stearman-pt-17\/\" target=\"_self\" title=\"\u041f\u043e\u043b\u043e STEARMAN PT-17\"><br \/>\n                <img decoding=\"async\" src=\"https:\/\/blueskyadventures.cz\/assets\/uploads\/sites\/536\/2017\/10\/1_300x300-2.jpg\" alt=\"\" \/><br \/>\n                <\/a><\/p>\n<h3>\n                 <a href=\"https:\/\/blueskyadventures.cz\/ru\/productoo\/polokosile-stearman-pt-17\/\" title=\"\u041f\u043e\u043b\u043e STEARMAN PT-17\">\u041f\u043e\u043b\u043e STEARMAN PT-17<\/a><br \/>\n            <\/h3>\n<p>                1 250,- CZK<br \/>\n                                            <a href=\"https:\/\/blueskyadventures.cz\/ru\/productoo\/polokosile-ford-5-at\/\" target=\"_self\" title=\"\u041f\u043e\u043b\u043e FORD 5-AT\"><br \/>\n                <img decoding=\"async\" src=\"https:\/\/blueskyadventures.cz\/assets\/uploads\/sites\/536\/2017\/10\/1_300x300-3.jpg\" alt=\"\" \/><br \/>\n                <\/a><\/p>\n<h3>\n                 <a href=\"https:\/\/blueskyadventures.cz\/ru\/productoo\/polokosile-ford-5-at\/\" title=\"\u041f\u043e\u043b\u043e FORD 5-AT\">\u041f\u043e\u043b\u043e FORD 5-AT<\/a><br \/>\n            <\/h3>\n","protected":false},"excerpt":{"rendered":"<p>\u0410\u0412\u0418\u0410\u0426\u0418\u041e\u041d\u041d\u042b\u0415 \u0421\u0423\u0412\u0415\u041d\u0418\u0420\u042b \u0421\u0434\u0435\u043b\u0430\u0439\u0442\u0435 \u0441\u0435\u0431\u044f \u0438\u043b\u0438 \u0441\u0432\u043e\u0438\u0445 \u0434\u0440\u0443\u0437\u0435\u0439 \u0441\u0447\u0430\u0441\u0442\u043b\u0438\u0432\u044b\u043c\u0438 \u0441 \u043d\u0430\u0448\u0438\u043c \u043e\u0440\u0438\u0433\u0438\u043d\u0430\u043b\u044c\u043d\u044b\u043c \u043f\u043e\u0434\u0430\u0440\u043a\u043e\u043c! \u0410\u0432\u0438\u0430\u0446\u0438\u043e\u043d\u043d\u044b\u0435 \u0441\u0443\u0432\u0435\u043d\u0438\u0440\u044b \u0438\u0437\u0433\u043e\u0442\u043e\u0432\u043b\u0435\u043d\u044b \u0438\u0437 \u043a\u0430\u0447\u0435\u0441\u0442\u0432\u0435\u043d\u043d\u044b\u0445 \u043c\u0430\u0442\u0435\u0440\u0438\u0430\u043b\u043e\u0432 \u0438 \u0431\u0443\u0434\u0443\u0442 \u0440\u0430\u0434\u043e\u0432\u0430\u0442\u044c \u0412\u0430\u0441 \u0438 \u0412\u0430\u0448\u0438\u0445 \u0431\u043b\u0438\u0437\u043a\u0438\u0445! \u0421\u0443\u0432\u0435\u043d\u0438\u0440\u044b \u043c\u043e\u0436\u043d\u043e \u043f\u0440\u0435\u043e\u0431\u0440\u0435\u0441\u0442\u0438 \u043a\u0430\u043a \u0432\u043c\u0435\u0441\u0442\u0435 \u0441 \u043f\u043e\u043b\u0435\u0442\u043e\u043c, \u0442\u0430\u043a \u0438 \u043e\u0442\u0434\u0435\u043b\u044c\u043d\u043e. \u041c\u044b \u043e\u0442\u043f\u0440\u0430\u0432\u0438\u043c \u0412\u0430\u043c \u0438\u0445 \u043f\u043e \u043f\u043e\u0447\u0442\u0435 \u0438\u043b\u0438 \u043f\u0435\u0440\u0435\u0434\u0430\u0434\u0438\u043c \u043b\u0438\u0447\u043d\u043e \u0432 \u0440\u0443\u043a\u0438 \u043d\u0435\u043f\u043e\u0441\u0440\u0435\u0434\u0441\u0442\u0432\u0435\u043d\u043d\u043e \u043f\u0435\u0440\u0435\u0434 \u043f\u043e\u043b\u0435\u0442\u043e\u043c. 119,- CZK \u0411\u0440\u0435\u043b\u043e\u043a \u0434\u043b\u044f \u043f\u0438\u043b\u043e\u0442\u043e\u0432 150,-&hellip;<\/p>\n","protected":false},"author":1,"featured_media":0,"parent":0,"menu_order":0,"comment_status":"closed","ping_status":"closed","template":"","meta":{"footnotes":""},"class_list":["post-5762","page","type-page","status-publish","hentry"],"yoast_head":"<title>Leteck\u00e9 d\u00e1rky - BlueSkyAdventures<\/title>\n<meta name=\"robots\" content=\"index, follow, max-snippet:-1, max-image-preview:large, max-video-preview:-1\" \/>\n<link rel=\"canonical\" href=\"http:\/\/blueskyadventures.cz\/ru\/letecke-darky\/\" \/>\n<meta property=\"og:locale\" content=\"ru_RU\" \/>\n<meta property=\"og:type\" content=\"article\" \/>\n<meta property=\"og:title\" content=\"Leteck\u00e9 d\u00e1rky - BlueSkyAdventures\" \/>\n<meta property=\"og:description\" content=\"\u0410\u0412\u0418\u0410\u0426\u0418\u041e\u041d\u041d\u042b\u0415 \u0421\u0423\u0412\u0415\u041d\u0418\u0420\u042b \u0421\u0434\u0435\u043b\u0430\u0439\u0442\u0435 \u0441\u0435\u0431\u044f \u0438\u043b\u0438 \u0441\u0432\u043e\u0438\u0445 \u0434\u0440\u0443\u0437\u0435\u0439 \u0441\u0447\u0430\u0441\u0442\u043b\u0438\u0432\u044b\u043c\u0438 \u0441 \u043d\u0430\u0448\u0438\u043c \u043e\u0440\u0438\u0433\u0438\u043d\u0430\u043b\u044c\u043d\u044b\u043c \u043f\u043e\u0434\u0430\u0440\u043a\u043e\u043c! \u0410\u0432\u0438\u0430\u0446\u0438\u043e\u043d\u043d\u044b\u0435 \u0441\u0443\u0432\u0435\u043d\u0438\u0440\u044b \u0438\u0437\u0433\u043e\u0442\u043e\u0432\u043b\u0435\u043d\u044b \u0438\u0437 \u043a\u0430\u0447\u0435\u0441\u0442\u0432\u0435\u043d\u043d\u044b\u0445 \u043c\u0430\u0442\u0435\u0440\u0438\u0430\u043b\u043e\u0432 \u0438 \u0431\u0443\u0434\u0443\u0442 \u0440\u0430\u0434\u043e\u0432\u0430\u0442\u044c \u0412\u0430\u0441 \u0438 \u0412\u0430\u0448\u0438\u0445 \u0431\u043b\u0438\u0437\u043a\u0438\u0445! \u0421\u0443\u0432\u0435\u043d\u0438\u0440\u044b \u043c\u043e\u0436\u043d\u043e \u043f\u0440\u0435\u043e\u0431\u0440\u0435\u0441\u0442\u0438 \u043a\u0430\u043a \u0432\u043c\u0435\u0441\u0442\u0435 \u0441 \u043f\u043e\u043b\u0435\u0442\u043e\u043c, \u0442\u0430\u043a \u0438 \u043e\u0442\u0434\u0435\u043b\u044c\u043d\u043e. \u041c\u044b \u043e\u0442\u043f\u0440\u0430\u0432\u0438\u043c \u0412\u0430\u043c \u0438\u0445 \u043f\u043e \u043f\u043e\u0447\u0442\u0435 \u0438\u043b\u0438 \u043f\u0435\u0440\u0435\u0434\u0430\u0434\u0438\u043c \u043b\u0438\u0447\u043d\u043e \u0432 \u0440\u0443\u043a\u0438 \u043d\u0435\u043f\u043e\u0441\u0440\u0435\u0434\u0441\u0442\u0432\u0435\u043d\u043d\u043e \u043f\u0435\u0440\u0435\u0434 \u043f\u043e\u043b\u0435\u0442\u043e\u043c. 119,- CZK \u0411\u0440\u0435\u043b\u043e\u043a \u0434\u043b\u044f \u043f\u0438\u043b\u043e\u0442\u043e\u0432 150,-&hellip;\" \/>\n<meta property=\"og:url\" content=\"http:\/\/blueskyadventures.cz\/ru\/letecke-darky\/\" \/>\n<meta property=\"og:site_name\" content=\"BlueSkyAdventures\" \/>\n<meta property=\"article:modified_time\" content=\"2017-12-22T10:56:39+00:00\" \/>\n<meta property=\"og:image\" content=\"https:\/\/blueskyadventures.cz\/assets\/uploads\/sites\/536\/2017\/07\/visacka_300x300.jpg\" \/>\n<meta name=\"twitter:card\" content=\"summary_large_image\" \/>\n<script type=\"application\/ld+json\" class=\"yoast-schema-graph\">{\"@context\":\"https:\/\/schema.org\",\"@graph\":[{\"@type\":\"WebPage\",\"@id\":\"http:\/\/blueskyadventures.cz\/ru\/letecke-darky\/\",\"url\":\"http:\/\/blueskyadventures.cz\/ru\/letecke-darky\/\",\"name\":\"Leteck\u00e9 d\u00e1rky - BlueSkyAdventures\",\"isPartOf\":{\"@id\":\"https:\/\/blueskyadventures.cz\/ru\/#website\"},\"datePublished\":\"2017-06-07T11:40:51+00:00\",\"dateModified\":\"2017-12-22T10:56:39+00:00\",\"breadcrumb\":{\"@id\":\"http:\/\/blueskyadventures.cz\/ru\/letecke-darky\/#breadcrumb\"},\"inLanguage\":\"ru-RU\",\"potentialAction\":[{\"@type\":\"ReadAction\",\"target\":[\"http:\/\/blueskyadventures.cz\/ru\/letecke-darky\/\"]}]},{\"@type\":\"BreadcrumbList\",\"@id\":\"http:\/\/blueskyadventures.cz\/ru\/letecke-darky\/#breadcrumb\",\"itemListElement\":[{\"@type\":\"ListItem\",\"position\":1,\"name\":\"\u0413\u043b\u0430\u0432\u043d\u0430\u044f \u0441\u0442\u0440\u0430\u043d\u0438\u0446\u0430\",\"item\":\"https:\/\/blueskyadventures.cz\/ru\/\"},{\"@type\":\"ListItem\",\"position\":2,\"name\":\"Leteck\u00e9 d\u00e1rky\"}]},{\"@type\":\"WebSite\",\"@id\":\"https:\/\/blueskyadventures.cz\/ru\/#website\",\"url\":\"https:\/\/blueskyadventures.cz\/ru\/\",\"name\":\"BlueSkyAdventures\",\"description\":\"Nejkr\u00e1sn\u011bj\u0161\u00ed vyhl\u00eddkov\u00e9 lety a leteck\u00e9 z\u00e1\u017eitky v \u010cech\u00e1ch\",\"potentialAction\":[{\"@type\":\"SearchAction\",\"target\":{\"@type\":\"EntryPoint\",\"urlTemplate\":\"https:\/\/blueskyadventures.cz\/ru\/?s={search_term_string}\"},\"query-input\":\"required name=search_term_string\"}],\"inLanguage\":\"ru-RU\"}]}<\/script>","yoast_head_json":{"title":"Leteck\u00e9 d\u00e1rky - BlueSkyAdventures","robots":{"index":"index","follow":"follow","max-snippet":"max-snippet:-1","max-image-preview":"max-image-preview:large","max-video-preview":"max-video-preview:-1"},"canonical":"http:\/\/blueskyadventures.cz\/ru\/letecke-darky\/","og_locale":"ru_RU","og_type":"article","og_title":"Leteck\u00e9 d\u00e1rky - BlueSkyAdventures","og_description":"\u0410\u0412\u0418\u0410\u0426\u0418\u041e\u041d\u041d\u042b\u0415 \u0421\u0423\u0412\u0415\u041d\u0418\u0420\u042b \u0421\u0434\u0435\u043b\u0430\u0439\u0442\u0435 \u0441\u0435\u0431\u044f \u0438\u043b\u0438 \u0441\u0432\u043e\u0438\u0445 \u0434\u0440\u0443\u0437\u0435\u0439 \u0441\u0447\u0430\u0441\u0442\u043b\u0438\u0432\u044b\u043c\u0438 \u0441 \u043d\u0430\u0448\u0438\u043c \u043e\u0440\u0438\u0433\u0438\u043d\u0430\u043b\u044c\u043d\u044b\u043c \u043f\u043e\u0434\u0430\u0440\u043a\u043e\u043c! \u0410\u0432\u0438\u0430\u0446\u0438\u043e\u043d\u043d\u044b\u0435 \u0441\u0443\u0432\u0435\u043d\u0438\u0440\u044b \u0438\u0437\u0433\u043e\u0442\u043e\u0432\u043b\u0435\u043d\u044b \u0438\u0437 \u043a\u0430\u0447\u0435\u0441\u0442\u0432\u0435\u043d\u043d\u044b\u0445 \u043c\u0430\u0442\u0435\u0440\u0438\u0430\u043b\u043e\u0432 \u0438 \u0431\u0443\u0434\u0443\u0442 \u0440\u0430\u0434\u043e\u0432\u0430\u0442\u044c \u0412\u0430\u0441 \u0438 \u0412\u0430\u0448\u0438\u0445 \u0431\u043b\u0438\u0437\u043a\u0438\u0445! \u0421\u0443\u0432\u0435\u043d\u0438\u0440\u044b \u043c\u043e\u0436\u043d\u043e \u043f\u0440\u0435\u043e\u0431\u0440\u0435\u0441\u0442\u0438 \u043a\u0430\u043a \u0432\u043c\u0435\u0441\u0442\u0435 \u0441 \u043f\u043e\u043b\u0435\u0442\u043e\u043c, \u0442\u0430\u043a \u0438 \u043e\u0442\u0434\u0435\u043b\u044c\u043d\u043e. \u041c\u044b \u043e\u0442\u043f\u0440\u0430\u0432\u0438\u043c \u0412\u0430\u043c \u0438\u0445 \u043f\u043e \u043f\u043e\u0447\u0442\u0435 \u0438\u043b\u0438 \u043f\u0435\u0440\u0435\u0434\u0430\u0434\u0438\u043c \u043b\u0438\u0447\u043d\u043e \u0432 \u0440\u0443\u043a\u0438 \u043d\u0435\u043f\u043e\u0441\u0440\u0435\u0434\u0441\u0442\u0432\u0435\u043d\u043d\u043e \u043f\u0435\u0440\u0435\u0434 \u043f\u043e\u043b\u0435\u0442\u043e\u043c. 119,- CZK \u0411\u0440\u0435\u043b\u043e\u043a \u0434\u043b\u044f \u043f\u0438\u043b\u043e\u0442\u043e\u0432 150,-&hellip;","og_url":"http:\/\/blueskyadventures.cz\/ru\/letecke-darky\/","og_site_name":"BlueSkyAdventures","article_modified_time":"2017-12-22T10:56:39+00:00","og_image":[{"url":"https:\/\/blueskyadventures.cz\/assets\/uploads\/sites\/536\/2017\/07\/visacka_300x300.jpg"}],"twitter_card":"summary_large_image","schema":{"@context":"https:\/\/schema.org","@graph":[{"@type":"WebPage","@id":"http:\/\/blueskyadventures.cz\/ru\/letecke-darky\/","url":"http:\/\/blueskyadventures.cz\/ru\/letecke-darky\/","name":"Leteck\u00e9 d\u00e1rky - BlueSkyAdventures","isPartOf":{"@id":"https:\/\/blueskyadventures.cz\/ru\/#website"},"datePublished":"2017-06-07T11:40:51+00:00","dateModified":"2017-12-22T10:56:39+00:00","breadcrumb":{"@id":"http:\/\/blueskyadventures.cz\/ru\/letecke-darky\/#breadcrumb"},"inLanguage":"ru-RU","potentialAction":[{"@type":"ReadAction","target":["http:\/\/blueskyadventures.cz\/ru\/letecke-darky\/"]}]},{"@type":"BreadcrumbList","@id":"http:\/\/blueskyadventures.cz\/ru\/letecke-darky\/#breadcrumb","itemListElement":[{"@type":"ListItem","position":1,"name":"\u0413\u043b\u0430\u0432\u043d\u0430\u044f \u0441\u0442\u0440\u0430\u043d\u0438\u0446\u0430","item":"https:\/\/blueskyadventures.cz\/ru\/"},{"@type":"ListItem","position":2,"name":"Leteck\u00e9 d\u00e1rky"}]},{"@type":"WebSite","@id":"https:\/\/blueskyadventures.cz\/ru\/#website","url":"https:\/\/blueskyadventures.cz\/ru\/","name":"BlueSkyAdventures","description":"Nejkr\u00e1sn\u011bj\u0161\u00ed vyhl\u00eddkov\u00e9 lety a leteck\u00e9 z\u00e1\u017eitky v \u010cech\u00e1ch","potentialAction":[{"@type":"SearchAction","target":{"@type":"EntryPoint","urlTemplate":"https:\/\/blueskyadventures.cz\/ru\/?s={search_term_string}"},"query-input":"required name=search_term_string"}],"inLanguage":"ru-RU"}]}},"_links":{"self":[{"href":"https:\/\/blueskyadventures.cz\/ru\/wp-json\/wp\/v2\/pages\/5762","targetHints":{"allow":["GET"]}}],"collection":[{"href":"https:\/\/blueskyadventures.cz\/ru\/wp-json\/wp\/v2\/pages"}],"about":[{"href":"https:\/\/blueskyadventures.cz\/ru\/wp-json\/wp\/v2\/types\/page"}],"author":[{"embeddable":true,"href":"https:\/\/blueskyadventures.cz\/ru\/wp-json\/wp\/v2\/users\/1"}],"replies":[{"embeddable":true,"href":"https:\/\/blueskyadventures.cz\/ru\/wp-json\/wp\/v2\/comments?post=5762"}],"version-history":[{"count":4,"href":"https:\/\/blueskyadventures.cz\/ru\/wp-json\/wp\/v2\/pages\/5762\/revisions"}],"predecessor-version":[{"id":5934,"href":"https:\/\/blueskyadventures.cz\/ru\/wp-json\/wp\/v2\/pages\/5762\/revisions\/5934"}],"wp:attachment":[{"href":"https:\/\/blueskyadventures.cz\/ru\/wp-json\/wp\/v2\/media?parent=5762"}],"curies":[{"name":"wp","href":"https:\/\/api.w.org\/{rel}","templated":true}]}}