{"id":5652,"date":"2017-09-21T14:21:17","date_gmt":"2017-09-21T12:21:17","guid":{"rendered":"https:\/\/blueskyadventures.cz\/product\/tricko-pilot-damske-2\/"},"modified":"2024-10-24T13:42:21","modified_gmt":"2024-10-24T11:42:21","slug":"tricko-pilot-damske-2","status":"publish","type":"product","link":"https:\/\/blueskyadventures.cz\/ru\/productoo\/tricko-pilot-damske-2\/","title":{"rendered":"\u0424\u0443\u0442\u0431\u043e\u043b\u043a\u0430 PILOT \u0436\u0435\u043d\u0441\u043a\u0430\u044f"},"content":{"rendered":"<p>\u041d\u0435\u0432\u0430\u0436\u043d\u043e, \u0443\u043f\u0440\u0430\u0432\u043b\u044f\u0435\u0442\u0435 \u043b\u0438 \u0432\u044b \u0442\u0440\u0430\u043d\u0441\u043f\u043e\u0440\u0442\u043d\u044b\u043c\u00a0 \u0432\u043e\u0437\u0434\u0443\u0448\u043d\u044b\u043c \u0441\u0443\u0434\u043d\u043e\u043c \u0438\u043b\u0438 \u0441\u043f\u043e\u0440\u0442\u0438\u0432\u043d\u044b\u043c \u0441\u0430\u043c\u043e\u043b\u0451\u0442\u043e\u043c, \u0435\u0433\u043e \u043c\u043e\u0434\u0435\u043b\u044c\u044e \u0438\u043b\u0438 \u0441\u0438\u043c\u0443\u043b\u044f\u0442\u043e\u0440\u043e\u043c. \u0410\u0432\u0438\u0430\u0446\u0438\u044f \u0437\u0430\u043d\u0438\u043c\u0430\u0435\u0442 \u043d\u0435 \u043f\u043e\u0441\u043b\u0435\u0434\u043d\u0435\u0435 \u043c\u0435\u0441\u0442\u043e \u0432 \u0432\u0430\u0448\u0435\u043c \u0441\u0435\u0440\u0434\u0446\u0435.<\/p>\n<p>\u0414\u0430\u043d\u043d\u044b\u0439 \u043f\u0440\u043e\u0434\u0443\u043a\u0442 \u043f\u0440\u0435\u0434\u043e\u0441\u0442\u0430\u0432\u043b\u044f\u0435\u0442\u0441\u044f \u0432 \u043f\u043e\u0434\u0430\u0440\u043e\u0447\u043d\u043e\u0439 \u0443\u043f\u0430\u043a\u043e\u0432\u043a\u0435.<\/p>\n<p><strong>\u0421\u043f\u0435\u0446\u0438\u0444\u0438\u043a\u0430\u0446\u0438\u044f:<\/strong><\/p>\n<ul>\n<li>200 \u0433\/\u043c, 100 % \u0445\u043b\u043e\u043f\u043e\u043a, Single Jersey, \u0441\u0438\u043b\u0438\u043a\u043e\u043d\u043e\u0432\u0430\u044f \u043e\u0431\u0440\u0430\u0431\u043e\u0442\u043a\u0430.<\/li>\n<li>\u0424\u0443\u0442\u0431\u043e\u043b\u043a\u0430 Unisex \u0441 \u043a\u043e\u0440\u043e\u0442\u043a\u0438\u043c \u0434\u0438\u0437\u0430\u0439\u043d\u043e\u043c \u0440\u0443\u043a\u0430\u0432\u0430 \u0438\u0437\u0433\u043e\u0442\u043e\u0432\u043b\u0435\u043d\u0430 \u0438\u0437 \u0445\u043b\u043e\u043f\u043a\u043e\u0432\u043e\u0433\u043e \u043c\u0430\u0442\u0435\u0440\u0438\u0430\u043b\u0430, \u043a\u043e\u0442\u043e\u0440\u044b\u0439 \u0431\u0435\u0437\u043e\u043f\u0430\u0441\u043d\u043e \u043e\u0442\u0432\u043e\u0434\u0438\u0442 \u043f\u043e\u0442 \u0438 \u043a\u0440\u0430\u0439\u043d\u0435 \u0443\u0434\u043e\u0431\u0435\u043d \u043d\u0430 \u0442\u0435\u043b\u0435.<\/li>\n<\/ul>\n<p><strong>\u041f\u0440\u043e\u0438\u0437\u0432\u043e\u0434\u0438\u0442\u0435\u043b\u044c: <\/strong><br \/>Antonio<\/p>\n","protected":false},"excerpt":{"rendered":"<p>\u041d\u0435\u0432\u0430\u0436\u043d\u043e, \u0443\u043f\u0440\u0430\u0432\u043b\u044f\u0435\u0442\u0435 \u043b\u0438 \u0432\u044b \u0442\u0440\u0430\u043d\u0441\u043f\u043e\u0440\u0442\u043d\u044b\u043c\u00a0 \u0432\u043e\u0437\u0434\u0443\u0448\u043d\u044b\u043c \u0441\u0443\u0434\u043d\u043e\u043c \u0438\u043b\u0438 \u0441\u043f\u043e\u0440\u0442\u0438\u0432\u043d\u044b\u043c \u0441\u0430\u043c\u043e\u043b\u0451\u0442\u043e\u043c, \u0435\u0433\u043e \u043c\u043e\u0434\u0435\u043b\u044c\u044e \u0438\u043b\u0438 \u0441\u0438\u043c\u0443\u043b\u044f\u0442\u043e\u0440\u043e\u043c. \u0410\u0432\u0438\u0430\u0446\u0438\u044f \u0437\u0430\u043d\u0438\u043c\u0430\u0435\u0442 \u043d\u0435 \u043f\u043e\u0441\u043b\u0435\u0434\u043d\u0435\u0435 \u043c\u0435\u0441\u0442\u043e \u0432 \u0432\u0430\u0448\u0435\u043c \u0441\u0435\u0440\u0434\u0446\u0435. \u0414\u0430\u043d\u043d\u044b\u0439 \u043f\u0440\u043e\u0434\u0443\u043a\u0442 \u043f\u0440\u0435\u0434\u043e\u0441\u0442\u0430\u0432\u043b\u044f\u0435\u0442\u0441\u044f \u0432 \u043f\u043e\u0434\u0430\u0440\u043e\u0447\u043d\u043e\u0439 \u0443\u043f\u0430\u043a\u043e\u0432\u043a\u0435. \u0421\u043f\u0435\u0446\u0438\u0444\u0438\u043a\u0430\u0446\u0438\u044f: 200 \u0433\/\u043c, 100 % \u0445\u043b\u043e\u043f\u043e\u043a, Single Jersey, \u0441\u0438\u043b\u0438\u043a\u043e\u043d\u043e\u0432\u0430\u044f \u043e\u0431\u0440\u0430\u0431\u043e\u0442\u043a\u0430. \u0424\u0443\u0442\u0431\u043e\u043b\u043a\u0430 Unisex \u0441 \u043a\u043e\u0440\u043e\u0442\u043a\u0438\u043c \u0434\u0438\u0437\u0430\u0439\u043d\u043e\u043c \u0440\u0443\u043a\u0430\u0432\u0430 \u0438\u0437\u0433\u043e\u0442\u043e\u0432\u043b\u0435\u043d\u0430 \u0438\u0437 \u0445\u043b\u043e\u043f\u043a\u043e\u0432\u043e\u0433\u043e \u043c\u0430\u0442\u0435\u0440\u0438\u0430\u043b\u0430, \u043a\u043e\u0442\u043e\u0440\u044b\u0439 \u0431\u0435\u0437\u043e\u043f\u0430\u0441\u043d\u043e \u043e\u0442\u0432\u043e\u0434\u0438\u0442 \u043f\u043e\u0442 \u0438 \u043a\u0440\u0430\u0439\u043d\u0435 \u0443\u0434\u043e\u0431\u0435\u043d&hellip;<\/p>\n","protected":false},"featured_media":4412,"comment_status":"open","ping_status":"closed","template":"","meta":[],"product_brand":[],"product_cat":[65],"product_tag":[],"class_list":{"0":"post-5652","1":"product","2":"type-product","3":"status-publish","4":"has-post-thumbnail","6":"product_cat-letecke-darky-ru","8":"first","9":"instock","10":"taxable","11":"shipping-taxable","12":"purchasable","13":"product-type-variable"},"yoast_head":"<title>\u0424\u0443\u0442\u0431\u043e\u043b\u043a\u0430 PILOT \u0436\u0435\u043d\u0441\u043a\u0430\u044f - BlueSkyAdventures<\/title>\n<meta name=\"robots\" content=\"index, follow, max-snippet:-1, max-image-preview:large, max-video-preview:-1\" \/>\n<link rel=\"canonical\" href=\"https:\/\/blueskyadventures.cz\/ru\/productoo\/tricko-pilot-damske-2\/\" \/>\n<meta property=\"og:locale\" content=\"ru_RU\" \/>\n<meta property=\"og:type\" content=\"article\" \/>\n<meta property=\"og:title\" content=\"\u0424\u0443\u0442\u0431\u043e\u043b\u043a\u0430 PILOT \u0436\u0435\u043d\u0441\u043a\u0430\u044f - BlueSkyAdventures\" \/>\n<meta property=\"og:description\" content=\"\u041d\u0435\u0432\u0430\u0436\u043d\u043e, \u0443\u043f\u0440\u0430\u0432\u043b\u044f\u0435\u0442\u0435 \u043b\u0438 \u0432\u044b \u0442\u0440\u0430\u043d\u0441\u043f\u043e\u0440\u0442\u043d\u044b\u043c\u00a0 \u0432\u043e\u0437\u0434\u0443\u0448\u043d\u044b\u043c \u0441\u0443\u0434\u043d\u043e\u043c \u0438\u043b\u0438 \u0441\u043f\u043e\u0440\u0442\u0438\u0432\u043d\u044b\u043c \u0441\u0430\u043c\u043e\u043b\u0451\u0442\u043e\u043c, \u0435\u0433\u043e \u043c\u043e\u0434\u0435\u043b\u044c\u044e \u0438\u043b\u0438 \u0441\u0438\u043c\u0443\u043b\u044f\u0442\u043e\u0440\u043e\u043c. \u0410\u0432\u0438\u0430\u0446\u0438\u044f \u0437\u0430\u043d\u0438\u043c\u0430\u0435\u0442 \u043d\u0435 \u043f\u043e\u0441\u043b\u0435\u0434\u043d\u0435\u0435 \u043c\u0435\u0441\u0442\u043e \u0432 \u0432\u0430\u0448\u0435\u043c \u0441\u0435\u0440\u0434\u0446\u0435. \u0414\u0430\u043d\u043d\u044b\u0439 \u043f\u0440\u043e\u0434\u0443\u043a\u0442 \u043f\u0440\u0435\u0434\u043e\u0441\u0442\u0430\u0432\u043b\u044f\u0435\u0442\u0441\u044f \u0432 \u043f\u043e\u0434\u0430\u0440\u043e\u0447\u043d\u043e\u0439 \u0443\u043f\u0430\u043a\u043e\u0432\u043a\u0435. \u0421\u043f\u0435\u0446\u0438\u0444\u0438\u043a\u0430\u0446\u0438\u044f: 200 \u0433\/\u043c, 100 % \u0445\u043b\u043e\u043f\u043e\u043a, Single Jersey, \u0441\u0438\u043b\u0438\u043a\u043e\u043d\u043e\u0432\u0430\u044f \u043e\u0431\u0440\u0430\u0431\u043e\u0442\u043a\u0430. \u0424\u0443\u0442\u0431\u043e\u043b\u043a\u0430 Unisex \u0441 \u043a\u043e\u0440\u043e\u0442\u043a\u0438\u043c \u0434\u0438\u0437\u0430\u0439\u043d\u043e\u043c \u0440\u0443\u043a\u0430\u0432\u0430 \u0438\u0437\u0433\u043e\u0442\u043e\u0432\u043b\u0435\u043d\u0430 \u0438\u0437 \u0445\u043b\u043e\u043f\u043a\u043e\u0432\u043e\u0433\u043e \u043c\u0430\u0442\u0435\u0440\u0438\u0430\u043b\u0430, \u043a\u043e\u0442\u043e\u0440\u044b\u0439 \u0431\u0435\u0437\u043e\u043f\u0430\u0441\u043d\u043e \u043e\u0442\u0432\u043e\u0434\u0438\u0442 \u043f\u043e\u0442 \u0438 \u043a\u0440\u0430\u0439\u043d\u0435 \u0443\u0434\u043e\u0431\u0435\u043d&hellip;\" \/>\n<meta property=\"og:url\" content=\"https:\/\/blueskyadventures.cz\/ru\/productoo\/tricko-pilot-damske-2\/\" \/>\n<meta property=\"og:site_name\" content=\"BlueSkyAdventures\" \/>\n<meta property=\"article:modified_time\" content=\"2024-10-24T11:42:21+00:00\" \/>\n<meta property=\"og:image\" content=\"https:\/\/blueskyadventures.cz\/assets\/uploads\/sites\/536\/2017\/07\/t-shirt_w_300x300.jpg\" \/>\n\t<meta property=\"og:image:width\" content=\"300\" \/>\n\t<meta property=\"og:image:height\" content=\"300\" \/>\n\t<meta property=\"og:image:type\" content=\"image\/jpeg\" \/>\n<meta name=\"twitter:card\" content=\"summary_large_image\" \/>\n<script type=\"application\/ld+json\" class=\"yoast-schema-graph\">{\"@context\":\"https:\/\/schema.org\",\"@graph\":[{\"@type\":\"WebPage\",\"@id\":\"https:\/\/blueskyadventures.cz\/ru\/productoo\/tricko-pilot-damske-2\/\",\"url\":\"https:\/\/blueskyadventures.cz\/ru\/productoo\/tricko-pilot-damske-2\/\",\"name\":\"\u0424\u0443\u0442\u0431\u043e\u043b\u043a\u0430 PILOT \u0436\u0435\u043d\u0441\u043a\u0430\u044f - BlueSkyAdventures\",\"isPartOf\":{\"@id\":\"https:\/\/blueskyadventures.cz\/ru\/#website\"},\"datePublished\":\"2017-09-21T12:21:17+00:00\",\"dateModified\":\"2024-10-24T11:42:21+00:00\",\"breadcrumb\":{\"@id\":\"https:\/\/blueskyadventures.cz\/ru\/productoo\/tricko-pilot-damske-2\/#breadcrumb\"},\"inLanguage\":\"ru-RU\",\"potentialAction\":[{\"@type\":\"ReadAction\",\"target\":[\"https:\/\/blueskyadventures.cz\/ru\/productoo\/tricko-pilot-damske-2\/\"]}]},{\"@type\":\"BreadcrumbList\",\"@id\":\"https:\/\/blueskyadventures.cz\/ru\/productoo\/tricko-pilot-damske-2\/#breadcrumb\",\"itemListElement\":[{\"@type\":\"ListItem\",\"position\":1,\"name\":\"\u0413\u043b\u0430\u0432\u043d\u0430\u044f \u0441\u0442\u0440\u0430\u043d\u0438\u0446\u0430\",\"item\":\"https:\/\/blueskyadventures.cz\/ru\/\"},{\"@type\":\"ListItem\",\"position\":2,\"name\":\"\u041c\u0430\u0433\u0430\u0437\u0438\u043d\",\"item\":\"https:\/\/blueskyadventures.cz\/ru\/%d0%bc%d0%b0%d0%b3%d0%b0%d0%b7%d0%b8%d0%bd\/\"},{\"@type\":\"ListItem\",\"position\":3,\"name\":\"\u0424\u0443\u0442\u0431\u043e\u043b\u043a\u0430 PILOT \u0436\u0435\u043d\u0441\u043a\u0430\u044f\"}]},{\"@type\":\"WebSite\",\"@id\":\"https:\/\/blueskyadventures.cz\/ru\/#website\",\"url\":\"https:\/\/blueskyadventures.cz\/ru\/\",\"name\":\"BlueSkyAdventures\",\"description\":\"Nejkr\u00e1sn\u011bj\u0161\u00ed vyhl\u00eddkov\u00e9 lety a leteck\u00e9 z\u00e1\u017eitky v \u010cech\u00e1ch\",\"potentialAction\":[{\"@type\":\"SearchAction\",\"target\":{\"@type\":\"EntryPoint\",\"urlTemplate\":\"https:\/\/blueskyadventures.cz\/ru\/?s={search_term_string}\"},\"query-input\":\"required name=search_term_string\"}],\"inLanguage\":\"ru-RU\"}]}<\/script>","yoast_head_json":{"title":"\u0424\u0443\u0442\u0431\u043e\u043b\u043a\u0430 PILOT \u0436\u0435\u043d\u0441\u043a\u0430\u044f - BlueSkyAdventures","robots":{"index":"index","follow":"follow","max-snippet":"max-snippet:-1","max-image-preview":"max-image-preview:large","max-video-preview":"max-video-preview:-1"},"canonical":"https:\/\/blueskyadventures.cz\/ru\/productoo\/tricko-pilot-damske-2\/","og_locale":"ru_RU","og_type":"article","og_title":"\u0424\u0443\u0442\u0431\u043e\u043b\u043a\u0430 PILOT \u0436\u0435\u043d\u0441\u043a\u0430\u044f - BlueSkyAdventures","og_description":"\u041d\u0435\u0432\u0430\u0436\u043d\u043e, \u0443\u043f\u0440\u0430\u0432\u043b\u044f\u0435\u0442\u0435 \u043b\u0438 \u0432\u044b \u0442\u0440\u0430\u043d\u0441\u043f\u043e\u0440\u0442\u043d\u044b\u043c\u00a0 \u0432\u043e\u0437\u0434\u0443\u0448\u043d\u044b\u043c \u0441\u0443\u0434\u043d\u043e\u043c \u0438\u043b\u0438 \u0441\u043f\u043e\u0440\u0442\u0438\u0432\u043d\u044b\u043c \u0441\u0430\u043c\u043e\u043b\u0451\u0442\u043e\u043c, \u0435\u0433\u043e \u043c\u043e\u0434\u0435\u043b\u044c\u044e \u0438\u043b\u0438 \u0441\u0438\u043c\u0443\u043b\u044f\u0442\u043e\u0440\u043e\u043c. \u0410\u0432\u0438\u0430\u0446\u0438\u044f \u0437\u0430\u043d\u0438\u043c\u0430\u0435\u0442 \u043d\u0435 \u043f\u043e\u0441\u043b\u0435\u0434\u043d\u0435\u0435 \u043c\u0435\u0441\u0442\u043e \u0432 \u0432\u0430\u0448\u0435\u043c \u0441\u0435\u0440\u0434\u0446\u0435. \u0414\u0430\u043d\u043d\u044b\u0439 \u043f\u0440\u043e\u0434\u0443\u043a\u0442 \u043f\u0440\u0435\u0434\u043e\u0441\u0442\u0430\u0432\u043b\u044f\u0435\u0442\u0441\u044f \u0432 \u043f\u043e\u0434\u0430\u0440\u043e\u0447\u043d\u043e\u0439 \u0443\u043f\u0430\u043a\u043e\u0432\u043a\u0435. \u0421\u043f\u0435\u0446\u0438\u0444\u0438\u043a\u0430\u0446\u0438\u044f: 200 \u0433\/\u043c, 100 % \u0445\u043b\u043e\u043f\u043e\u043a, Single Jersey, \u0441\u0438\u043b\u0438\u043a\u043e\u043d\u043e\u0432\u0430\u044f \u043e\u0431\u0440\u0430\u0431\u043e\u0442\u043a\u0430. \u0424\u0443\u0442\u0431\u043e\u043b\u043a\u0430 Unisex \u0441 \u043a\u043e\u0440\u043e\u0442\u043a\u0438\u043c \u0434\u0438\u0437\u0430\u0439\u043d\u043e\u043c \u0440\u0443\u043a\u0430\u0432\u0430 \u0438\u0437\u0433\u043e\u0442\u043e\u0432\u043b\u0435\u043d\u0430 \u0438\u0437 \u0445\u043b\u043e\u043f\u043a\u043e\u0432\u043e\u0433\u043e \u043c\u0430\u0442\u0435\u0440\u0438\u0430\u043b\u0430, \u043a\u043e\u0442\u043e\u0440\u044b\u0439 \u0431\u0435\u0437\u043e\u043f\u0430\u0441\u043d\u043e \u043e\u0442\u0432\u043e\u0434\u0438\u0442 \u043f\u043e\u0442 \u0438 \u043a\u0440\u0430\u0439\u043d\u0435 \u0443\u0434\u043e\u0431\u0435\u043d&hellip;","og_url":"https:\/\/blueskyadventures.cz\/ru\/productoo\/tricko-pilot-damske-2\/","og_site_name":"BlueSkyAdventures","article_modified_time":"2024-10-24T11:42:21+00:00","og_image":[{"width":300,"height":300,"url":"https:\/\/blueskyadventures.cz\/assets\/uploads\/sites\/536\/2017\/07\/t-shirt_w_300x300.jpg","type":"image\/jpeg"}],"twitter_card":"summary_large_image","schema":{"@context":"https:\/\/schema.org","@graph":[{"@type":"WebPage","@id":"https:\/\/blueskyadventures.cz\/ru\/productoo\/tricko-pilot-damske-2\/","url":"https:\/\/blueskyadventures.cz\/ru\/productoo\/tricko-pilot-damske-2\/","name":"\u0424\u0443\u0442\u0431\u043e\u043b\u043a\u0430 PILOT \u0436\u0435\u043d\u0441\u043a\u0430\u044f - BlueSkyAdventures","isPartOf":{"@id":"https:\/\/blueskyadventures.cz\/ru\/#website"},"datePublished":"2017-09-21T12:21:17+00:00","dateModified":"2024-10-24T11:42:21+00:00","breadcrumb":{"@id":"https:\/\/blueskyadventures.cz\/ru\/productoo\/tricko-pilot-damske-2\/#breadcrumb"},"inLanguage":"ru-RU","potentialAction":[{"@type":"ReadAction","target":["https:\/\/blueskyadventures.cz\/ru\/productoo\/tricko-pilot-damske-2\/"]}]},{"@type":"BreadcrumbList","@id":"https:\/\/blueskyadventures.cz\/ru\/productoo\/tricko-pilot-damske-2\/#breadcrumb","itemListElement":[{"@type":"ListItem","position":1,"name":"\u0413\u043b\u0430\u0432\u043d\u0430\u044f \u0441\u0442\u0440\u0430\u043d\u0438\u0446\u0430","item":"https:\/\/blueskyadventures.cz\/ru\/"},{"@type":"ListItem","position":2,"name":"\u041c\u0430\u0433\u0430\u0437\u0438\u043d","item":"https:\/\/blueskyadventures.cz\/ru\/%d0%bc%d0%b0%d0%b3%d0%b0%d0%b7%d0%b8%d0%bd\/"},{"@type":"ListItem","position":3,"name":"\u0424\u0443\u0442\u0431\u043e\u043b\u043a\u0430 PILOT \u0436\u0435\u043d\u0441\u043a\u0430\u044f"}]},{"@type":"WebSite","@id":"https:\/\/blueskyadventures.cz\/ru\/#website","url":"https:\/\/blueskyadventures.cz\/ru\/","name":"BlueSkyAdventures","description":"Nejkr\u00e1sn\u011bj\u0161\u00ed vyhl\u00eddkov\u00e9 lety a leteck\u00e9 z\u00e1\u017eitky v \u010cech\u00e1ch","potentialAction":[{"@type":"SearchAction","target":{"@type":"EntryPoint","urlTemplate":"https:\/\/blueskyadventures.cz\/ru\/?s={search_term_string}"},"query-input":"required name=search_term_string"}],"inLanguage":"ru-RU"}]}},"_links":{"self":[{"href":"https:\/\/blueskyadventures.cz\/ru\/wp-json\/wp\/v2\/product\/5652","targetHints":{"allow":["GET"]}}],"collection":[{"href":"https:\/\/blueskyadventures.cz\/ru\/wp-json\/wp\/v2\/product"}],"about":[{"href":"https:\/\/blueskyadventures.cz\/ru\/wp-json\/wp\/v2\/types\/product"}],"replies":[{"embeddable":true,"href":"https:\/\/blueskyadventures.cz\/ru\/wp-json\/wp\/v2\/comments?post=5652"}],"wp:featuredmedia":[{"embeddable":true,"href":"https:\/\/blueskyadventures.cz\/ru\/wp-json\/wp\/v2\/media\/4412"}],"wp:attachment":[{"href":"https:\/\/blueskyadventures.cz\/ru\/wp-json\/wp\/v2\/media?parent=5652"}],"wp:term":[{"taxonomy":"product_brand","embeddable":true,"href":"https:\/\/blueskyadventures.cz\/ru\/wp-json\/wp\/v2\/product_brand?post=5652"},{"taxonomy":"product_cat","embeddable":true,"href":"https:\/\/blueskyadventures.cz\/ru\/wp-json\/wp\/v2\/product_cat?post=5652"},{"taxonomy":"product_tag","embeddable":true,"href":"https:\/\/blueskyadventures.cz\/ru\/wp-json\/wp\/v2\/product_tag?post=5652"}],"curies":[{"name":"wp","href":"https:\/\/api.w.org\/{rel}","templated":true}]}}